{"id":12136,"date":"2025-03-28T20:52:47","date_gmt":"2025-03-28T20:52:47","guid":{"rendered":"http:\/\/zahradesertcamp.com\/product\/merzouga-desert-in-1-day-tour-4x4\/"},"modified":"2025-04-10T12:46:25","modified_gmt":"2025-04-10T12:46:25","slug":"tour-di-1-giorno-nel-deserto-di-merzouga-in-4x4","status":"publish","type":"product","link":"https:\/\/zahradesertcamp.com\/it\/prodotto\/tour-di-1-giorno-nel-deserto-di-merzouga-in-4x4\/","title":{"rendered":"Tour di 1 Giorno nel Deserto di Merzouga in 4&#215;4"},"content":{"rendered":"<h3 style=\"font-size: 35px;\">Panoramica:<\/h3>\n<p class=\"\" data-start=\"0\" data-end=\"204\"><strong data-start=\"0\" data-end=\"9\">Parti<\/strong> per un&#8217;indimenticabile avventura in 4&#215;4 attraverso lo splendido deserto di Merzouga. Vivi l&#8217;emozione attraversando le <strong data-start=\"128\" data-end=\"143\" data-is-only-node=\"\">dune dorate<\/strong>, immergendoti nei vasti e mutevoli paesaggi dell&#8217;Erg Chebbi.<\/p>\n<p class=\"\" data-start=\"206\" data-end=\"475\">Visita il <strong data-start=\"216\" data-end=\"253\">villaggio tradizionale di Khamlia<\/strong> per immergerti nei ritmi della <strong data-start=\"285\" data-end=\"301\">musica Gnawa<\/strong>, esplora le storiche <strong data-start=\"323\" data-end=\"353\">miniere di piombo di Mefes<\/strong> e incontra le <strong data-start=\"368\" data-end=\"387\">comunit\u00e0 nomadi<\/strong> prima di rilassarti nei tranquilli <strong data-start=\"423\" data-end=\"474\">giardini dell&#8217;accampamento nel deserto di Zahra<\/strong>.<\/p>\n<p>[icon name=&#8221;map-location-dot&#8221; prefix=&#8221;fas&#8221; class=&#8221;custom-bed-icon fa-xs&#8221;]\u00a0 <strong>Punto di partenza<\/strong>: dal villaggio di Merzouga (il tuo alloggio)<\/p>\n<p>[icon name=&#8221;map-location&#8221; prefix=&#8221;fas&#8221; class=&#8221;custom-bed-icon fa-xs&#8221;]\u00a0 <strong>Luogo di arrivo<\/strong>: Stesso punto di partenza<\/p>\n<h3 style=\"font-size: 35px;\">Punti salienti:<\/h3>\n<ul>\n<li>Avventura fuoristrada &#8211; esplora gli spettacolari paesaggi desertici di Merzouga a bordo di un fuoristrada 4&#215;4.<\/li>\n<li>Esperienza culturale &#8211; goditi la musica Gnawa dal vivo nel villaggio di Khamlia.<\/li>\n<li>Esplorazione storica &#8211; visita le antiche miniere di piombo di Mefes.<\/li>\n<li>Incontri con i nomadi &#8211; incontra i nomadi del deserto e scopri il loro stile di vita.<\/li>\n<li>Relax panoramico &#8211; rilassati nei sereni giardini dell&#8217;accampamento nel deserto di Zahra.<\/li>\n<\/ul>\n<p><strong style=\"font-size: 35px;\">Cosa portare:<\/strong><\/p>\n<ul>\n<li>Cappello e crema solare &#8211; proteggiti dal sole del deserto.<\/li>\n<li>Occhiali da sole &#8211; essenziali per proteggere gli occhi da sabbia e riflessi.<\/li>\n<li>Fotocamera &#8211; immortala paesaggi desertici mozzafiato e momenti culturali.<\/li>\n<li>Scarpe comode &#8211; ideali per camminare nel deserto.<\/li>\n<li>Borraccia &#8211; idratati durante il viaggio.<\/li>\n<\/ul>\n<p><strong style=\"font-size: 35px;\">Da sapere prima di partire:<\/strong><\/p>\n<ul>\n<li>Non \u00e8 richiesta alcuna esperienza pregressa e il tour \u00e8 adatto a tutte le et\u00e0.<\/li>\n<li>Preparatevi alle variazioni di temperatura tra mattina, pomeriggio e sera.<\/li>\n<\/ul>\n","protected":false},"excerpt":{"rendered":"<p>Panoramica: Parti per un&#8217;indimenticabile avventura in 4&#215;4 attraverso lo splendido deserto di Merzouga. Vivi l&#8217;emozione attraversando le dune dorate, immergendoti nei vasti e mutevoli paesaggi dell&#8217;Erg Chebbi. Visita il villaggio tradizionale di Khamlia per immergerti nei ritmi della musica Gnawa, esplora le storiche miniere di piombo di Mefes e incontra le comunit\u00e0 nomadi prima di [&hellip;]<\/p>\n","protected":false},"featured_media":11502,"comment_status":"open","ping_status":"closed","template":"","meta":[],"product_brand":[],"product_cat":[88],"product_tag":[],"class_list":{"0":"post-12136","1":"product","2":"type-product","3":"status-publish","4":"has-post-thumbnail","6":"product_cat-activities-it","8":"first","9":"instock","10":"shipping-taxable","11":"product-type-ovabrw_car_rental"},"yoast_head":"<!-- This site is optimized with the Yoast SEO Premium plugin v25.0 (Yoast SEO v25.0) - https:\/\/yoast.com\/wordpress\/plugins\/seo\/ -->\n<title>Tour di 1 Giorno nel Deserto di Merzouga in 4x4 - zahradesertcamp<\/title>\n<meta name=\"robots\" content=\"index, follow, max-snippet:-1, max-image-preview:large, max-video-preview:-1\" \/>\n<link rel=\"canonical\" href=\"https:\/\/zahradesertcamp.com\/it\/prodotto\/tour-di-1-giorno-nel-deserto-di-merzouga-in-4x4\/\" \/>\n<meta property=\"og:locale\" content=\"it_IT\" \/>\n<meta property=\"og:type\" content=\"article\" \/>\n<meta property=\"og:title\" content=\"Tour di 1 Giorno nel Deserto di Merzouga in 4x4\" \/>\n<meta property=\"og:description\" content=\"Panoramica: Parti per un&#8217;indimenticabile avventura in 4&#215;4 attraverso lo splendido deserto di Merzouga. Vivi l&#8217;emozione attraversando le dune dorate, immergendoti nei vasti e mutevoli paesaggi dell&#8217;Erg Chebbi. Visita il villaggio tradizionale di Khamlia per immergerti nei ritmi della musica Gnawa, esplora le storiche miniere di piombo di Mefes e incontra le comunit\u00e0 nomadi prima di [&hellip;]\" \/>\n<meta property=\"og:url\" content=\"https:\/\/zahradesertcamp.com\/it\/prodotto\/tour-di-1-giorno-nel-deserto-di-merzouga-in-4x4\/\" \/>\n<meta property=\"og:site_name\" content=\"zahradesertcamp\" \/>\n<meta property=\"article:modified_time\" content=\"2025-04-10T12:46:25+00:00\" \/>\n<meta property=\"og:image\" content=\"https:\/\/zahradesertcamp.com\/wp-content\/uploads\/2025\/03\/1-14.webp\" \/>\n\t<meta property=\"og:image:width\" content=\"2500\" \/>\n\t<meta property=\"og:image:height\" content=\"1406\" \/>\n\t<meta property=\"og:image:type\" content=\"image\/webp\" \/>\n<meta name=\"twitter:card\" content=\"summary_large_image\" \/>\n<meta name=\"twitter:label1\" content=\"Tempo di lettura stimato\" \/>\n\t<meta name=\"twitter:data1\" content=\"1 minuto\" \/>\n<script type=\"application\/ld+json\" class=\"yoast-schema-graph\">{\"@context\":\"https:\/\/schema.org\",\"@graph\":[{\"@type\":\"WebPage\",\"@id\":\"https:\/\/zahradesertcamp.com\/it\/prodotto\/tour-di-1-giorno-nel-deserto-di-merzouga-in-4x4\/\",\"url\":\"https:\/\/zahradesertcamp.com\/it\/prodotto\/tour-di-1-giorno-nel-deserto-di-merzouga-in-4x4\/\",\"name\":\"Tour di 1 Giorno nel Deserto di Merzouga in 4x4 - zahradesertcamp\",\"isPartOf\":{\"@id\":\"https:\/\/zahradesertcamp.com\/it\/#website\"},\"primaryImageOfPage\":{\"@id\":\"https:\/\/zahradesertcamp.com\/it\/prodotto\/tour-di-1-giorno-nel-deserto-di-merzouga-in-4x4\/#primaryimage\"},\"image\":{\"@id\":\"https:\/\/zahradesertcamp.com\/it\/prodotto\/tour-di-1-giorno-nel-deserto-di-merzouga-in-4x4\/#primaryimage\"},\"thumbnailUrl\":\"https:\/\/zahradesertcamp.com\/wp-content\/uploads\/2025\/03\/1-14.webp\",\"datePublished\":\"2025-03-28T20:52:47+00:00\",\"dateModified\":\"2025-04-10T12:46:25+00:00\",\"breadcrumb\":{\"@id\":\"https:\/\/zahradesertcamp.com\/it\/prodotto\/tour-di-1-giorno-nel-deserto-di-merzouga-in-4x4\/#breadcrumb\"},\"inLanguage\":\"it-IT\",\"potentialAction\":[{\"@type\":\"ReadAction\",\"target\":[\"https:\/\/zahradesertcamp.com\/it\/prodotto\/tour-di-1-giorno-nel-deserto-di-merzouga-in-4x4\/\"]}]},{\"@type\":\"ImageObject\",\"inLanguage\":\"it-IT\",\"@id\":\"https:\/\/zahradesertcamp.com\/it\/prodotto\/tour-di-1-giorno-nel-deserto-di-merzouga-in-4x4\/#primaryimage\",\"url\":\"https:\/\/zahradesertcamp.com\/wp-content\/uploads\/2025\/03\/1-14.webp\",\"contentUrl\":\"https:\/\/zahradesertcamp.com\/wp-content\/uploads\/2025\/03\/1-14.webp\",\"width\":2500,\"height\":1406},{\"@type\":\"BreadcrumbList\",\"@id\":\"https:\/\/zahradesertcamp.com\/it\/prodotto\/tour-di-1-giorno-nel-deserto-di-merzouga-in-4x4\/#breadcrumb\",\"itemListElement\":[{\"@type\":\"ListItem\",\"position\":1,\"name\":\"Home\",\"item\":\"https:\/\/zahradesertcamp.com\/it\/\"},{\"@type\":\"ListItem\",\"position\":2,\"name\":\"Negozio\",\"item\":\"https:\/\/zahradesertcamp.com\/it\/negozio\/\"},{\"@type\":\"ListItem\",\"position\":3,\"name\":\"Tour di 1 Giorno nel Deserto di Merzouga in 4&#215;4\"}]},{\"@type\":\"WebSite\",\"@id\":\"https:\/\/zahradesertcamp.com\/it\/#website\",\"url\":\"https:\/\/zahradesertcamp.com\/it\/\",\"name\":\"zahradesertcamp\",\"description\":\"\",\"potentialAction\":[{\"@type\":\"SearchAction\",\"target\":{\"@type\":\"EntryPoint\",\"urlTemplate\":\"https:\/\/zahradesertcamp.com\/it\/?s={search_term_string}\"},\"query-input\":{\"@type\":\"PropertyValueSpecification\",\"valueRequired\":true,\"valueName\":\"search_term_string\"}}],\"inLanguage\":\"it-IT\"}]}<\/script>\n<!-- \/ Yoast SEO Premium plugin. -->","yoast_head_json":{"title":"Tour di 1 Giorno nel Deserto di Merzouga in 4x4 - zahradesertcamp","robots":{"index":"index","follow":"follow","max-snippet":"max-snippet:-1","max-image-preview":"max-image-preview:large","max-video-preview":"max-video-preview:-1"},"canonical":"https:\/\/zahradesertcamp.com\/it\/prodotto\/tour-di-1-giorno-nel-deserto-di-merzouga-in-4x4\/","og_locale":"it_IT","og_type":"article","og_title":"Tour di 1 Giorno nel Deserto di Merzouga in 4x4","og_description":"Panoramica: Parti per un&#8217;indimenticabile avventura in 4&#215;4 attraverso lo splendido deserto di Merzouga. Vivi l&#8217;emozione attraversando le dune dorate, immergendoti nei vasti e mutevoli paesaggi dell&#8217;Erg Chebbi. Visita il villaggio tradizionale di Khamlia per immergerti nei ritmi della musica Gnawa, esplora le storiche miniere di piombo di Mefes e incontra le comunit\u00e0 nomadi prima di [&hellip;]","og_url":"https:\/\/zahradesertcamp.com\/it\/prodotto\/tour-di-1-giorno-nel-deserto-di-merzouga-in-4x4\/","og_site_name":"zahradesertcamp","article_modified_time":"2025-04-10T12:46:25+00:00","og_image":[{"width":2500,"height":1406,"url":"https:\/\/zahradesertcamp.com\/wp-content\/uploads\/2025\/03\/1-14.webp","type":"image\/webp"}],"twitter_card":"summary_large_image","twitter_misc":{"Tempo di lettura stimato":"1 minuto"},"schema":{"@context":"https:\/\/schema.org","@graph":[{"@type":"WebPage","@id":"https:\/\/zahradesertcamp.com\/it\/prodotto\/tour-di-1-giorno-nel-deserto-di-merzouga-in-4x4\/","url":"https:\/\/zahradesertcamp.com\/it\/prodotto\/tour-di-1-giorno-nel-deserto-di-merzouga-in-4x4\/","name":"Tour di 1 Giorno nel Deserto di Merzouga in 4x4 - zahradesertcamp","isPartOf":{"@id":"https:\/\/zahradesertcamp.com\/it\/#website"},"primaryImageOfPage":{"@id":"https:\/\/zahradesertcamp.com\/it\/prodotto\/tour-di-1-giorno-nel-deserto-di-merzouga-in-4x4\/#primaryimage"},"image":{"@id":"https:\/\/zahradesertcamp.com\/it\/prodotto\/tour-di-1-giorno-nel-deserto-di-merzouga-in-4x4\/#primaryimage"},"thumbnailUrl":"https:\/\/zahradesertcamp.com\/wp-content\/uploads\/2025\/03\/1-14.webp","datePublished":"2025-03-28T20:52:47+00:00","dateModified":"2025-04-10T12:46:25+00:00","breadcrumb":{"@id":"https:\/\/zahradesertcamp.com\/it\/prodotto\/tour-di-1-giorno-nel-deserto-di-merzouga-in-4x4\/#breadcrumb"},"inLanguage":"it-IT","potentialAction":[{"@type":"ReadAction","target":["https:\/\/zahradesertcamp.com\/it\/prodotto\/tour-di-1-giorno-nel-deserto-di-merzouga-in-4x4\/"]}]},{"@type":"ImageObject","inLanguage":"it-IT","@id":"https:\/\/zahradesertcamp.com\/it\/prodotto\/tour-di-1-giorno-nel-deserto-di-merzouga-in-4x4\/#primaryimage","url":"https:\/\/zahradesertcamp.com\/wp-content\/uploads\/2025\/03\/1-14.webp","contentUrl":"https:\/\/zahradesertcamp.com\/wp-content\/uploads\/2025\/03\/1-14.webp","width":2500,"height":1406},{"@type":"BreadcrumbList","@id":"https:\/\/zahradesertcamp.com\/it\/prodotto\/tour-di-1-giorno-nel-deserto-di-merzouga-in-4x4\/#breadcrumb","itemListElement":[{"@type":"ListItem","position":1,"name":"Home","item":"https:\/\/zahradesertcamp.com\/it\/"},{"@type":"ListItem","position":2,"name":"Negozio","item":"https:\/\/zahradesertcamp.com\/it\/negozio\/"},{"@type":"ListItem","position":3,"name":"Tour di 1 Giorno nel Deserto di Merzouga in 4&#215;4"}]},{"@type":"WebSite","@id":"https:\/\/zahradesertcamp.com\/it\/#website","url":"https:\/\/zahradesertcamp.com\/it\/","name":"zahradesertcamp","description":"","potentialAction":[{"@type":"SearchAction","target":{"@type":"EntryPoint","urlTemplate":"https:\/\/zahradesertcamp.com\/it\/?s={search_term_string}"},"query-input":{"@type":"PropertyValueSpecification","valueRequired":true,"valueName":"search_term_string"}}],"inLanguage":"it-IT"}]}},"_links":{"self":[{"href":"https:\/\/zahradesertcamp.com\/it\/wp-json\/wp\/v2\/product\/12136","targetHints":{"allow":["GET"]}}],"collection":[{"href":"https:\/\/zahradesertcamp.com\/it\/wp-json\/wp\/v2\/product"}],"about":[{"href":"https:\/\/zahradesertcamp.com\/it\/wp-json\/wp\/v2\/types\/product"}],"replies":[{"embeddable":true,"href":"https:\/\/zahradesertcamp.com\/it\/wp-json\/wp\/v2\/comments?post=12136"}],"wp:featuredmedia":[{"embeddable":true,"href":"https:\/\/zahradesertcamp.com\/it\/wp-json\/wp\/v2\/media\/11502"}],"wp:attachment":[{"href":"https:\/\/zahradesertcamp.com\/it\/wp-json\/wp\/v2\/media?parent=12136"}],"wp:term":[{"taxonomy":"product_brand","embeddable":true,"href":"https:\/\/zahradesertcamp.com\/it\/wp-json\/wp\/v2\/product_brand?post=12136"},{"taxonomy":"product_cat","embeddable":true,"href":"https:\/\/zahradesertcamp.com\/it\/wp-json\/wp\/v2\/product_cat?post=12136"},{"taxonomy":"product_tag","embeddable":true,"href":"https:\/\/zahradesertcamp.com\/it\/wp-json\/wp\/v2\/product_tag?post=12136"}],"curies":[{"name":"wp","href":"https:\/\/api.w.org\/{rel}","templated":true}]}}