{"id":11829,"date":"2025-03-28T00:49:36","date_gmt":"2025-03-28T00:49:36","guid":{"rendered":"http:\/\/zahradesertcamp.com\/product\/twin-luxury-tent\/"},"modified":"2025-04-09T10:36:16","modified_gmt":"2025-04-09T10:36:16","slug":"tienda-de-campana-doble-de-lujo","status":"publish","type":"product","link":"https:\/\/zahradesertcamp.com\/es\/producto\/tienda-de-campana-doble-de-lujo\/","title":{"rendered":"Tienda de campa\u00f1a doble de lujo"},"content":{"rendered":"<h3 style=\"font-size: 35px;\">Descripci\u00f3n general:<\/h3>\n<p class=\"\" data-start=\"66\" data-end=\"396\">Esta tienda cuenta con <strong data-start=\"89\" data-end=\"120\">dos c\u00f3modas camas separadas<\/strong> y <strong data-start=\"123\" data-end=\"152\">una peque\u00f1a zona de estar<\/strong> en la esquina. Cuenta con <strong data-start=\"179\" data-end=\"202\">ducha y WC privados<\/strong> con <strong data-start=\"207\" data-end=\"224\">agua caliente<\/strong> y <strong data-start=\"227\" data-end=\"243\">electricidad<\/strong> para <strong data-start=\"249\" data-end=\"268\">mayor comodidad<\/strong>. Dise\u00f1ada para <strong data-start=\"284\" data-end=\"330\">viajeros que prefieren dormir por separado<\/strong>, ofrece <strong data-start=\"339\" data-end=\"365\">una estancia acogedora<\/strong> y <strong data-start=\"368\" data-end=\"395\">pr\u00e1ctica en el desierto<\/strong>.<\/p>\n<p class=\"\" data-start=\"398\" data-end=\"656\">Perfecta para <strong data-start=\"412\" data-end=\"424\">hermanos<\/strong>, <strong data-start=\"426\" data-end=\"436\">amigos<\/strong> o <strong data-start=\"439\" data-end=\"462\">compa\u00f1eros de viaje<\/strong>, esta tienda ofrece <strong data-start=\"483\" data-end=\"497\">privacidad<\/strong> y <strong data-start=\"500\" data-end=\"513\">comodidad<\/strong>. Disfrute de <strong data-start=\"527\" data-end=\"551\">comodidades modernas<\/strong> mientras se sumerge en <strong data-start=\"575\" data-end=\"607\">la serena belleza del Sahara<\/strong>, <strong data-start=\"609\" data-end=\"655\">una experiencia inolvidable en el desierto<\/strong>.<\/p>\n<p data-start=\"388\" data-end=\"661\">[icon name=\u00bbbed\u00bb prefix=\u00bbfas\u00bb class=\u00bbcustom-bed-icon fa-xs\u00bb]\u00a0 <strong>Cama<\/strong><strong>\u00a0:<\/strong> 2 camas separadas<\/p>\n<p data-start=\"388\" data-end=\"661\">[icon name=\u00bbshower\u00bb prefix=\u00bbfas\u00bb class=\u00bbcustom-bed-icon\u00bb]\u00a0 <strong>Ba\u00f1o<\/strong><b>\u00a0:<\/b> Ba\u00f1o privado y ducha \/ agua fr\u00eda y caliente<\/p>\n<p data-start=\"388\" data-end=\"661\">[icon name=\u00bbtent\u00bb prefix=\u00bbfas\u00bb class=\u00bbcustom-bed-icon\u00bb]\u00a0 <strong>Tama\u00f1o<\/strong><strong>\u00a0:<\/strong> 24 m\u00b2<\/p>\n<p data-start=\"388\" data-end=\"661\">[icon name=\u00bbusers\u00bb prefix=\u00bbfas\u00bb class=\u00bbcustom-bed-icon\u00bb]\u00a0 <strong>Adecuado para<\/strong><strong>\u00a0: <\/strong>2 personas<\/p>\n<p data-start=\"388\" data-end=\"661\">[icon name=\u00bblightbulb\u00bb prefix=\u00bbfas\u00bb class=\u00bbcustom-bed-icon\u00bb]\u00a0 <strong>Caracter\u00edsticas<\/strong><strong> : <\/strong>Electricidad<\/p>\n<p>&nbsp;<\/p>\n<h3 style=\"font-size: 35px;\">Aspectos destacados de la tienda de lujo individual:<\/h3>\n<ul>\n<li>Dos camas individuales \u2013 dos camas separadas para un sue\u00f1o reparador.<\/li>\n<li>Ba\u00f1o privado \u2013 equipado con ducha, inodoro, agua caliente y electricidad.<\/li>\n<li>Ideal para acompa\u00f1antes \u2013 perfecto para hermanos, amigos o compa\u00f1eros de viaje.<\/li>\n<li>Aut\u00e9ntica estancia en el desierto \u2013 una combinaci\u00f3n de encanto tradicional y confort moderno.<\/li>\n<li>Impresionantes vistas \u2013 despierte con impresionantes paisajes des\u00e9rticos.<\/li>\n<\/ul>\n<p>&nbsp;<\/p>\n<h3 style=\"font-size: 35px;\">Experiencia \u00fanica:<\/h3>\n<p><strong data-start=\"66\" data-end=\"116\">Al\u00f3jese en una tienda de campa\u00f1a de lujo doble<\/strong>, dise\u00f1ada para <strong data-start=\"132\" data-end=\"165\">viajeros que buscan comodidad<\/strong> y <strong data-start=\"168\" data-end=\"179\">espacio<\/strong> mientras <strong data-start=\"189\" data-end=\"230\">comparten una aventura en el desierto<\/strong>. Ya sea que viaje con <strong data-start=\"253\" data-end=\"267\" data-is-only-node=\"\">un hermano<\/strong> o <strong data-start=\"270\" data-end=\"290\">un amigo cercano<\/strong>, esta tienda ofrece <strong data-start=\"311\" data-end=\"352\">la combinaci\u00f3n perfecta de privacidad<\/strong>, <strong data-start=\"354\" data-end=\"368\">relajaci\u00f3n<\/strong> y <strong data-start=\"371\" data-end=\"411\">una aut\u00e9ntica experiencia del Sahara<\/strong> bajo <strong data-start=\"417\" data-end=\"440\">el cielo estrellado<\/strong>.<\/p>\n","protected":false},"excerpt":{"rendered":"<p>Esta tienda de campa\u00f1a contiene 2 camas c\u00f3modas separadas.<\/p>\n","protected":false},"featured_media":11375,"comment_status":"open","ping_status":"closed","template":"","meta":[],"product_brand":[],"product_cat":[85],"product_tag":[],"class_list":{"0":"post-11829","1":"product","2":"type-product","3":"status-publish","4":"has-post-thumbnail","6":"product_cat-tents-es","8":"first","9":"instock","10":"shipping-taxable","11":"product-type-ovabrw_car_rental"},"yoast_head":"<!-- This site is optimized with the Yoast SEO Premium plugin v25.0 (Yoast SEO v25.0) - https:\/\/yoast.com\/wordpress\/plugins\/seo\/ -->\n<title>Tienda de campa\u00f1a doble de lujo - zahradesertcamp<\/title>\n<meta name=\"robots\" content=\"index, follow, max-snippet:-1, max-image-preview:large, max-video-preview:-1\" \/>\n<link rel=\"canonical\" href=\"https:\/\/zahradesertcamp.com\/es\/producto\/tienda-de-campana-doble-de-lujo\/\" \/>\n<meta property=\"og:locale\" content=\"es_ES\" \/>\n<meta property=\"og:type\" content=\"article\" \/>\n<meta property=\"og:title\" content=\"Tienda de campa\u00f1a doble de lujo\" \/>\n<meta property=\"og:description\" content=\"Esta tienda de campa\u00f1a contiene 2 camas c\u00f3modas separadas.\" \/>\n<meta property=\"og:url\" content=\"https:\/\/zahradesertcamp.com\/es\/producto\/tienda-de-campana-doble-de-lujo\/\" \/>\n<meta property=\"og:site_name\" content=\"zahradesertcamp\" \/>\n<meta property=\"article:modified_time\" content=\"2025-04-09T10:36:16+00:00\" \/>\n<meta property=\"og:image\" content=\"https:\/\/zahradesertcamp.com\/wp-content\/uploads\/2025\/03\/3-9.webp\" \/>\n\t<meta property=\"og:image:width\" content=\"2500\" \/>\n\t<meta property=\"og:image:height\" content=\"1406\" \/>\n\t<meta property=\"og:image:type\" content=\"image\/webp\" \/>\n<meta name=\"twitter:card\" content=\"summary_large_image\" \/>\n<meta name=\"twitter:label1\" content=\"Tiempo de lectura\" \/>\n\t<meta name=\"twitter:data1\" content=\"1 minuto\" \/>\n<script type=\"application\/ld+json\" class=\"yoast-schema-graph\">{\"@context\":\"https:\/\/schema.org\",\"@graph\":[{\"@type\":\"WebPage\",\"@id\":\"https:\/\/zahradesertcamp.com\/es\/producto\/tienda-de-campana-doble-de-lujo\/\",\"url\":\"https:\/\/zahradesertcamp.com\/es\/producto\/tienda-de-campana-doble-de-lujo\/\",\"name\":\"Tienda de campa\u00f1a doble de lujo - zahradesertcamp\",\"isPartOf\":{\"@id\":\"https:\/\/zahradesertcamp.com\/es\/#website\"},\"primaryImageOfPage\":{\"@id\":\"https:\/\/zahradesertcamp.com\/es\/producto\/tienda-de-campana-doble-de-lujo\/#primaryimage\"},\"image\":{\"@id\":\"https:\/\/zahradesertcamp.com\/es\/producto\/tienda-de-campana-doble-de-lujo\/#primaryimage\"},\"thumbnailUrl\":\"https:\/\/zahradesertcamp.com\/wp-content\/uploads\/2025\/03\/3-9.webp\",\"datePublished\":\"2025-03-28T00:49:36+00:00\",\"dateModified\":\"2025-04-09T10:36:16+00:00\",\"breadcrumb\":{\"@id\":\"https:\/\/zahradesertcamp.com\/es\/producto\/tienda-de-campana-doble-de-lujo\/#breadcrumb\"},\"inLanguage\":\"es\",\"potentialAction\":[{\"@type\":\"ReadAction\",\"target\":[\"https:\/\/zahradesertcamp.com\/es\/producto\/tienda-de-campana-doble-de-lujo\/\"]}]},{\"@type\":\"ImageObject\",\"inLanguage\":\"es\",\"@id\":\"https:\/\/zahradesertcamp.com\/es\/producto\/tienda-de-campana-doble-de-lujo\/#primaryimage\",\"url\":\"https:\/\/zahradesertcamp.com\/wp-content\/uploads\/2025\/03\/3-9.webp\",\"contentUrl\":\"https:\/\/zahradesertcamp.com\/wp-content\/uploads\/2025\/03\/3-9.webp\",\"width\":2500,\"height\":1406},{\"@type\":\"BreadcrumbList\",\"@id\":\"https:\/\/zahradesertcamp.com\/es\/producto\/tienda-de-campana-doble-de-lujo\/#breadcrumb\",\"itemListElement\":[{\"@type\":\"ListItem\",\"position\":1,\"name\":\"Home\",\"item\":\"https:\/\/zahradesertcamp.com\/es\/\"},{\"@type\":\"ListItem\",\"position\":2,\"name\":\"Tienda\",\"item\":\"https:\/\/zahradesertcamp.com\/es\/tienda\/\"},{\"@type\":\"ListItem\",\"position\":3,\"name\":\"Tienda de campa\u00f1a doble de lujo\"}]},{\"@type\":\"WebSite\",\"@id\":\"https:\/\/zahradesertcamp.com\/es\/#website\",\"url\":\"https:\/\/zahradesertcamp.com\/es\/\",\"name\":\"zahradesertcamp\",\"description\":\"\",\"potentialAction\":[{\"@type\":\"SearchAction\",\"target\":{\"@type\":\"EntryPoint\",\"urlTemplate\":\"https:\/\/zahradesertcamp.com\/es\/?s={search_term_string}\"},\"query-input\":{\"@type\":\"PropertyValueSpecification\",\"valueRequired\":true,\"valueName\":\"search_term_string\"}}],\"inLanguage\":\"es\"}]}<\/script>\n<!-- \/ Yoast SEO Premium plugin. -->","yoast_head_json":{"title":"Tienda de campa\u00f1a doble de lujo - zahradesertcamp","robots":{"index":"index","follow":"follow","max-snippet":"max-snippet:-1","max-image-preview":"max-image-preview:large","max-video-preview":"max-video-preview:-1"},"canonical":"https:\/\/zahradesertcamp.com\/es\/producto\/tienda-de-campana-doble-de-lujo\/","og_locale":"es_ES","og_type":"article","og_title":"Tienda de campa\u00f1a doble de lujo","og_description":"Esta tienda de campa\u00f1a contiene 2 camas c\u00f3modas separadas.","og_url":"https:\/\/zahradesertcamp.com\/es\/producto\/tienda-de-campana-doble-de-lujo\/","og_site_name":"zahradesertcamp","article_modified_time":"2025-04-09T10:36:16+00:00","og_image":[{"width":2500,"height":1406,"url":"https:\/\/zahradesertcamp.com\/wp-content\/uploads\/2025\/03\/3-9.webp","type":"image\/webp"}],"twitter_card":"summary_large_image","twitter_misc":{"Tiempo de lectura":"1 minuto"},"schema":{"@context":"https:\/\/schema.org","@graph":[{"@type":"WebPage","@id":"https:\/\/zahradesertcamp.com\/es\/producto\/tienda-de-campana-doble-de-lujo\/","url":"https:\/\/zahradesertcamp.com\/es\/producto\/tienda-de-campana-doble-de-lujo\/","name":"Tienda de campa\u00f1a doble de lujo - zahradesertcamp","isPartOf":{"@id":"https:\/\/zahradesertcamp.com\/es\/#website"},"primaryImageOfPage":{"@id":"https:\/\/zahradesertcamp.com\/es\/producto\/tienda-de-campana-doble-de-lujo\/#primaryimage"},"image":{"@id":"https:\/\/zahradesertcamp.com\/es\/producto\/tienda-de-campana-doble-de-lujo\/#primaryimage"},"thumbnailUrl":"https:\/\/zahradesertcamp.com\/wp-content\/uploads\/2025\/03\/3-9.webp","datePublished":"2025-03-28T00:49:36+00:00","dateModified":"2025-04-09T10:36:16+00:00","breadcrumb":{"@id":"https:\/\/zahradesertcamp.com\/es\/producto\/tienda-de-campana-doble-de-lujo\/#breadcrumb"},"inLanguage":"es","potentialAction":[{"@type":"ReadAction","target":["https:\/\/zahradesertcamp.com\/es\/producto\/tienda-de-campana-doble-de-lujo\/"]}]},{"@type":"ImageObject","inLanguage":"es","@id":"https:\/\/zahradesertcamp.com\/es\/producto\/tienda-de-campana-doble-de-lujo\/#primaryimage","url":"https:\/\/zahradesertcamp.com\/wp-content\/uploads\/2025\/03\/3-9.webp","contentUrl":"https:\/\/zahradesertcamp.com\/wp-content\/uploads\/2025\/03\/3-9.webp","width":2500,"height":1406},{"@type":"BreadcrumbList","@id":"https:\/\/zahradesertcamp.com\/es\/producto\/tienda-de-campana-doble-de-lujo\/#breadcrumb","itemListElement":[{"@type":"ListItem","position":1,"name":"Home","item":"https:\/\/zahradesertcamp.com\/es\/"},{"@type":"ListItem","position":2,"name":"Tienda","item":"https:\/\/zahradesertcamp.com\/es\/tienda\/"},{"@type":"ListItem","position":3,"name":"Tienda de campa\u00f1a doble de lujo"}]},{"@type":"WebSite","@id":"https:\/\/zahradesertcamp.com\/es\/#website","url":"https:\/\/zahradesertcamp.com\/es\/","name":"zahradesertcamp","description":"","potentialAction":[{"@type":"SearchAction","target":{"@type":"EntryPoint","urlTemplate":"https:\/\/zahradesertcamp.com\/es\/?s={search_term_string}"},"query-input":{"@type":"PropertyValueSpecification","valueRequired":true,"valueName":"search_term_string"}}],"inLanguage":"es"}]}},"_links":{"self":[{"href":"https:\/\/zahradesertcamp.com\/es\/wp-json\/wp\/v2\/product\/11829","targetHints":{"allow":["GET"]}}],"collection":[{"href":"https:\/\/zahradesertcamp.com\/es\/wp-json\/wp\/v2\/product"}],"about":[{"href":"https:\/\/zahradesertcamp.com\/es\/wp-json\/wp\/v2\/types\/product"}],"replies":[{"embeddable":true,"href":"https:\/\/zahradesertcamp.com\/es\/wp-json\/wp\/v2\/comments?post=11829"}],"wp:featuredmedia":[{"embeddable":true,"href":"https:\/\/zahradesertcamp.com\/es\/wp-json\/wp\/v2\/media\/11375"}],"wp:attachment":[{"href":"https:\/\/zahradesertcamp.com\/es\/wp-json\/wp\/v2\/media?parent=11829"}],"wp:term":[{"taxonomy":"product_brand","embeddable":true,"href":"https:\/\/zahradesertcamp.com\/es\/wp-json\/wp\/v2\/product_brand?post=11829"},{"taxonomy":"product_cat","embeddable":true,"href":"https:\/\/zahradesertcamp.com\/es\/wp-json\/wp\/v2\/product_cat?post=11829"},{"taxonomy":"product_tag","embeddable":true,"href":"https:\/\/zahradesertcamp.com\/es\/wp-json\/wp\/v2\/product_tag?post=11829"}],"curies":[{"name":"wp","href":"https:\/\/api.w.org\/{rel}","templated":true}]}}