{"id":11825,"date":"2025-03-28T01:43:27","date_gmt":"2025-03-28T01:43:27","guid":{"rendered":"http:\/\/zahradesertcamp.com\/product\/quadruple-luxury-tent\/"},"modified":"2025-04-09T10:20:59","modified_gmt":"2025-04-09T10:20:59","slug":"tienda-de-lujo-cuadruple","status":"publish","type":"product","link":"https:\/\/zahradesertcamp.com\/es\/producto\/tienda-de-lujo-cuadruple\/","title":{"rendered":"Tienda de Lujo Cu\u00e1druple"},"content":{"rendered":"<h3 style=\"font-size: 35px;\">Descripci\u00f3n general:<\/h3>\n<p class=\"\" data-start=\"80\" data-end=\"410\">Esta <strong data-start=\"85\" data-end=\"105\">espaciosa tienda<\/strong> combina <strong data-start=\"114\" data-end=\"132\">una cama doble<\/strong> y <strong data-start=\"135\" data-end=\"166\">dos c\u00f3modas camas separadas<\/strong>, lo que la convierte en <strong data-start=\"191\" data-end=\"237\">la opci\u00f3n perfecta para familias de cuatro<\/strong>. <strong data-start=\"239\" data-end=\"287\">Una peque\u00f1a zona de estar frente a la tienda<\/strong> contribuye a <strong data-start=\"301\" data-end=\"325\">un ambiente acogedor<\/strong>, permitiendo a los hu\u00e9spedes <strong data-start=\"355\" data-end=\"409\">relajarse y disfrutar de la serenidad del desierto<\/strong>.<\/p>\n<p class=\"\" data-start=\"412\" data-end=\"677\">Equipada con <strong data-start=\"425\" data-end=\"450\">ducha y ba\u00f1o privados<\/strong> con <strong data-start=\"455\" data-end=\"472\">agua caliente<\/strong> y <strong data-start=\"475\" data-end=\"491\">electricidad<\/strong>, esta tienda garantiza <strong data-start=\"515\" data-end=\"543\">una estancia confortable<\/strong> mientras se sumerge en <strong data-start=\"567\" data-end=\"600\">la belleza natural del Sahara<\/strong>. Es <strong data-start=\"605\" data-end=\"639\">un refugio ideal para familias<\/strong> que buscan <strong data-start=\"651\" data-end=\"676\">aventura y relajaci\u00f3n<\/strong>.<\/p>\n<p data-start=\"388\" data-end=\"661\">[icon name=\u00bbbed\u00bb prefix=\u00bbfas\u00bb class=\u00bbcustom-bed-icon fa-xs\u00bb]\u00a0 <strong>Cama<\/strong><strong>\u00a0:<\/strong> 1 cama doble tama\u00f1o king y 2 camas separadas<\/p>\n<p data-start=\"388\" data-end=\"661\">[icon name=\u00bbshower\u00bb prefix=\u00bbfas\u00bb class=\u00bbcustom-bed-icon\u00bb]\u00a0 <strong>Ba\u00f1o<\/strong><b>\u00a0:<\/b> Ba\u00f1o privado y ducha \/ agua fr\u00eda y caliente<\/p>\n<p data-start=\"388\" data-end=\"661\">[icon name=\u00bbtent\u00bb prefix=\u00bbfas\u00bb class=\u00bbcustom-bed-icon\u00bb]\u00a0 <strong>Tama\u00f1o<\/strong><strong>\u00a0:<\/strong> 24 m\u00b2<\/p>\n<p data-start=\"388\" data-end=\"661\">[icon name=\u00bbusers\u00bb prefix=\u00bbfas\u00bb class=\u00bbcustom-bed-icon\u00bb]\u00a0 <strong>Adecuado para<\/strong><strong> :\u00a0<\/strong>4 personas<\/p>\n<p data-start=\"388\" data-end=\"661\">[icon name=\u00bblightbulb\u00bb prefix=\u00bbfas\u00bb class=\u00bbcustom-bed-icon\u00bb]\u00a0 <strong>Caracter\u00edsticas<\/strong><strong> : <\/strong>Electricidad<\/p>\n<p>&nbsp;<\/p>\n<h3 style=\"font-size: 35px;\">Aspectos destacados de la tienda de lujo individual:<\/h3>\n<ul>\n<li><strong>Espacio familiar<\/strong> \u2013 Una cama doble y dos camas individuales separadas.<\/li>\n<li><strong>Ba\u00f1o privado<\/strong> \u2013 Incluye ducha, inodoro, agua caliente y electricidad.<\/li>\n<li><strong>Perfecto para familias<\/strong> \u2013 Dise\u00f1ado para alojar hasta cuatro personas.<\/li>\n<li><strong>Experiencia tradicional en el desierto<\/strong> \u2013 Una combinaci\u00f3n de autenticidad y comodidad moderna.<\/li>\n<li><strong>Terraza panor\u00e1mica<\/strong> \u2013 Rel\u00e1jese frente a la tienda con vistas impresionantes.<\/li>\n<\/ul>\n<p>&nbsp;<\/p>\n<h3 style=\"font-size: 35px;\">Experiencia \u00fanica:<\/h3>\n<p><strong data-start=\"66\" data-end=\"92\">Dise\u00f1ada para familias<\/strong>, la <strong data-start=\"97\" data-end=\"125\">Tienda Cu\u00e1druple de Lujo<\/strong> ofrece <strong data-start=\"133\" data-end=\"146\">comodidad<\/strong> y <strong data-start=\"149\" data-end=\"161\">aventura<\/strong> en <strong data-start=\"165\" data-end=\"190\" data-is-only-node=\"\">el coraz\u00f3n del Sahara<\/strong>. <strong data-start=\"192\" data-end=\"232\">Rel\u00e1jese en un espacio bien equipado<\/strong>, disfrute de <strong data-start=\"246\" data-end=\"277\">la hospitalidad tradicional<\/strong> y cree <strong data-start=\"285\" data-end=\"338\">recuerdos inolvidables bajo el cielo del desierto<\/strong>.<\/p>\n","protected":false},"excerpt":{"rendered":"<p>Esta tienda de campa\u00f1a contiene 1 cama doble y 2 c\u00f3modas camas separadas y un peque\u00f1o lugar para sentarse frente a la tienda de campa\u00f1a.<\/p>\n","protected":false},"featured_media":11441,"comment_status":"open","ping_status":"closed","template":"","meta":[],"product_brand":[],"product_cat":[85],"product_tag":[],"class_list":{"0":"post-11825","1":"product","2":"type-product","3":"status-publish","4":"has-post-thumbnail","6":"product_cat-tents-es","8":"first","9":"instock","10":"shipping-taxable","11":"product-type-ovabrw_car_rental"},"yoast_head":"<!-- This site is optimized with the Yoast SEO Premium plugin v25.0 (Yoast SEO v25.0) - https:\/\/yoast.com\/wordpress\/plugins\/seo\/ -->\n<title>Tienda de Lujo Cu\u00e1druple - zahradesertcamp<\/title>\n<meta name=\"robots\" content=\"index, follow, max-snippet:-1, max-image-preview:large, max-video-preview:-1\" \/>\n<link rel=\"canonical\" href=\"https:\/\/zahradesertcamp.com\/es\/producto\/tienda-de-lujo-cuadruple\/\" \/>\n<meta property=\"og:locale\" content=\"es_ES\" \/>\n<meta property=\"og:type\" content=\"article\" \/>\n<meta property=\"og:title\" content=\"Tienda de Lujo Cu\u00e1druple\" \/>\n<meta property=\"og:description\" content=\"Esta tienda de campa\u00f1a contiene 1 cama doble y 2 c\u00f3modas camas separadas y un peque\u00f1o lugar para sentarse frente a la tienda de campa\u00f1a.\" \/>\n<meta property=\"og:url\" content=\"https:\/\/zahradesertcamp.com\/es\/producto\/tienda-de-lujo-cuadruple\/\" \/>\n<meta property=\"og:site_name\" content=\"zahradesertcamp\" \/>\n<meta property=\"article:modified_time\" content=\"2025-04-09T10:20:59+00:00\" \/>\n<meta property=\"og:image\" content=\"https:\/\/zahradesertcamp.com\/wp-content\/uploads\/2025\/03\/10-5.webp\" \/>\n\t<meta property=\"og:image:width\" content=\"2500\" \/>\n\t<meta property=\"og:image:height\" content=\"1406\" \/>\n\t<meta property=\"og:image:type\" content=\"image\/webp\" \/>\n<meta name=\"twitter:card\" content=\"summary_large_image\" \/>\n<meta name=\"twitter:label1\" content=\"Tiempo de lectura\" \/>\n\t<meta name=\"twitter:data1\" content=\"1 minuto\" \/>\n<script type=\"application\/ld+json\" class=\"yoast-schema-graph\">{\"@context\":\"https:\/\/schema.org\",\"@graph\":[{\"@type\":\"WebPage\",\"@id\":\"https:\/\/zahradesertcamp.com\/es\/producto\/tienda-de-lujo-cuadruple\/\",\"url\":\"https:\/\/zahradesertcamp.com\/es\/producto\/tienda-de-lujo-cuadruple\/\",\"name\":\"Tienda de Lujo Cu\u00e1druple - zahradesertcamp\",\"isPartOf\":{\"@id\":\"https:\/\/zahradesertcamp.com\/es\/#website\"},\"primaryImageOfPage\":{\"@id\":\"https:\/\/zahradesertcamp.com\/es\/producto\/tienda-de-lujo-cuadruple\/#primaryimage\"},\"image\":{\"@id\":\"https:\/\/zahradesertcamp.com\/es\/producto\/tienda-de-lujo-cuadruple\/#primaryimage\"},\"thumbnailUrl\":\"https:\/\/zahradesertcamp.com\/wp-content\/uploads\/2025\/03\/10-5.webp\",\"datePublished\":\"2025-03-28T01:43:27+00:00\",\"dateModified\":\"2025-04-09T10:20:59+00:00\",\"breadcrumb\":{\"@id\":\"https:\/\/zahradesertcamp.com\/es\/producto\/tienda-de-lujo-cuadruple\/#breadcrumb\"},\"inLanguage\":\"es\",\"potentialAction\":[{\"@type\":\"ReadAction\",\"target\":[\"https:\/\/zahradesertcamp.com\/es\/producto\/tienda-de-lujo-cuadruple\/\"]}]},{\"@type\":\"ImageObject\",\"inLanguage\":\"es\",\"@id\":\"https:\/\/zahradesertcamp.com\/es\/producto\/tienda-de-lujo-cuadruple\/#primaryimage\",\"url\":\"https:\/\/zahradesertcamp.com\/wp-content\/uploads\/2025\/03\/10-5.webp\",\"contentUrl\":\"https:\/\/zahradesertcamp.com\/wp-content\/uploads\/2025\/03\/10-5.webp\",\"width\":2500,\"height\":1406},{\"@type\":\"BreadcrumbList\",\"@id\":\"https:\/\/zahradesertcamp.com\/es\/producto\/tienda-de-lujo-cuadruple\/#breadcrumb\",\"itemListElement\":[{\"@type\":\"ListItem\",\"position\":1,\"name\":\"Home\",\"item\":\"https:\/\/zahradesertcamp.com\/es\/\"},{\"@type\":\"ListItem\",\"position\":2,\"name\":\"Tienda\",\"item\":\"https:\/\/zahradesertcamp.com\/es\/tienda\/\"},{\"@type\":\"ListItem\",\"position\":3,\"name\":\"Tienda de Lujo Cu\u00e1druple\"}]},{\"@type\":\"WebSite\",\"@id\":\"https:\/\/zahradesertcamp.com\/es\/#website\",\"url\":\"https:\/\/zahradesertcamp.com\/es\/\",\"name\":\"zahradesertcamp\",\"description\":\"\",\"potentialAction\":[{\"@type\":\"SearchAction\",\"target\":{\"@type\":\"EntryPoint\",\"urlTemplate\":\"https:\/\/zahradesertcamp.com\/es\/?s={search_term_string}\"},\"query-input\":{\"@type\":\"PropertyValueSpecification\",\"valueRequired\":true,\"valueName\":\"search_term_string\"}}],\"inLanguage\":\"es\"}]}<\/script>\n<!-- \/ Yoast SEO Premium plugin. -->","yoast_head_json":{"title":"Tienda de Lujo Cu\u00e1druple - zahradesertcamp","robots":{"index":"index","follow":"follow","max-snippet":"max-snippet:-1","max-image-preview":"max-image-preview:large","max-video-preview":"max-video-preview:-1"},"canonical":"https:\/\/zahradesertcamp.com\/es\/producto\/tienda-de-lujo-cuadruple\/","og_locale":"es_ES","og_type":"article","og_title":"Tienda de Lujo Cu\u00e1druple","og_description":"Esta tienda de campa\u00f1a contiene 1 cama doble y 2 c\u00f3modas camas separadas y un peque\u00f1o lugar para sentarse frente a la tienda de campa\u00f1a.","og_url":"https:\/\/zahradesertcamp.com\/es\/producto\/tienda-de-lujo-cuadruple\/","og_site_name":"zahradesertcamp","article_modified_time":"2025-04-09T10:20:59+00:00","og_image":[{"width":2500,"height":1406,"url":"https:\/\/zahradesertcamp.com\/wp-content\/uploads\/2025\/03\/10-5.webp","type":"image\/webp"}],"twitter_card":"summary_large_image","twitter_misc":{"Tiempo de lectura":"1 minuto"},"schema":{"@context":"https:\/\/schema.org","@graph":[{"@type":"WebPage","@id":"https:\/\/zahradesertcamp.com\/es\/producto\/tienda-de-lujo-cuadruple\/","url":"https:\/\/zahradesertcamp.com\/es\/producto\/tienda-de-lujo-cuadruple\/","name":"Tienda de Lujo Cu\u00e1druple - zahradesertcamp","isPartOf":{"@id":"https:\/\/zahradesertcamp.com\/es\/#website"},"primaryImageOfPage":{"@id":"https:\/\/zahradesertcamp.com\/es\/producto\/tienda-de-lujo-cuadruple\/#primaryimage"},"image":{"@id":"https:\/\/zahradesertcamp.com\/es\/producto\/tienda-de-lujo-cuadruple\/#primaryimage"},"thumbnailUrl":"https:\/\/zahradesertcamp.com\/wp-content\/uploads\/2025\/03\/10-5.webp","datePublished":"2025-03-28T01:43:27+00:00","dateModified":"2025-04-09T10:20:59+00:00","breadcrumb":{"@id":"https:\/\/zahradesertcamp.com\/es\/producto\/tienda-de-lujo-cuadruple\/#breadcrumb"},"inLanguage":"es","potentialAction":[{"@type":"ReadAction","target":["https:\/\/zahradesertcamp.com\/es\/producto\/tienda-de-lujo-cuadruple\/"]}]},{"@type":"ImageObject","inLanguage":"es","@id":"https:\/\/zahradesertcamp.com\/es\/producto\/tienda-de-lujo-cuadruple\/#primaryimage","url":"https:\/\/zahradesertcamp.com\/wp-content\/uploads\/2025\/03\/10-5.webp","contentUrl":"https:\/\/zahradesertcamp.com\/wp-content\/uploads\/2025\/03\/10-5.webp","width":2500,"height":1406},{"@type":"BreadcrumbList","@id":"https:\/\/zahradesertcamp.com\/es\/producto\/tienda-de-lujo-cuadruple\/#breadcrumb","itemListElement":[{"@type":"ListItem","position":1,"name":"Home","item":"https:\/\/zahradesertcamp.com\/es\/"},{"@type":"ListItem","position":2,"name":"Tienda","item":"https:\/\/zahradesertcamp.com\/es\/tienda\/"},{"@type":"ListItem","position":3,"name":"Tienda de Lujo Cu\u00e1druple"}]},{"@type":"WebSite","@id":"https:\/\/zahradesertcamp.com\/es\/#website","url":"https:\/\/zahradesertcamp.com\/es\/","name":"zahradesertcamp","description":"","potentialAction":[{"@type":"SearchAction","target":{"@type":"EntryPoint","urlTemplate":"https:\/\/zahradesertcamp.com\/es\/?s={search_term_string}"},"query-input":{"@type":"PropertyValueSpecification","valueRequired":true,"valueName":"search_term_string"}}],"inLanguage":"es"}]}},"_links":{"self":[{"href":"https:\/\/zahradesertcamp.com\/es\/wp-json\/wp\/v2\/product\/11825","targetHints":{"allow":["GET"]}}],"collection":[{"href":"https:\/\/zahradesertcamp.com\/es\/wp-json\/wp\/v2\/product"}],"about":[{"href":"https:\/\/zahradesertcamp.com\/es\/wp-json\/wp\/v2\/types\/product"}],"replies":[{"embeddable":true,"href":"https:\/\/zahradesertcamp.com\/es\/wp-json\/wp\/v2\/comments?post=11825"}],"wp:featuredmedia":[{"embeddable":true,"href":"https:\/\/zahradesertcamp.com\/es\/wp-json\/wp\/v2\/media\/11441"}],"wp:attachment":[{"href":"https:\/\/zahradesertcamp.com\/es\/wp-json\/wp\/v2\/media?parent=11825"}],"wp:term":[{"taxonomy":"product_brand","embeddable":true,"href":"https:\/\/zahradesertcamp.com\/es\/wp-json\/wp\/v2\/product_brand?post=11825"},{"taxonomy":"product_cat","embeddable":true,"href":"https:\/\/zahradesertcamp.com\/es\/wp-json\/wp\/v2\/product_cat?post=11825"},{"taxonomy":"product_tag","embeddable":true,"href":"https:\/\/zahradesertcamp.com\/es\/wp-json\/wp\/v2\/product_tag?post=11825"}],"curies":[{"name":"wp","href":"https:\/\/api.w.org\/{rel}","templated":true}]}}