{"id":11821,"date":"2025-03-28T20:41:07","date_gmt":"2025-03-28T20:41:07","guid":{"rendered":"http:\/\/zahradesertcamp.com\/product\/quad-biking-in-desert-merzouga\/"},"modified":"2025-04-08T20:46:08","modified_gmt":"2025-04-08T20:46:08","slug":"paseos-en-quad-por-el-desierto-de-merzouga","status":"publish","type":"product","link":"https:\/\/zahradesertcamp.com\/es\/producto\/paseos-en-quad-por-el-desierto-de-merzouga\/","title":{"rendered":"Paseos en Quad por el Desierto de Merzouga"},"content":{"rendered":"<h3 style=\"font-size: 35px;\">Descripci\u00f3n general:<\/h3>\n<p class=\"\" data-start=\"0\" data-end=\"231\">Siente la adrenalina conduciendo un <strong data-start=\"36\" data-end=\"44\">quad<\/strong> por las doradas dunas del <strong data-start=\"71\" data-end=\"85\">Erg Chebbi<\/strong> de <strong data-start=\"89\" data-end=\"101\">Merzouga<\/strong>. Estos potentes veh\u00edculos 4\u00d74 te permiten explorar el vasto paisaje des\u00e9rtico con facilidad, sin necesidad de experiencia previa.<\/p>\n<p class=\"\" data-start=\"233\" data-end=\"448\">Alquila un <strong data-start=\"244\" data-end=\"252\">quad<\/strong> por la duraci\u00f3n que prefieras y l\u00e1nzate a la aventura. Nuestros <strong data-start=\"317\" data-end=\"335\">gu\u00edas expertos<\/strong> est\u00e1n disponibles para darte instrucciones y garantizarte una experiencia segura e inolvidable en el <strong data-start=\"437\" data-end=\"447\">Sahara<\/strong>.<\/p>\n<p>[icon name=\u00bbmap-location-dot\u00bb prefix=\u00bbfas\u00bb class=\u00bbcustom-bed-icon fa-xs\u00bb]\u00a0 <strong>Ubicaci\u00f3n de inicio<\/strong><b>:<\/b>Desde cualquier lugar de Merzouga (hotel\/campamento&#8230;etc.)<b><br \/>\n<\/b><\/p>\n<p>[icon name=\u00bbmap-location\u00bb prefix=\u00bbfas\u00bb class=\u00bbcustom-bed-icon fa-xs\u00bb]\u00a0 <strong>Lugar final<\/strong><b>: <\/b>El mismo punto de partida.<\/p>\n<h3 style=\"font-size: 35px;\">Reflejos:<\/h3>\n<ul>\n<li>Explora Erg Chebbi \u2013 recorre las impresionantes dunas de arena dorada.<\/li>\n<li>No se necesita experiencia \u2013 quads f\u00e1ciles de conducir con gu\u00eda profesional.<\/li>\n<li>Opciones de alquiler flexibles \u2013 elige la duraci\u00f3n que mejor se adapte a tu aventura.<\/li>\n<li>Vistas impresionantes \u2013 captura momentos inolvidables en el desierto.<\/li>\n<li>Experiencia emocionante \u2013 perfecta para aventureros y amantes de la adrenalina.<\/li>\n<\/ul>\n<p><strong style=\"font-size: 35px;\">Qu\u00e9 traer:<\/strong><\/p>\n<ul>\n<li>Gafas de sol \u2013 Protege tus ojos del sol y la arena.<\/li>\n<li>Bufanda o pa\u00f1uelo \u2013 Protege tu rostro del polvo y el viento.<\/li>\n<li>Calzado c\u00f3modo \u2013 Zapatos cerrados para un viaje seguro.<\/li>\n<li>C\u00e1mara\/tel\u00e9fono \u2013 Captura la belleza del desierto.<\/li>\n<li>Botella de agua \u2013 Mantente hidratado durante tu aventura.<\/li>\n<\/ul>\n<p><strong style=\"font-size: 35px;\">Lo que debes saber antes de ir:<\/strong><\/p>\n<ul>\n<li>No se requiere licencia de conducir y se proporcionar\u00e1n instrucciones completas antes del recorrido.<\/li>\n<li>Use ropa adecuada y prep\u00e1rese para condiciones arenosas.<\/li>\n<\/ul>\n","protected":false},"excerpt":{"rendered":"<p>Descripci\u00f3n general: Siente la adrenalina conduciendo un quad por las doradas dunas del Erg Chebbi de Merzouga. Estos potentes veh\u00edculos 4\u00d74 te permiten explorar el vasto paisaje des\u00e9rtico con facilidad, sin necesidad de experiencia previa. Alquila un quad por la duraci\u00f3n que prefieras y l\u00e1nzate a la aventura. Nuestros gu\u00edas expertos est\u00e1n disponibles para darte [&hellip;]<\/p>\n","protected":false},"featured_media":11483,"comment_status":"open","ping_status":"closed","template":"","meta":[],"product_brand":[],"product_cat":[84],"product_tag":[],"class_list":{"0":"post-11821","1":"product","2":"type-product","3":"status-publish","4":"has-post-thumbnail","6":"product_cat-activities-es","8":"first","9":"instock","10":"shipping-taxable","11":"product-type-ovabrw_car_rental"},"yoast_head":"<!-- This site is optimized with the Yoast SEO Premium plugin v25.0 (Yoast SEO v25.0) - https:\/\/yoast.com\/wordpress\/plugins\/seo\/ -->\n<title>Paseos en Quad por el Desierto de Merzouga - zahradesertcamp<\/title>\n<meta name=\"robots\" content=\"index, follow, max-snippet:-1, max-image-preview:large, max-video-preview:-1\" \/>\n<link rel=\"canonical\" href=\"https:\/\/zahradesertcamp.com\/es\/producto\/paseos-en-quad-por-el-desierto-de-merzouga\/\" \/>\n<meta property=\"og:locale\" content=\"es_ES\" \/>\n<meta property=\"og:type\" content=\"article\" \/>\n<meta property=\"og:title\" content=\"Paseos en Quad por el Desierto de Merzouga\" \/>\n<meta property=\"og:description\" content=\"Descripci\u00f3n general: Siente la adrenalina conduciendo un quad por las doradas dunas del Erg Chebbi de Merzouga. Estos potentes veh\u00edculos 4\u00d74 te permiten explorar el vasto paisaje des\u00e9rtico con facilidad, sin necesidad de experiencia previa. Alquila un quad por la duraci\u00f3n que prefieras y l\u00e1nzate a la aventura. Nuestros gu\u00edas expertos est\u00e1n disponibles para darte [&hellip;]\" \/>\n<meta property=\"og:url\" content=\"https:\/\/zahradesertcamp.com\/es\/producto\/paseos-en-quad-por-el-desierto-de-merzouga\/\" \/>\n<meta property=\"og:site_name\" content=\"zahradesertcamp\" \/>\n<meta property=\"article:modified_time\" content=\"2025-04-08T20:46:08+00:00\" \/>\n<meta property=\"og:image\" content=\"https:\/\/zahradesertcamp.com\/wp-content\/uploads\/2025\/03\/1-13.webp\" \/>\n\t<meta property=\"og:image:width\" content=\"2500\" \/>\n\t<meta property=\"og:image:height\" content=\"1406\" \/>\n\t<meta property=\"og:image:type\" content=\"image\/webp\" \/>\n<meta name=\"twitter:card\" content=\"summary_large_image\" \/>\n<meta name=\"twitter:label1\" content=\"Tiempo de lectura\" \/>\n\t<meta name=\"twitter:data1\" content=\"1 minuto\" \/>\n<script type=\"application\/ld+json\" class=\"yoast-schema-graph\">{\"@context\":\"https:\/\/schema.org\",\"@graph\":[{\"@type\":\"WebPage\",\"@id\":\"https:\/\/zahradesertcamp.com\/es\/producto\/paseos-en-quad-por-el-desierto-de-merzouga\/\",\"url\":\"https:\/\/zahradesertcamp.com\/es\/producto\/paseos-en-quad-por-el-desierto-de-merzouga\/\",\"name\":\"Paseos en Quad por el Desierto de Merzouga - zahradesertcamp\",\"isPartOf\":{\"@id\":\"https:\/\/zahradesertcamp.com\/es\/#website\"},\"primaryImageOfPage\":{\"@id\":\"https:\/\/zahradesertcamp.com\/es\/producto\/paseos-en-quad-por-el-desierto-de-merzouga\/#primaryimage\"},\"image\":{\"@id\":\"https:\/\/zahradesertcamp.com\/es\/producto\/paseos-en-quad-por-el-desierto-de-merzouga\/#primaryimage\"},\"thumbnailUrl\":\"https:\/\/zahradesertcamp.com\/wp-content\/uploads\/2025\/03\/1-13.webp\",\"datePublished\":\"2025-03-28T20:41:07+00:00\",\"dateModified\":\"2025-04-08T20:46:08+00:00\",\"breadcrumb\":{\"@id\":\"https:\/\/zahradesertcamp.com\/es\/producto\/paseos-en-quad-por-el-desierto-de-merzouga\/#breadcrumb\"},\"inLanguage\":\"es\",\"potentialAction\":[{\"@type\":\"ReadAction\",\"target\":[\"https:\/\/zahradesertcamp.com\/es\/producto\/paseos-en-quad-por-el-desierto-de-merzouga\/\"]}]},{\"@type\":\"ImageObject\",\"inLanguage\":\"es\",\"@id\":\"https:\/\/zahradesertcamp.com\/es\/producto\/paseos-en-quad-por-el-desierto-de-merzouga\/#primaryimage\",\"url\":\"https:\/\/zahradesertcamp.com\/wp-content\/uploads\/2025\/03\/1-13.webp\",\"contentUrl\":\"https:\/\/zahradesertcamp.com\/wp-content\/uploads\/2025\/03\/1-13.webp\",\"width\":2500,\"height\":1406},{\"@type\":\"BreadcrumbList\",\"@id\":\"https:\/\/zahradesertcamp.com\/es\/producto\/paseos-en-quad-por-el-desierto-de-merzouga\/#breadcrumb\",\"itemListElement\":[{\"@type\":\"ListItem\",\"position\":1,\"name\":\"Home\",\"item\":\"https:\/\/zahradesertcamp.com\/es\/\"},{\"@type\":\"ListItem\",\"position\":2,\"name\":\"Tienda\",\"item\":\"https:\/\/zahradesertcamp.com\/es\/tienda\/\"},{\"@type\":\"ListItem\",\"position\":3,\"name\":\"Paseos en Quad por el Desierto de Merzouga\"}]},{\"@type\":\"WebSite\",\"@id\":\"https:\/\/zahradesertcamp.com\/es\/#website\",\"url\":\"https:\/\/zahradesertcamp.com\/es\/\",\"name\":\"zahradesertcamp\",\"description\":\"\",\"potentialAction\":[{\"@type\":\"SearchAction\",\"target\":{\"@type\":\"EntryPoint\",\"urlTemplate\":\"https:\/\/zahradesertcamp.com\/es\/?s={search_term_string}\"},\"query-input\":{\"@type\":\"PropertyValueSpecification\",\"valueRequired\":true,\"valueName\":\"search_term_string\"}}],\"inLanguage\":\"es\"}]}<\/script>\n<!-- \/ Yoast SEO Premium plugin. -->","yoast_head_json":{"title":"Paseos en Quad por el Desierto de Merzouga - zahradesertcamp","robots":{"index":"index","follow":"follow","max-snippet":"max-snippet:-1","max-image-preview":"max-image-preview:large","max-video-preview":"max-video-preview:-1"},"canonical":"https:\/\/zahradesertcamp.com\/es\/producto\/paseos-en-quad-por-el-desierto-de-merzouga\/","og_locale":"es_ES","og_type":"article","og_title":"Paseos en Quad por el Desierto de Merzouga","og_description":"Descripci\u00f3n general: Siente la adrenalina conduciendo un quad por las doradas dunas del Erg Chebbi de Merzouga. Estos potentes veh\u00edculos 4\u00d74 te permiten explorar el vasto paisaje des\u00e9rtico con facilidad, sin necesidad de experiencia previa. Alquila un quad por la duraci\u00f3n que prefieras y l\u00e1nzate a la aventura. Nuestros gu\u00edas expertos est\u00e1n disponibles para darte [&hellip;]","og_url":"https:\/\/zahradesertcamp.com\/es\/producto\/paseos-en-quad-por-el-desierto-de-merzouga\/","og_site_name":"zahradesertcamp","article_modified_time":"2025-04-08T20:46:08+00:00","og_image":[{"width":2500,"height":1406,"url":"https:\/\/zahradesertcamp.com\/wp-content\/uploads\/2025\/03\/1-13.webp","type":"image\/webp"}],"twitter_card":"summary_large_image","twitter_misc":{"Tiempo de lectura":"1 minuto"},"schema":{"@context":"https:\/\/schema.org","@graph":[{"@type":"WebPage","@id":"https:\/\/zahradesertcamp.com\/es\/producto\/paseos-en-quad-por-el-desierto-de-merzouga\/","url":"https:\/\/zahradesertcamp.com\/es\/producto\/paseos-en-quad-por-el-desierto-de-merzouga\/","name":"Paseos en Quad por el Desierto de Merzouga - zahradesertcamp","isPartOf":{"@id":"https:\/\/zahradesertcamp.com\/es\/#website"},"primaryImageOfPage":{"@id":"https:\/\/zahradesertcamp.com\/es\/producto\/paseos-en-quad-por-el-desierto-de-merzouga\/#primaryimage"},"image":{"@id":"https:\/\/zahradesertcamp.com\/es\/producto\/paseos-en-quad-por-el-desierto-de-merzouga\/#primaryimage"},"thumbnailUrl":"https:\/\/zahradesertcamp.com\/wp-content\/uploads\/2025\/03\/1-13.webp","datePublished":"2025-03-28T20:41:07+00:00","dateModified":"2025-04-08T20:46:08+00:00","breadcrumb":{"@id":"https:\/\/zahradesertcamp.com\/es\/producto\/paseos-en-quad-por-el-desierto-de-merzouga\/#breadcrumb"},"inLanguage":"es","potentialAction":[{"@type":"ReadAction","target":["https:\/\/zahradesertcamp.com\/es\/producto\/paseos-en-quad-por-el-desierto-de-merzouga\/"]}]},{"@type":"ImageObject","inLanguage":"es","@id":"https:\/\/zahradesertcamp.com\/es\/producto\/paseos-en-quad-por-el-desierto-de-merzouga\/#primaryimage","url":"https:\/\/zahradesertcamp.com\/wp-content\/uploads\/2025\/03\/1-13.webp","contentUrl":"https:\/\/zahradesertcamp.com\/wp-content\/uploads\/2025\/03\/1-13.webp","width":2500,"height":1406},{"@type":"BreadcrumbList","@id":"https:\/\/zahradesertcamp.com\/es\/producto\/paseos-en-quad-por-el-desierto-de-merzouga\/#breadcrumb","itemListElement":[{"@type":"ListItem","position":1,"name":"Home","item":"https:\/\/zahradesertcamp.com\/es\/"},{"@type":"ListItem","position":2,"name":"Tienda","item":"https:\/\/zahradesertcamp.com\/es\/tienda\/"},{"@type":"ListItem","position":3,"name":"Paseos en Quad por el Desierto de Merzouga"}]},{"@type":"WebSite","@id":"https:\/\/zahradesertcamp.com\/es\/#website","url":"https:\/\/zahradesertcamp.com\/es\/","name":"zahradesertcamp","description":"","potentialAction":[{"@type":"SearchAction","target":{"@type":"EntryPoint","urlTemplate":"https:\/\/zahradesertcamp.com\/es\/?s={search_term_string}"},"query-input":{"@type":"PropertyValueSpecification","valueRequired":true,"valueName":"search_term_string"}}],"inLanguage":"es"}]}},"_links":{"self":[{"href":"https:\/\/zahradesertcamp.com\/es\/wp-json\/wp\/v2\/product\/11821","targetHints":{"allow":["GET"]}}],"collection":[{"href":"https:\/\/zahradesertcamp.com\/es\/wp-json\/wp\/v2\/product"}],"about":[{"href":"https:\/\/zahradesertcamp.com\/es\/wp-json\/wp\/v2\/types\/product"}],"replies":[{"embeddable":true,"href":"https:\/\/zahradesertcamp.com\/es\/wp-json\/wp\/v2\/comments?post=11821"}],"wp:featuredmedia":[{"embeddable":true,"href":"https:\/\/zahradesertcamp.com\/es\/wp-json\/wp\/v2\/media\/11483"}],"wp:attachment":[{"href":"https:\/\/zahradesertcamp.com\/es\/wp-json\/wp\/v2\/media?parent=11821"}],"wp:term":[{"taxonomy":"product_brand","embeddable":true,"href":"https:\/\/zahradesertcamp.com\/es\/wp-json\/wp\/v2\/product_brand?post=11821"},{"taxonomy":"product_cat","embeddable":true,"href":"https:\/\/zahradesertcamp.com\/es\/wp-json\/wp\/v2\/product_cat?post=11821"},{"taxonomy":"product_tag","embeddable":true,"href":"https:\/\/zahradesertcamp.com\/es\/wp-json\/wp\/v2\/product_tag?post=11821"}],"curies":[{"name":"wp","href":"https:\/\/api.w.org\/{rel}","templated":true}]}}