{"id":11819,"date":"2025-03-28T20:52:47","date_gmt":"2025-03-28T20:52:47","guid":{"rendered":"http:\/\/zahradesertcamp.com\/product\/merzouga-desert-in-1-day-tour-4x4\/"},"modified":"2025-04-08T20:31:09","modified_gmt":"2025-04-08T20:31:09","slug":"desierto-de-merzouga-en-un-tour-de-1-dia-en-4x4","status":"publish","type":"product","link":"https:\/\/zahradesertcamp.com\/es\/producto\/desierto-de-merzouga-en-un-tour-de-1-dia-en-4x4\/","title":{"rendered":"Desierto de Merzouga en un tour de 1 d\u00eda en 4&#215;4"},"content":{"rendered":"<h3 style=\"font-size: 35px;\">Descripci\u00f3n general:<\/h3>\n<p class=\"\" data-start=\"0\" data-end=\"221\"><strong data-start=\"0\" data-end=\"13\">Emb\u00e1rcate<\/strong> en una inolvidable <strong data-start=\"33\" data-end=\"52\" data-is-only-node=\"\">aventura en 4&#215;4<\/strong> por el impresionante <strong data-start=\"74\" data-end=\"98\">desierto de Merzouga<\/strong>. Siente la emoci\u00f3n al recorrer las <strong data-start=\"134\" data-end=\"151\">dunas doradas<\/strong>, sumergi\u00e9ndote en los vastos y cambiantes paisajes de <strong data-start=\"206\" data-end=\"220\">Erg Chebbi<\/strong>.<\/p>\n<p class=\"\" data-start=\"223\" data-end=\"486\">Visita la aldea tradicional de <strong data-start=\"254\" data-end=\"265\">Khamlia<\/strong> para experimentar los ritmos de la m\u00fasica <strong data-start=\"308\" data-end=\"317\">gnawa<\/strong>, explorar las hist\u00f3ricas minas de plomo de <strong data-start=\"361\" data-end=\"370\">Mefes<\/strong> y conectar con las <strong data-start=\"390\" data-end=\"413\">comunidades n\u00f3madas<\/strong> antes de relajarte en los tranquilos jardines del <strong data-start=\"464\" data-end=\"485\">Zahra Desert Camp<\/strong>.<\/p>\n<p>[icon name=\u00bbmap-location-dot\u00bb prefix=\u00bbfas\u00bb class=\u00bbcustom-bed-icon fa-xs\u00bb]\u00a0\u00a0 <strong>Ubicaci\u00f3n de inicio<\/strong><b>:<\/b> Desde el pueblo de Merzouga (Su alojamiento)<\/p>\n<p>[icon name=\u00bbmap-location\u00bb prefix=\u00bbfas\u00bb class=\u00bbcustom-bed-icon fa-xs\u00bb]\u00a0\u00a0 <strong>Lugar final<\/strong><b>:<\/b> El mismo punto de partida.<\/p>\n<h3 style=\"font-size: 35px;\">Reflejos:<\/h3>\n<ul>\n<li>Aventura todoterreno \u2013 explora los impresionantes paisajes des\u00e9rticos de Merzouga en un 4\u00d74.<\/li>\n<li>Experiencia cultural \u2013 disfruta de la m\u00fasica gnawa en directo en el pueblo de Khamlia.<\/li>\n<li>Exploraci\u00f3n hist\u00f3rica \u2013 visita las antiguas minas de plomo en Mefes.<\/li>\n<li>Encuentros n\u00f3madas \u2013 conoce a los n\u00f3madas del desierto y aprende sobre su forma de vida.<\/li>\n<li>Relajaci\u00f3n panor\u00e1mica \u2013 rel\u00e1jate en los serenos jardines del campamento del desierto de Zahra.<\/li>\n<\/ul>\n<p><strong style=\"font-size: 35px;\">Qu\u00e9 traer:<\/strong><\/p>\n<ul>\n<li>Sombrero y protector solar \u2013 Prot\u00e9gete del sol del desierto.<\/li>\n<li>Gafas de sol \u2013 Imprescindibles para proteger los ojos de la arena y el deslumbramiento.<\/li>\n<li>C\u00e1mara \u2013 Captura impresionantes paisajes del desierto y momentos culturales.<\/li>\n<li>Calzado c\u00f3modo \u2013 Ideal para caminar por terrenos des\u00e9rticos.<\/li>\n<li>Botella de agua \u2013 Mantente hidratado durante todo el recorrido.<\/li>\n<\/ul>\n<p><strong style=\"font-size: 35px;\">Lo que debes saber antes de ir:<\/strong><\/p>\n<ul>\n<li>No se requiere experiencia previa y el tour es apto para todas las edades.<\/li>\n<li>Prep\u00e1rese para las variaciones de temperatura entre la ma\u00f1ana, la tarde y la noche.<\/li>\n<\/ul>\n","protected":false},"excerpt":{"rendered":"<p>Descripci\u00f3n general: Emb\u00e1rcate en una inolvidable aventura en 4&#215;4 por el impresionante desierto de Merzouga. Siente la emoci\u00f3n al recorrer las dunas doradas, sumergi\u00e9ndote en los vastos y cambiantes paisajes de Erg Chebbi. Visita la aldea tradicional de Khamlia para experimentar los ritmos de la m\u00fasica gnawa, explorar las hist\u00f3ricas minas de plomo de Mefes [&hellip;]<\/p>\n","protected":false},"featured_media":11503,"comment_status":"open","ping_status":"closed","template":"","meta":[],"product_brand":[],"product_cat":[84],"product_tag":[],"class_list":{"0":"post-11819","1":"product","2":"type-product","3":"status-publish","4":"has-post-thumbnail","6":"product_cat-activities-es","8":"first","9":"instock","10":"shipping-taxable","11":"product-type-ovabrw_car_rental"},"yoast_head":"<!-- This site is optimized with the Yoast SEO Premium plugin v25.0 (Yoast SEO v25.0) - https:\/\/yoast.com\/wordpress\/plugins\/seo\/ -->\n<title>Desierto de Merzouga en un tour de 1 d\u00eda en 4x4 - zahradesertcamp<\/title>\n<meta name=\"robots\" content=\"index, follow, max-snippet:-1, max-image-preview:large, max-video-preview:-1\" \/>\n<link rel=\"canonical\" href=\"https:\/\/zahradesertcamp.com\/es\/producto\/desierto-de-merzouga-en-un-tour-de-1-dia-en-4x4\/\" \/>\n<meta property=\"og:locale\" content=\"es_ES\" \/>\n<meta property=\"og:type\" content=\"article\" \/>\n<meta property=\"og:title\" content=\"Desierto de Merzouga en un tour de 1 d\u00eda en 4x4\" \/>\n<meta property=\"og:description\" content=\"Descripci\u00f3n general: Emb\u00e1rcate en una inolvidable aventura en 4&#215;4 por el impresionante desierto de Merzouga. Siente la emoci\u00f3n al recorrer las dunas doradas, sumergi\u00e9ndote en los vastos y cambiantes paisajes de Erg Chebbi. Visita la aldea tradicional de Khamlia para experimentar los ritmos de la m\u00fasica gnawa, explorar las hist\u00f3ricas minas de plomo de Mefes [&hellip;]\" \/>\n<meta property=\"og:url\" content=\"https:\/\/zahradesertcamp.com\/es\/producto\/desierto-de-merzouga-en-un-tour-de-1-dia-en-4x4\/\" \/>\n<meta property=\"og:site_name\" content=\"zahradesertcamp\" \/>\n<meta property=\"article:modified_time\" content=\"2025-04-08T20:31:09+00:00\" \/>\n<meta property=\"og:image\" content=\"https:\/\/zahradesertcamp.com\/wp-content\/uploads\/2025\/03\/1-14.webp\" \/>\n\t<meta property=\"og:image:width\" content=\"2500\" \/>\n\t<meta property=\"og:image:height\" content=\"1406\" \/>\n\t<meta property=\"og:image:type\" content=\"image\/webp\" \/>\n<meta name=\"twitter:card\" content=\"summary_large_image\" \/>\n<meta name=\"twitter:label1\" content=\"Tiempo de lectura\" \/>\n\t<meta name=\"twitter:data1\" content=\"1 minuto\" \/>\n<script type=\"application\/ld+json\" class=\"yoast-schema-graph\">{\"@context\":\"https:\/\/schema.org\",\"@graph\":[{\"@type\":\"WebPage\",\"@id\":\"https:\/\/zahradesertcamp.com\/es\/producto\/desierto-de-merzouga-en-un-tour-de-1-dia-en-4x4\/\",\"url\":\"https:\/\/zahradesertcamp.com\/es\/producto\/desierto-de-merzouga-en-un-tour-de-1-dia-en-4x4\/\",\"name\":\"Desierto de Merzouga en un tour de 1 d\u00eda en 4x4 - zahradesertcamp\",\"isPartOf\":{\"@id\":\"https:\/\/zahradesertcamp.com\/es\/#website\"},\"primaryImageOfPage\":{\"@id\":\"https:\/\/zahradesertcamp.com\/es\/producto\/desierto-de-merzouga-en-un-tour-de-1-dia-en-4x4\/#primaryimage\"},\"image\":{\"@id\":\"https:\/\/zahradesertcamp.com\/es\/producto\/desierto-de-merzouga-en-un-tour-de-1-dia-en-4x4\/#primaryimage\"},\"thumbnailUrl\":\"https:\/\/zahradesertcamp.com\/wp-content\/uploads\/2025\/03\/1-14.webp\",\"datePublished\":\"2025-03-28T20:52:47+00:00\",\"dateModified\":\"2025-04-08T20:31:09+00:00\",\"breadcrumb\":{\"@id\":\"https:\/\/zahradesertcamp.com\/es\/producto\/desierto-de-merzouga-en-un-tour-de-1-dia-en-4x4\/#breadcrumb\"},\"inLanguage\":\"es\",\"potentialAction\":[{\"@type\":\"ReadAction\",\"target\":[\"https:\/\/zahradesertcamp.com\/es\/producto\/desierto-de-merzouga-en-un-tour-de-1-dia-en-4x4\/\"]}]},{\"@type\":\"ImageObject\",\"inLanguage\":\"es\",\"@id\":\"https:\/\/zahradesertcamp.com\/es\/producto\/desierto-de-merzouga-en-un-tour-de-1-dia-en-4x4\/#primaryimage\",\"url\":\"https:\/\/zahradesertcamp.com\/wp-content\/uploads\/2025\/03\/1-14.webp\",\"contentUrl\":\"https:\/\/zahradesertcamp.com\/wp-content\/uploads\/2025\/03\/1-14.webp\",\"width\":2500,\"height\":1406},{\"@type\":\"BreadcrumbList\",\"@id\":\"https:\/\/zahradesertcamp.com\/es\/producto\/desierto-de-merzouga-en-un-tour-de-1-dia-en-4x4\/#breadcrumb\",\"itemListElement\":[{\"@type\":\"ListItem\",\"position\":1,\"name\":\"Home\",\"item\":\"https:\/\/zahradesertcamp.com\/es\/\"},{\"@type\":\"ListItem\",\"position\":2,\"name\":\"Tienda\",\"item\":\"https:\/\/zahradesertcamp.com\/es\/tienda\/\"},{\"@type\":\"ListItem\",\"position\":3,\"name\":\"Desierto de Merzouga en un tour de 1 d\u00eda en 4&#215;4\"}]},{\"@type\":\"WebSite\",\"@id\":\"https:\/\/zahradesertcamp.com\/es\/#website\",\"url\":\"https:\/\/zahradesertcamp.com\/es\/\",\"name\":\"zahradesertcamp\",\"description\":\"\",\"potentialAction\":[{\"@type\":\"SearchAction\",\"target\":{\"@type\":\"EntryPoint\",\"urlTemplate\":\"https:\/\/zahradesertcamp.com\/es\/?s={search_term_string}\"},\"query-input\":{\"@type\":\"PropertyValueSpecification\",\"valueRequired\":true,\"valueName\":\"search_term_string\"}}],\"inLanguage\":\"es\"}]}<\/script>\n<!-- \/ Yoast SEO Premium plugin. -->","yoast_head_json":{"title":"Desierto de Merzouga en un tour de 1 d\u00eda en 4x4 - zahradesertcamp","robots":{"index":"index","follow":"follow","max-snippet":"max-snippet:-1","max-image-preview":"max-image-preview:large","max-video-preview":"max-video-preview:-1"},"canonical":"https:\/\/zahradesertcamp.com\/es\/producto\/desierto-de-merzouga-en-un-tour-de-1-dia-en-4x4\/","og_locale":"es_ES","og_type":"article","og_title":"Desierto de Merzouga en un tour de 1 d\u00eda en 4x4","og_description":"Descripci\u00f3n general: Emb\u00e1rcate en una inolvidable aventura en 4&#215;4 por el impresionante desierto de Merzouga. Siente la emoci\u00f3n al recorrer las dunas doradas, sumergi\u00e9ndote en los vastos y cambiantes paisajes de Erg Chebbi. Visita la aldea tradicional de Khamlia para experimentar los ritmos de la m\u00fasica gnawa, explorar las hist\u00f3ricas minas de plomo de Mefes [&hellip;]","og_url":"https:\/\/zahradesertcamp.com\/es\/producto\/desierto-de-merzouga-en-un-tour-de-1-dia-en-4x4\/","og_site_name":"zahradesertcamp","article_modified_time":"2025-04-08T20:31:09+00:00","og_image":[{"width":2500,"height":1406,"url":"https:\/\/zahradesertcamp.com\/wp-content\/uploads\/2025\/03\/1-14.webp","type":"image\/webp"}],"twitter_card":"summary_large_image","twitter_misc":{"Tiempo de lectura":"1 minuto"},"schema":{"@context":"https:\/\/schema.org","@graph":[{"@type":"WebPage","@id":"https:\/\/zahradesertcamp.com\/es\/producto\/desierto-de-merzouga-en-un-tour-de-1-dia-en-4x4\/","url":"https:\/\/zahradesertcamp.com\/es\/producto\/desierto-de-merzouga-en-un-tour-de-1-dia-en-4x4\/","name":"Desierto de Merzouga en un tour de 1 d\u00eda en 4x4 - zahradesertcamp","isPartOf":{"@id":"https:\/\/zahradesertcamp.com\/es\/#website"},"primaryImageOfPage":{"@id":"https:\/\/zahradesertcamp.com\/es\/producto\/desierto-de-merzouga-en-un-tour-de-1-dia-en-4x4\/#primaryimage"},"image":{"@id":"https:\/\/zahradesertcamp.com\/es\/producto\/desierto-de-merzouga-en-un-tour-de-1-dia-en-4x4\/#primaryimage"},"thumbnailUrl":"https:\/\/zahradesertcamp.com\/wp-content\/uploads\/2025\/03\/1-14.webp","datePublished":"2025-03-28T20:52:47+00:00","dateModified":"2025-04-08T20:31:09+00:00","breadcrumb":{"@id":"https:\/\/zahradesertcamp.com\/es\/producto\/desierto-de-merzouga-en-un-tour-de-1-dia-en-4x4\/#breadcrumb"},"inLanguage":"es","potentialAction":[{"@type":"ReadAction","target":["https:\/\/zahradesertcamp.com\/es\/producto\/desierto-de-merzouga-en-un-tour-de-1-dia-en-4x4\/"]}]},{"@type":"ImageObject","inLanguage":"es","@id":"https:\/\/zahradesertcamp.com\/es\/producto\/desierto-de-merzouga-en-un-tour-de-1-dia-en-4x4\/#primaryimage","url":"https:\/\/zahradesertcamp.com\/wp-content\/uploads\/2025\/03\/1-14.webp","contentUrl":"https:\/\/zahradesertcamp.com\/wp-content\/uploads\/2025\/03\/1-14.webp","width":2500,"height":1406},{"@type":"BreadcrumbList","@id":"https:\/\/zahradesertcamp.com\/es\/producto\/desierto-de-merzouga-en-un-tour-de-1-dia-en-4x4\/#breadcrumb","itemListElement":[{"@type":"ListItem","position":1,"name":"Home","item":"https:\/\/zahradesertcamp.com\/es\/"},{"@type":"ListItem","position":2,"name":"Tienda","item":"https:\/\/zahradesertcamp.com\/es\/tienda\/"},{"@type":"ListItem","position":3,"name":"Desierto de Merzouga en un tour de 1 d\u00eda en 4&#215;4"}]},{"@type":"WebSite","@id":"https:\/\/zahradesertcamp.com\/es\/#website","url":"https:\/\/zahradesertcamp.com\/es\/","name":"zahradesertcamp","description":"","potentialAction":[{"@type":"SearchAction","target":{"@type":"EntryPoint","urlTemplate":"https:\/\/zahradesertcamp.com\/es\/?s={search_term_string}"},"query-input":{"@type":"PropertyValueSpecification","valueRequired":true,"valueName":"search_term_string"}}],"inLanguage":"es"}]}},"_links":{"self":[{"href":"https:\/\/zahradesertcamp.com\/es\/wp-json\/wp\/v2\/product\/11819","targetHints":{"allow":["GET"]}}],"collection":[{"href":"https:\/\/zahradesertcamp.com\/es\/wp-json\/wp\/v2\/product"}],"about":[{"href":"https:\/\/zahradesertcamp.com\/es\/wp-json\/wp\/v2\/types\/product"}],"replies":[{"embeddable":true,"href":"https:\/\/zahradesertcamp.com\/es\/wp-json\/wp\/v2\/comments?post=11819"}],"wp:featuredmedia":[{"embeddable":true,"href":"https:\/\/zahradesertcamp.com\/es\/wp-json\/wp\/v2\/media\/11503"}],"wp:attachment":[{"href":"https:\/\/zahradesertcamp.com\/es\/wp-json\/wp\/v2\/media?parent=11819"}],"wp:term":[{"taxonomy":"product_brand","embeddable":true,"href":"https:\/\/zahradesertcamp.com\/es\/wp-json\/wp\/v2\/product_brand?post=11819"},{"taxonomy":"product_cat","embeddable":true,"href":"https:\/\/zahradesertcamp.com\/es\/wp-json\/wp\/v2\/product_cat?post=11819"},{"taxonomy":"product_tag","embeddable":true,"href":"https:\/\/zahradesertcamp.com\/es\/wp-json\/wp\/v2\/product_tag?post=11819"}],"curies":[{"name":"wp","href":"https:\/\/api.w.org\/{rel}","templated":true}]}}