{"id":11817,"date":"2025-03-28T21:21:07","date_gmt":"2025-03-28T21:21:07","guid":{"rendered":"http:\/\/zahradesertcamp.com\/product\/yoga-in-desert-sahara-morocco\/"},"modified":"2025-04-08T20:09:34","modified_gmt":"2025-04-08T20:09:34","slug":"yoga-en-el-desierto-del-sahara-marruecos","status":"publish","type":"product","link":"https:\/\/zahradesertcamp.com\/es\/producto\/yoga-en-el-desierto-del-sahara-marruecos\/","title":{"rendered":"Yoga en el Desierto del Sahara, Marruecos"},"content":{"rendered":"<h3 style=\"font-size: 35px;\">Descripci\u00f3n general:<\/h3>\n<p class=\"\" data-start=\"0\" data-end=\"235\"><strong data-start=\"0\" data-end=\"17\">Encuentra paz<\/strong> y <strong data-start=\"20\" data-end=\"34\" data-is-only-node=\"\">equilibrio<\/strong> en el coraz\u00f3n del Sahara con un rejuvenecedor retiro de yoga. La <strong data-start=\"100\" data-end=\"120\">serena atm\u00f3sfera<\/strong> del desierto ofrece el escape perfecto para la <strong data-start=\"168\" data-end=\"186\">atenci\u00f3n plena<\/strong>, el <strong data-start=\"191\" data-end=\"205\">movimiento<\/strong> y la <strong data-start=\"211\" data-end=\"234\">relajaci\u00f3n profunda<\/strong>.<\/p>\n<p class=\"\" data-start=\"237\" data-end=\"479\">Al\u00f3jate en una lujosa y espaciosa suite, disfruta de <strong data-start=\"290\" data-end=\"318\">servicios personalizados<\/strong> y practica <strong data-start=\"330\" data-end=\"338\">yoga<\/strong>, <strong data-start=\"340\" data-end=\"351\">pilates<\/strong>, <strong data-start=\"353\" data-end=\"363\">taich\u00ed<\/strong> o <strong data-start=\"366\" data-end=\"380\">meditaci\u00f3n<\/strong> en un entorno natural impresionante, rodeado de <strong data-start=\"429\" data-end=\"446\">dunas doradas<\/strong> y una <strong data-start=\"453\" data-end=\"478\">tranquilidad infinita<\/strong>.<\/p>\n<p>[icon name=\u00bbmap-location-dot\u00bb prefix=\u00bbfas\u00bb class=\u00bbcustom-bed-icon fa-xs\u00bb]\u00a0 \u00a0 <strong>Ubicaci\u00f3n de inicio<\/strong><b>:<\/b> Cerca de las dunas de Merzouga<\/p>\n<p>[icon name=\u00bbmap-location\u00bb prefix=\u00bbfas\u00bb class=\u00bbcustom-bed-icon fa-xs\u00bb]\u00a0 \u00a0 <strong>Lugar final<\/strong><b>:<\/b> El mismo punto de partida.<\/p>\n<h3 style=\"font-size: 35px;\">Reflejos:<\/h3>\n<ul>\n<li>Yoga y meditaci\u00f3n\u2013 practica en un entorno tranquilo y sin distracciones.<\/li>\n<li>Paisajes impresionantes\u2013 experimenta el yoga con impresionantes vistas del desierto.<\/li>\n<li>Bienestar hol\u00edstico \u2013 combina yoga, taich\u00ed y meditaci\u00f3n para un retiro completo.<\/li>\n<li>Experiencia personalizada \u2013 disfruta de sesiones personalizadas y orientaci\u00f3n individual.<\/li>\n<li>Sesiones al amanecer y al atardecer \u2013 medita y practica mientras el cielo del desierto cambia de color.<\/li>\n<\/ul>\n<p><strong style=\"font-size: 35px;\">Qu\u00e9 traer:<\/strong><\/p>\n<ul>\n<li>Esterilla de yoga \u2013 Una esterilla c\u00f3moda para tu pr\u00e1ctica.<\/li>\n<li>Gafas de sol \u2013 Protege tus ojos del intenso sol del desierto.<\/li>\n<li>Botella de agua reutilizable \u2013 Mantente hidratado durante las sesiones.<\/li>\n<li>Bufanda o chal ligero \u2013 Para abrigarte durante las sesiones de la ma\u00f1ana y la noche.<\/li>\n<li>Diario y bol\u00edgrafo \u2013 Reflexiona sobre tus pensamientos y experiencias.<\/li>\n<\/ul>\n<p><strong style=\"font-size: 35px;\">Lo que debes saber antes de ir:<\/strong><\/p>\n<ul>\n<li>No se requiere experiencia previa en yoga; las sesiones son aptas para todos los niveles.<\/li>\n<li>Las temperaturas del desierto var\u00edan, as\u00ed que trae ropa de abrigo para las sesiones de ma\u00f1ana y tarde.<\/li>\n<\/ul>\n","protected":false},"excerpt":{"rendered":"<p>Descripci\u00f3n general: Encuentra paz y equilibrio en el coraz\u00f3n del Sahara con un rejuvenecedor retiro de yoga. La serena atm\u00f3sfera del desierto ofrece el escape perfecto para la atenci\u00f3n plena, el movimiento y la relajaci\u00f3n profunda. Al\u00f3jate en una lujosa y espaciosa suite, disfruta de servicios personalizados y practica yoga, pilates, taich\u00ed o meditaci\u00f3n en [&hellip;]<\/p>\n","protected":false},"featured_media":11521,"comment_status":"open","ping_status":"closed","template":"","meta":[],"product_brand":[],"product_cat":[84],"product_tag":[],"class_list":{"0":"post-11817","1":"product","2":"type-product","3":"status-publish","4":"has-post-thumbnail","6":"product_cat-activities-es","8":"first","9":"instock","10":"shipping-taxable","11":"product-type-ovabrw_car_rental"},"yoast_head":"<!-- This site is optimized with the Yoast SEO Premium plugin v25.0 (Yoast SEO v25.0) - https:\/\/yoast.com\/wordpress\/plugins\/seo\/ -->\n<title>Yoga en el Desierto del Sahara, Marruecos - zahradesertcamp<\/title>\n<meta name=\"robots\" content=\"index, follow, max-snippet:-1, max-image-preview:large, max-video-preview:-1\" \/>\n<link rel=\"canonical\" href=\"https:\/\/zahradesertcamp.com\/es\/producto\/yoga-en-el-desierto-del-sahara-marruecos\/\" \/>\n<meta property=\"og:locale\" content=\"es_ES\" \/>\n<meta property=\"og:type\" content=\"article\" \/>\n<meta property=\"og:title\" content=\"Yoga en el Desierto del Sahara, Marruecos\" \/>\n<meta property=\"og:description\" content=\"Descripci\u00f3n general: Encuentra paz y equilibrio en el coraz\u00f3n del Sahara con un rejuvenecedor retiro de yoga. La serena atm\u00f3sfera del desierto ofrece el escape perfecto para la atenci\u00f3n plena, el movimiento y la relajaci\u00f3n profunda. Al\u00f3jate en una lujosa y espaciosa suite, disfruta de servicios personalizados y practica yoga, pilates, taich\u00ed o meditaci\u00f3n en [&hellip;]\" \/>\n<meta property=\"og:url\" content=\"https:\/\/zahradesertcamp.com\/es\/producto\/yoga-en-el-desierto-del-sahara-marruecos\/\" \/>\n<meta property=\"og:site_name\" content=\"zahradesertcamp\" \/>\n<meta property=\"article:modified_time\" content=\"2025-04-08T20:09:34+00:00\" \/>\n<meta property=\"og:image\" content=\"https:\/\/zahradesertcamp.com\/wp-content\/uploads\/2025\/03\/1-15.webp\" \/>\n\t<meta property=\"og:image:width\" content=\"2500\" \/>\n\t<meta property=\"og:image:height\" content=\"1406\" \/>\n\t<meta property=\"og:image:type\" content=\"image\/webp\" \/>\n<meta name=\"twitter:card\" content=\"summary_large_image\" \/>\n<meta name=\"twitter:label1\" content=\"Tiempo de lectura\" \/>\n\t<meta name=\"twitter:data1\" content=\"1 minuto\" \/>\n<script type=\"application\/ld+json\" class=\"yoast-schema-graph\">{\"@context\":\"https:\/\/schema.org\",\"@graph\":[{\"@type\":\"WebPage\",\"@id\":\"https:\/\/zahradesertcamp.com\/es\/producto\/yoga-en-el-desierto-del-sahara-marruecos\/\",\"url\":\"https:\/\/zahradesertcamp.com\/es\/producto\/yoga-en-el-desierto-del-sahara-marruecos\/\",\"name\":\"Yoga en el Desierto del Sahara, Marruecos - zahradesertcamp\",\"isPartOf\":{\"@id\":\"https:\/\/zahradesertcamp.com\/es\/#website\"},\"primaryImageOfPage\":{\"@id\":\"https:\/\/zahradesertcamp.com\/es\/producto\/yoga-en-el-desierto-del-sahara-marruecos\/#primaryimage\"},\"image\":{\"@id\":\"https:\/\/zahradesertcamp.com\/es\/producto\/yoga-en-el-desierto-del-sahara-marruecos\/#primaryimage\"},\"thumbnailUrl\":\"https:\/\/zahradesertcamp.com\/wp-content\/uploads\/2025\/03\/1-15.webp\",\"datePublished\":\"2025-03-28T21:21:07+00:00\",\"dateModified\":\"2025-04-08T20:09:34+00:00\",\"breadcrumb\":{\"@id\":\"https:\/\/zahradesertcamp.com\/es\/producto\/yoga-en-el-desierto-del-sahara-marruecos\/#breadcrumb\"},\"inLanguage\":\"es\",\"potentialAction\":[{\"@type\":\"ReadAction\",\"target\":[\"https:\/\/zahradesertcamp.com\/es\/producto\/yoga-en-el-desierto-del-sahara-marruecos\/\"]}]},{\"@type\":\"ImageObject\",\"inLanguage\":\"es\",\"@id\":\"https:\/\/zahradesertcamp.com\/es\/producto\/yoga-en-el-desierto-del-sahara-marruecos\/#primaryimage\",\"url\":\"https:\/\/zahradesertcamp.com\/wp-content\/uploads\/2025\/03\/1-15.webp\",\"contentUrl\":\"https:\/\/zahradesertcamp.com\/wp-content\/uploads\/2025\/03\/1-15.webp\",\"width\":2500,\"height\":1406},{\"@type\":\"BreadcrumbList\",\"@id\":\"https:\/\/zahradesertcamp.com\/es\/producto\/yoga-en-el-desierto-del-sahara-marruecos\/#breadcrumb\",\"itemListElement\":[{\"@type\":\"ListItem\",\"position\":1,\"name\":\"Home\",\"item\":\"https:\/\/zahradesertcamp.com\/es\/\"},{\"@type\":\"ListItem\",\"position\":2,\"name\":\"Tienda\",\"item\":\"https:\/\/zahradesertcamp.com\/es\/tienda\/\"},{\"@type\":\"ListItem\",\"position\":3,\"name\":\"Yoga en el Desierto del Sahara, Marruecos\"}]},{\"@type\":\"WebSite\",\"@id\":\"https:\/\/zahradesertcamp.com\/es\/#website\",\"url\":\"https:\/\/zahradesertcamp.com\/es\/\",\"name\":\"zahradesertcamp\",\"description\":\"\",\"potentialAction\":[{\"@type\":\"SearchAction\",\"target\":{\"@type\":\"EntryPoint\",\"urlTemplate\":\"https:\/\/zahradesertcamp.com\/es\/?s={search_term_string}\"},\"query-input\":{\"@type\":\"PropertyValueSpecification\",\"valueRequired\":true,\"valueName\":\"search_term_string\"}}],\"inLanguage\":\"es\"}]}<\/script>\n<!-- \/ Yoast SEO Premium plugin. -->","yoast_head_json":{"title":"Yoga en el Desierto del Sahara, Marruecos - zahradesertcamp","robots":{"index":"index","follow":"follow","max-snippet":"max-snippet:-1","max-image-preview":"max-image-preview:large","max-video-preview":"max-video-preview:-1"},"canonical":"https:\/\/zahradesertcamp.com\/es\/producto\/yoga-en-el-desierto-del-sahara-marruecos\/","og_locale":"es_ES","og_type":"article","og_title":"Yoga en el Desierto del Sahara, Marruecos","og_description":"Descripci\u00f3n general: Encuentra paz y equilibrio en el coraz\u00f3n del Sahara con un rejuvenecedor retiro de yoga. La serena atm\u00f3sfera del desierto ofrece el escape perfecto para la atenci\u00f3n plena, el movimiento y la relajaci\u00f3n profunda. Al\u00f3jate en una lujosa y espaciosa suite, disfruta de servicios personalizados y practica yoga, pilates, taich\u00ed o meditaci\u00f3n en [&hellip;]","og_url":"https:\/\/zahradesertcamp.com\/es\/producto\/yoga-en-el-desierto-del-sahara-marruecos\/","og_site_name":"zahradesertcamp","article_modified_time":"2025-04-08T20:09:34+00:00","og_image":[{"width":2500,"height":1406,"url":"https:\/\/zahradesertcamp.com\/wp-content\/uploads\/2025\/03\/1-15.webp","type":"image\/webp"}],"twitter_card":"summary_large_image","twitter_misc":{"Tiempo de lectura":"1 minuto"},"schema":{"@context":"https:\/\/schema.org","@graph":[{"@type":"WebPage","@id":"https:\/\/zahradesertcamp.com\/es\/producto\/yoga-en-el-desierto-del-sahara-marruecos\/","url":"https:\/\/zahradesertcamp.com\/es\/producto\/yoga-en-el-desierto-del-sahara-marruecos\/","name":"Yoga en el Desierto del Sahara, Marruecos - zahradesertcamp","isPartOf":{"@id":"https:\/\/zahradesertcamp.com\/es\/#website"},"primaryImageOfPage":{"@id":"https:\/\/zahradesertcamp.com\/es\/producto\/yoga-en-el-desierto-del-sahara-marruecos\/#primaryimage"},"image":{"@id":"https:\/\/zahradesertcamp.com\/es\/producto\/yoga-en-el-desierto-del-sahara-marruecos\/#primaryimage"},"thumbnailUrl":"https:\/\/zahradesertcamp.com\/wp-content\/uploads\/2025\/03\/1-15.webp","datePublished":"2025-03-28T21:21:07+00:00","dateModified":"2025-04-08T20:09:34+00:00","breadcrumb":{"@id":"https:\/\/zahradesertcamp.com\/es\/producto\/yoga-en-el-desierto-del-sahara-marruecos\/#breadcrumb"},"inLanguage":"es","potentialAction":[{"@type":"ReadAction","target":["https:\/\/zahradesertcamp.com\/es\/producto\/yoga-en-el-desierto-del-sahara-marruecos\/"]}]},{"@type":"ImageObject","inLanguage":"es","@id":"https:\/\/zahradesertcamp.com\/es\/producto\/yoga-en-el-desierto-del-sahara-marruecos\/#primaryimage","url":"https:\/\/zahradesertcamp.com\/wp-content\/uploads\/2025\/03\/1-15.webp","contentUrl":"https:\/\/zahradesertcamp.com\/wp-content\/uploads\/2025\/03\/1-15.webp","width":2500,"height":1406},{"@type":"BreadcrumbList","@id":"https:\/\/zahradesertcamp.com\/es\/producto\/yoga-en-el-desierto-del-sahara-marruecos\/#breadcrumb","itemListElement":[{"@type":"ListItem","position":1,"name":"Home","item":"https:\/\/zahradesertcamp.com\/es\/"},{"@type":"ListItem","position":2,"name":"Tienda","item":"https:\/\/zahradesertcamp.com\/es\/tienda\/"},{"@type":"ListItem","position":3,"name":"Yoga en el Desierto del Sahara, Marruecos"}]},{"@type":"WebSite","@id":"https:\/\/zahradesertcamp.com\/es\/#website","url":"https:\/\/zahradesertcamp.com\/es\/","name":"zahradesertcamp","description":"","potentialAction":[{"@type":"SearchAction","target":{"@type":"EntryPoint","urlTemplate":"https:\/\/zahradesertcamp.com\/es\/?s={search_term_string}"},"query-input":{"@type":"PropertyValueSpecification","valueRequired":true,"valueName":"search_term_string"}}],"inLanguage":"es"}]}},"_links":{"self":[{"href":"https:\/\/zahradesertcamp.com\/es\/wp-json\/wp\/v2\/product\/11817","targetHints":{"allow":["GET"]}}],"collection":[{"href":"https:\/\/zahradesertcamp.com\/es\/wp-json\/wp\/v2\/product"}],"about":[{"href":"https:\/\/zahradesertcamp.com\/es\/wp-json\/wp\/v2\/types\/product"}],"replies":[{"embeddable":true,"href":"https:\/\/zahradesertcamp.com\/es\/wp-json\/wp\/v2\/comments?post=11817"}],"wp:featuredmedia":[{"embeddable":true,"href":"https:\/\/zahradesertcamp.com\/es\/wp-json\/wp\/v2\/media\/11521"}],"wp:attachment":[{"href":"https:\/\/zahradesertcamp.com\/es\/wp-json\/wp\/v2\/media?parent=11817"}],"wp:term":[{"taxonomy":"product_brand","embeddable":true,"href":"https:\/\/zahradesertcamp.com\/es\/wp-json\/wp\/v2\/product_brand?post=11817"},{"taxonomy":"product_cat","embeddable":true,"href":"https:\/\/zahradesertcamp.com\/es\/wp-json\/wp\/v2\/product_cat?post=11817"},{"taxonomy":"product_tag","embeddable":true,"href":"https:\/\/zahradesertcamp.com\/es\/wp-json\/wp\/v2\/product_tag?post=11817"}],"curies":[{"name":"wp","href":"https:\/\/api.w.org\/{rel}","templated":true}]}}