{"id":11815,"date":"2025-03-28T21:56:38","date_gmt":"2025-03-28T21:56:38","guid":{"rendered":"http:\/\/zahradesertcamp.com\/product\/sandboarding-in-erg-chebbi\/"},"modified":"2025-04-08T19:54:56","modified_gmt":"2025-04-08T19:54:56","slug":"sandboarding-en-erg-chebbi","status":"publish","type":"product","link":"https:\/\/zahradesertcamp.com\/es\/producto\/sandboarding-en-erg-chebbi\/","title":{"rendered":"Sandboarding en Erg Chebbi"},"content":{"rendered":"<h3 style=\"font-size: 35px;\">Descripci\u00f3n general:<\/h3>\n<p class=\"\" data-start=\"0\" data-end=\"243\"><strong data-start=\"0\" data-end=\"13\">Desl\u00edzate<\/strong> por las <strong data-start=\"22\" data-end=\"39\" data-is-only-node=\"\">dunas doradas<\/strong> de Erg Chebbi y experimenta la adrenalina del <strong data-start=\"86\" data-end=\"102\">sandboarding<\/strong> en el coraz\u00f3n del <strong data-start=\"121\" data-end=\"131\">Sahara<\/strong>. Tanto si eres <strong data-start=\"147\" data-end=\"163\">principiante<\/strong> como <strong data-start=\"169\" data-end=\"180\">experto<\/strong>, esta emocionante aventura es perfecta para todos los niveles.<\/p>\n<p class=\"\" data-start=\"245\" data-end=\"504\">Disfruta de un <strong data-start=\"260\" data-end=\"289\">equipo de primera calidad<\/strong> y de la <strong data-start=\"298\" data-end=\"314\">gu\u00eda experta<\/strong> mientras surfeas por la suave arena del <strong data-start=\"355\" data-end=\"367\">desierto<\/strong>. Sum\u00e9rgete en el <strong data-start=\"385\" data-end=\"410\">impresionante paisaje<\/strong> y crea recuerdos <strong data-start=\"428\" data-end=\"444\">inolvidables<\/strong> en uno de los <strong data-start=\"459\" data-end=\"490\">paisajes m\u00e1s espectaculares<\/strong> de Marruecos.<\/p>\n<p>[icon name=\u00bbmap-location-dot\u00bb prefix=\u00bbfas\u00bb class=\u00bbcustom-bed-icon fa-xs\u00bb]\u00a0 \u00a0 <strong>Ubicaci\u00f3n de inicio<\/strong><b>:<\/b> Cerca de las dunas de Merzouga<\/p>\n<p>[icon name=\u00bbmap-location\u00bb prefix=\u00bbfas\u00bb class=\u00bbcustom-bed-icon fa-xs\u00bb]\u00a0 \u00a0 <strong>Lugar final<\/strong><b>:<\/b> El mismo punto de partida.<\/p>\n<h3 style=\"font-size: 35px;\">Reflejos:<\/h3>\n<ul>\n<li>Experiencia emocionante \u2013 Desl\u00edzate por las vastas dunas de Erg Chebbi.<\/li>\n<li>Vistas impresionantes \u2013 Disfruta de impresionantes panoramas del desierto.<\/li>\n<li>Momentos inolvidables \u2013 Captura tu aventura en la arena dorada.<\/li>\n<li>Todos los niveles \u2013 No se necesita experiencia previa, diversi\u00f3n para todos.<\/li>\n<li>Equipo de calidad \u2013 Se proporciona para un paseo seguro y c\u00f3modo.<\/li>\n<\/ul>\n<p>&nbsp;<\/p>\n<p><strong style=\"font-size: 35px;\">Qu\u00e9 traer:<\/strong><\/p>\n<ul>\n<li>Gafas de sol \u2013 Protege tus ojos del sol y la arena.<\/li>\n<li>Zapatos c\u00f3modos \u2013 Ideales para caminar por las dunas.<\/li>\n<li>Botella de agua \u2013 Mantente hidratado durante tu aventura.<\/li>\n<li>C\u00e1mara o tel\u00e9fono \u2013 Captura momentos inolvidables.<\/li>\n<li>Protector solar \u2013 Protege tu piel del sol del desierto.<\/li>\n<\/ul>\n<p>&nbsp;<\/p>\n<p><strong style=\"font-size: 35px;\">Lo que debes saber antes de ir:<\/strong><\/p>\n<ul>\n<li>No se requiere experiencia previa; los gu\u00edas dar\u00e1n instrucciones.<\/li>\n<li>Se recomienda disfrutarlo por la ma\u00f1ana o al final de la tarde para evitar el calor.<\/li>\n<\/ul>\n","protected":false},"excerpt":{"rendered":"<p>Descripci\u00f3n general: Desl\u00edzate por las dunas doradas de Erg Chebbi y experimenta la adrenalina del sandboarding en el coraz\u00f3n del Sahara. Tanto si eres principiante como experto, esta emocionante aventura es perfecta para todos los niveles. Disfruta de un equipo de primera calidad y de la gu\u00eda experta mientras surfeas por la suave arena del [&hellip;]<\/p>\n","protected":false},"featured_media":11541,"comment_status":"open","ping_status":"closed","template":"","meta":[],"product_brand":[],"product_cat":[84],"product_tag":[],"class_list":{"0":"post-11815","1":"product","2":"type-product","3":"status-publish","4":"has-post-thumbnail","6":"product_cat-activities-es","8":"first","9":"instock","10":"shipping-taxable","11":"product-type-ovabrw_car_rental"},"yoast_head":"<!-- This site is optimized with the Yoast SEO Premium plugin v25.0 (Yoast SEO v25.0) - https:\/\/yoast.com\/wordpress\/plugins\/seo\/ -->\n<title>Sandboarding en Erg Chebbi - zahradesertcamp<\/title>\n<meta name=\"robots\" content=\"index, follow, max-snippet:-1, max-image-preview:large, max-video-preview:-1\" \/>\n<link rel=\"canonical\" href=\"https:\/\/zahradesertcamp.com\/es\/producto\/sandboarding-en-erg-chebbi\/\" \/>\n<meta property=\"og:locale\" content=\"es_ES\" \/>\n<meta property=\"og:type\" content=\"article\" \/>\n<meta property=\"og:title\" content=\"Sandboarding en Erg Chebbi\" \/>\n<meta property=\"og:description\" content=\"Descripci\u00f3n general: Desl\u00edzate por las dunas doradas de Erg Chebbi y experimenta la adrenalina del sandboarding en el coraz\u00f3n del Sahara. Tanto si eres principiante como experto, esta emocionante aventura es perfecta para todos los niveles. Disfruta de un equipo de primera calidad y de la gu\u00eda experta mientras surfeas por la suave arena del [&hellip;]\" \/>\n<meta property=\"og:url\" content=\"https:\/\/zahradesertcamp.com\/es\/producto\/sandboarding-en-erg-chebbi\/\" \/>\n<meta property=\"og:site_name\" content=\"zahradesertcamp\" \/>\n<meta property=\"article:modified_time\" content=\"2025-04-08T19:54:56+00:00\" \/>\n<meta property=\"og:image\" content=\"https:\/\/zahradesertcamp.com\/wp-content\/uploads\/2025\/03\/1-16.webp\" \/>\n\t<meta property=\"og:image:width\" content=\"2500\" \/>\n\t<meta property=\"og:image:height\" content=\"1406\" \/>\n\t<meta property=\"og:image:type\" content=\"image\/webp\" \/>\n<meta name=\"twitter:card\" content=\"summary_large_image\" \/>\n<meta name=\"twitter:label1\" content=\"Tiempo de lectura\" \/>\n\t<meta name=\"twitter:data1\" content=\"1 minuto\" \/>\n<script type=\"application\/ld+json\" class=\"yoast-schema-graph\">{\"@context\":\"https:\/\/schema.org\",\"@graph\":[{\"@type\":\"WebPage\",\"@id\":\"https:\/\/zahradesertcamp.com\/es\/producto\/sandboarding-en-erg-chebbi\/\",\"url\":\"https:\/\/zahradesertcamp.com\/es\/producto\/sandboarding-en-erg-chebbi\/\",\"name\":\"Sandboarding en Erg Chebbi - zahradesertcamp\",\"isPartOf\":{\"@id\":\"https:\/\/zahradesertcamp.com\/es\/#website\"},\"primaryImageOfPage\":{\"@id\":\"https:\/\/zahradesertcamp.com\/es\/producto\/sandboarding-en-erg-chebbi\/#primaryimage\"},\"image\":{\"@id\":\"https:\/\/zahradesertcamp.com\/es\/producto\/sandboarding-en-erg-chebbi\/#primaryimage\"},\"thumbnailUrl\":\"https:\/\/zahradesertcamp.com\/wp-content\/uploads\/2025\/03\/1-16.webp\",\"datePublished\":\"2025-03-28T21:56:38+00:00\",\"dateModified\":\"2025-04-08T19:54:56+00:00\",\"breadcrumb\":{\"@id\":\"https:\/\/zahradesertcamp.com\/es\/producto\/sandboarding-en-erg-chebbi\/#breadcrumb\"},\"inLanguage\":\"es\",\"potentialAction\":[{\"@type\":\"ReadAction\",\"target\":[\"https:\/\/zahradesertcamp.com\/es\/producto\/sandboarding-en-erg-chebbi\/\"]}]},{\"@type\":\"ImageObject\",\"inLanguage\":\"es\",\"@id\":\"https:\/\/zahradesertcamp.com\/es\/producto\/sandboarding-en-erg-chebbi\/#primaryimage\",\"url\":\"https:\/\/zahradesertcamp.com\/wp-content\/uploads\/2025\/03\/1-16.webp\",\"contentUrl\":\"https:\/\/zahradesertcamp.com\/wp-content\/uploads\/2025\/03\/1-16.webp\",\"width\":2500,\"height\":1406},{\"@type\":\"BreadcrumbList\",\"@id\":\"https:\/\/zahradesertcamp.com\/es\/producto\/sandboarding-en-erg-chebbi\/#breadcrumb\",\"itemListElement\":[{\"@type\":\"ListItem\",\"position\":1,\"name\":\"Home\",\"item\":\"https:\/\/zahradesertcamp.com\/es\/\"},{\"@type\":\"ListItem\",\"position\":2,\"name\":\"Tienda\",\"item\":\"https:\/\/zahradesertcamp.com\/es\/tienda\/\"},{\"@type\":\"ListItem\",\"position\":3,\"name\":\"Sandboarding en Erg Chebbi\"}]},{\"@type\":\"WebSite\",\"@id\":\"https:\/\/zahradesertcamp.com\/es\/#website\",\"url\":\"https:\/\/zahradesertcamp.com\/es\/\",\"name\":\"zahradesertcamp\",\"description\":\"\",\"potentialAction\":[{\"@type\":\"SearchAction\",\"target\":{\"@type\":\"EntryPoint\",\"urlTemplate\":\"https:\/\/zahradesertcamp.com\/es\/?s={search_term_string}\"},\"query-input\":{\"@type\":\"PropertyValueSpecification\",\"valueRequired\":true,\"valueName\":\"search_term_string\"}}],\"inLanguage\":\"es\"}]}<\/script>\n<!-- \/ Yoast SEO Premium plugin. -->","yoast_head_json":{"title":"Sandboarding en Erg Chebbi - zahradesertcamp","robots":{"index":"index","follow":"follow","max-snippet":"max-snippet:-1","max-image-preview":"max-image-preview:large","max-video-preview":"max-video-preview:-1"},"canonical":"https:\/\/zahradesertcamp.com\/es\/producto\/sandboarding-en-erg-chebbi\/","og_locale":"es_ES","og_type":"article","og_title":"Sandboarding en Erg Chebbi","og_description":"Descripci\u00f3n general: Desl\u00edzate por las dunas doradas de Erg Chebbi y experimenta la adrenalina del sandboarding en el coraz\u00f3n del Sahara. Tanto si eres principiante como experto, esta emocionante aventura es perfecta para todos los niveles. Disfruta de un equipo de primera calidad y de la gu\u00eda experta mientras surfeas por la suave arena del [&hellip;]","og_url":"https:\/\/zahradesertcamp.com\/es\/producto\/sandboarding-en-erg-chebbi\/","og_site_name":"zahradesertcamp","article_modified_time":"2025-04-08T19:54:56+00:00","og_image":[{"width":2500,"height":1406,"url":"https:\/\/zahradesertcamp.com\/wp-content\/uploads\/2025\/03\/1-16.webp","type":"image\/webp"}],"twitter_card":"summary_large_image","twitter_misc":{"Tiempo de lectura":"1 minuto"},"schema":{"@context":"https:\/\/schema.org","@graph":[{"@type":"WebPage","@id":"https:\/\/zahradesertcamp.com\/es\/producto\/sandboarding-en-erg-chebbi\/","url":"https:\/\/zahradesertcamp.com\/es\/producto\/sandboarding-en-erg-chebbi\/","name":"Sandboarding en Erg Chebbi - zahradesertcamp","isPartOf":{"@id":"https:\/\/zahradesertcamp.com\/es\/#website"},"primaryImageOfPage":{"@id":"https:\/\/zahradesertcamp.com\/es\/producto\/sandboarding-en-erg-chebbi\/#primaryimage"},"image":{"@id":"https:\/\/zahradesertcamp.com\/es\/producto\/sandboarding-en-erg-chebbi\/#primaryimage"},"thumbnailUrl":"https:\/\/zahradesertcamp.com\/wp-content\/uploads\/2025\/03\/1-16.webp","datePublished":"2025-03-28T21:56:38+00:00","dateModified":"2025-04-08T19:54:56+00:00","breadcrumb":{"@id":"https:\/\/zahradesertcamp.com\/es\/producto\/sandboarding-en-erg-chebbi\/#breadcrumb"},"inLanguage":"es","potentialAction":[{"@type":"ReadAction","target":["https:\/\/zahradesertcamp.com\/es\/producto\/sandboarding-en-erg-chebbi\/"]}]},{"@type":"ImageObject","inLanguage":"es","@id":"https:\/\/zahradesertcamp.com\/es\/producto\/sandboarding-en-erg-chebbi\/#primaryimage","url":"https:\/\/zahradesertcamp.com\/wp-content\/uploads\/2025\/03\/1-16.webp","contentUrl":"https:\/\/zahradesertcamp.com\/wp-content\/uploads\/2025\/03\/1-16.webp","width":2500,"height":1406},{"@type":"BreadcrumbList","@id":"https:\/\/zahradesertcamp.com\/es\/producto\/sandboarding-en-erg-chebbi\/#breadcrumb","itemListElement":[{"@type":"ListItem","position":1,"name":"Home","item":"https:\/\/zahradesertcamp.com\/es\/"},{"@type":"ListItem","position":2,"name":"Tienda","item":"https:\/\/zahradesertcamp.com\/es\/tienda\/"},{"@type":"ListItem","position":3,"name":"Sandboarding en Erg Chebbi"}]},{"@type":"WebSite","@id":"https:\/\/zahradesertcamp.com\/es\/#website","url":"https:\/\/zahradesertcamp.com\/es\/","name":"zahradesertcamp","description":"","potentialAction":[{"@type":"SearchAction","target":{"@type":"EntryPoint","urlTemplate":"https:\/\/zahradesertcamp.com\/es\/?s={search_term_string}"},"query-input":{"@type":"PropertyValueSpecification","valueRequired":true,"valueName":"search_term_string"}}],"inLanguage":"es"}]}},"_links":{"self":[{"href":"https:\/\/zahradesertcamp.com\/es\/wp-json\/wp\/v2\/product\/11815","targetHints":{"allow":["GET"]}}],"collection":[{"href":"https:\/\/zahradesertcamp.com\/es\/wp-json\/wp\/v2\/product"}],"about":[{"href":"https:\/\/zahradesertcamp.com\/es\/wp-json\/wp\/v2\/types\/product"}],"replies":[{"embeddable":true,"href":"https:\/\/zahradesertcamp.com\/es\/wp-json\/wp\/v2\/comments?post=11815"}],"wp:featuredmedia":[{"embeddable":true,"href":"https:\/\/zahradesertcamp.com\/es\/wp-json\/wp\/v2\/media\/11541"}],"wp:attachment":[{"href":"https:\/\/zahradesertcamp.com\/es\/wp-json\/wp\/v2\/media?parent=11815"}],"wp:term":[{"taxonomy":"product_brand","embeddable":true,"href":"https:\/\/zahradesertcamp.com\/es\/wp-json\/wp\/v2\/product_brand?post=11815"},{"taxonomy":"product_cat","embeddable":true,"href":"https:\/\/zahradesertcamp.com\/es\/wp-json\/wp\/v2\/product_cat?post=11815"},{"taxonomy":"product_tag","embeddable":true,"href":"https:\/\/zahradesertcamp.com\/es\/wp-json\/wp\/v2\/product_tag?post=11815"}],"curies":[{"name":"wp","href":"https:\/\/api.w.org\/{rel}","templated":true}]}}