{"id":11813,"date":"2025-03-28T22:38:05","date_gmt":"2025-03-28T22:38:05","guid":{"rendered":"http:\/\/zahradesertcamp.com\/product\/3-days-camel-trek-in-merzouga\/"},"modified":"2025-04-08T19:43:51","modified_gmt":"2025-04-08T19:43:51","slug":"trekking-en-camello-de-3-dias-en-merzouga","status":"publish","type":"product","link":"https:\/\/zahradesertcamp.com\/es\/producto\/trekking-en-camello-de-3-dias-en-merzouga\/","title":{"rendered":"Trekking en camello de 3 d\u00edas en Merzouga"},"content":{"rendered":"<h3 style=\"font-size: 35px;\">Descripci\u00f3n general:<\/h3>\n<p class=\"\" data-start=\"0\" data-end=\"228\"><strong data-start=\"0\" data-end=\"13\">Emb\u00e1rcate<\/strong> en una inolvidable aventura de 3 d\u00edas en camello por las doradas <strong data-start=\"79\" data-end=\"102\" data-is-only-node=\"\">dunas de Erg Chebbi<\/strong>. Contempla <strong data-start=\"114\" data-end=\"128\">amaneceres<\/strong> y <strong data-start=\"131\" data-end=\"146\">atardeceres<\/strong> fascinantes mientras recorres los <strong data-start=\"181\" data-end=\"227\">paisajes en constante evoluci\u00f3n del Sahara<\/strong>.<\/p>\n<p class=\"\" data-start=\"230\" data-end=\"402\">Sum\u00e9rgete en la apacible belleza del desierto, camina por <strong data-start=\"288\" data-end=\"315\">paisajes impresionantes<\/strong> y vive las <strong data-start=\"327\" data-end=\"354\">tradiciones atemporales<\/strong> de la vida n\u00f3mada bajo un <strong data-start=\"381\" data-end=\"401\">cielo estrellado<\/strong>.<\/p>\n<p>[icon name=\u00bbmap-location-dot\u00bb prefix=\u00bbfas\u00bb class=\u00bbcustom-bed-icon fa-xs\u00bb]\u00a0 \u00a0 <strong>Ubicaci\u00f3n de inicio<\/strong><b>:<\/b> Cerca de las dunas de Merzouga<\/p>\n<p>[icon name=\u00bbmap-location\u00bb prefix=\u00bbfas\u00bb class=\u00bbcustom-bed-icon fa-xs\u00bb]\u00a0 \u00a0 <strong>Lugar final<\/strong><b>:<\/b> El mismo punto de partida<\/p>\n<h3 style=\"font-size: 35px;\">Reflejos:<\/h3>\n<ul>\n<li>Aut\u00e9ntico paseo en camello \u2013 Recorre las vastas dunas como un aut\u00e9ntico n\u00f3mada.<\/li>\n<li>Impresionantes atardeceres y amaneceres \u2013 Contempla la transformaci\u00f3n del cielo del desierto.<\/li>\n<li>Impresionantes paisajes des\u00e9rticos \u2013 Explora la infinita belleza de Erg Chebbi.<\/li>\n<li>Noches de fogata \u2013 Disfruta de la m\u00fasica bereber y de las historias bajo las estrellas.<\/li>\n<li>Comidas tradicionales \u2013 Saborea la deliciosa cocina marroqu\u00ed en el campamento.<\/li>\n<\/ul>\n<p>&nbsp;<\/p>\n<p><strong style=\"font-size: 35px;\">Qu\u00e9 traer:<\/strong><\/p>\n<ul>\n<li>Bufanda o turbante \u2013 Prot\u00e9gete del sol y la arena.<\/li>\n<li>Linterna frontal o frontal \u2013 Imprescindible para la noche en el desierto.<\/li>\n<li>Calzado c\u00f3modo para caminar \u2013 Ideal para caminar por las dunas.<\/li>\n<li>Ropa abrigada \u2013 Las noches en el desierto pueden ser fr\u00edas.<\/li>\n<li>C\u00e1mara \u2013 Captura momentos inolvidables en el desierto.<\/li>\n<\/ul>\n<p>&nbsp;<\/p>\n<p><strong style=\"font-size: 35px;\">Lo que debes saber antes de ir:<\/strong><\/p>\n<ul>\n<li>No se necesita experiencia previa en montar en camello; los gu\u00edas le ayudar\u00e1n.<\/li>\n<li>Prep\u00e1rese para los cambios de temperatura entre el d\u00eda y la noche.<\/li>\n<\/ul>\n","protected":false},"excerpt":{"rendered":"<p>Descripci\u00f3n general: Emb\u00e1rcate en una inolvidable aventura de 3 d\u00edas en camello por las doradas dunas de Erg Chebbi. Contempla amaneceres y atardeceres fascinantes mientras recorres los paisajes en constante evoluci\u00f3n del Sahara. Sum\u00e9rgete en la apacible belleza del desierto, camina por paisajes impresionantes y vive las tradiciones atemporales de la vida n\u00f3mada bajo un [&hellip;]<\/p>\n","protected":false},"featured_media":11577,"comment_status":"open","ping_status":"closed","template":"","meta":[],"product_brand":[],"product_cat":[84],"product_tag":[],"class_list":{"0":"post-11813","1":"product","2":"type-product","3":"status-publish","4":"has-post-thumbnail","6":"product_cat-activities-es","8":"first","9":"instock","10":"shipping-taxable","11":"product-type-ovabrw_car_rental"},"yoast_head":"<!-- This site is optimized with the Yoast SEO Premium plugin v25.0 (Yoast SEO v25.0) - https:\/\/yoast.com\/wordpress\/plugins\/seo\/ -->\n<title>Trekking en camello de 3 d\u00edas en Merzouga - zahradesertcamp<\/title>\n<meta name=\"robots\" content=\"index, follow, max-snippet:-1, max-image-preview:large, max-video-preview:-1\" \/>\n<link rel=\"canonical\" href=\"https:\/\/zahradesertcamp.com\/es\/producto\/trekking-en-camello-de-3-dias-en-merzouga\/\" \/>\n<meta property=\"og:locale\" content=\"es_ES\" \/>\n<meta property=\"og:type\" content=\"article\" \/>\n<meta property=\"og:title\" content=\"Trekking en camello de 3 d\u00edas en Merzouga\" \/>\n<meta property=\"og:description\" content=\"Descripci\u00f3n general: Emb\u00e1rcate en una inolvidable aventura de 3 d\u00edas en camello por las doradas dunas de Erg Chebbi. Contempla amaneceres y atardeceres fascinantes mientras recorres los paisajes en constante evoluci\u00f3n del Sahara. Sum\u00e9rgete en la apacible belleza del desierto, camina por paisajes impresionantes y vive las tradiciones atemporales de la vida n\u00f3mada bajo un [&hellip;]\" \/>\n<meta property=\"og:url\" content=\"https:\/\/zahradesertcamp.com\/es\/producto\/trekking-en-camello-de-3-dias-en-merzouga\/\" \/>\n<meta property=\"og:site_name\" content=\"zahradesertcamp\" \/>\n<meta property=\"article:modified_time\" content=\"2025-04-08T19:43:51+00:00\" \/>\n<meta property=\"og:image\" content=\"https:\/\/zahradesertcamp.com\/wp-content\/uploads\/2025\/03\/8-14.webp\" \/>\n\t<meta property=\"og:image:width\" content=\"2500\" \/>\n\t<meta property=\"og:image:height\" content=\"1406\" \/>\n\t<meta property=\"og:image:type\" content=\"image\/webp\" \/>\n<meta name=\"twitter:card\" content=\"summary_large_image\" \/>\n<meta name=\"twitter:label1\" content=\"Tiempo de lectura\" \/>\n\t<meta name=\"twitter:data1\" content=\"1 minuto\" \/>\n<script type=\"application\/ld+json\" class=\"yoast-schema-graph\">{\"@context\":\"https:\/\/schema.org\",\"@graph\":[{\"@type\":\"WebPage\",\"@id\":\"https:\/\/zahradesertcamp.com\/es\/producto\/trekking-en-camello-de-3-dias-en-merzouga\/\",\"url\":\"https:\/\/zahradesertcamp.com\/es\/producto\/trekking-en-camello-de-3-dias-en-merzouga\/\",\"name\":\"Trekking en camello de 3 d\u00edas en Merzouga - zahradesertcamp\",\"isPartOf\":{\"@id\":\"https:\/\/zahradesertcamp.com\/es\/#website\"},\"primaryImageOfPage\":{\"@id\":\"https:\/\/zahradesertcamp.com\/es\/producto\/trekking-en-camello-de-3-dias-en-merzouga\/#primaryimage\"},\"image\":{\"@id\":\"https:\/\/zahradesertcamp.com\/es\/producto\/trekking-en-camello-de-3-dias-en-merzouga\/#primaryimage\"},\"thumbnailUrl\":\"https:\/\/zahradesertcamp.com\/wp-content\/uploads\/2025\/03\/8-14.webp\",\"datePublished\":\"2025-03-28T22:38:05+00:00\",\"dateModified\":\"2025-04-08T19:43:51+00:00\",\"breadcrumb\":{\"@id\":\"https:\/\/zahradesertcamp.com\/es\/producto\/trekking-en-camello-de-3-dias-en-merzouga\/#breadcrumb\"},\"inLanguage\":\"es\",\"potentialAction\":[{\"@type\":\"ReadAction\",\"target\":[\"https:\/\/zahradesertcamp.com\/es\/producto\/trekking-en-camello-de-3-dias-en-merzouga\/\"]}]},{\"@type\":\"ImageObject\",\"inLanguage\":\"es\",\"@id\":\"https:\/\/zahradesertcamp.com\/es\/producto\/trekking-en-camello-de-3-dias-en-merzouga\/#primaryimage\",\"url\":\"https:\/\/zahradesertcamp.com\/wp-content\/uploads\/2025\/03\/8-14.webp\",\"contentUrl\":\"https:\/\/zahradesertcamp.com\/wp-content\/uploads\/2025\/03\/8-14.webp\",\"width\":2500,\"height\":1406},{\"@type\":\"BreadcrumbList\",\"@id\":\"https:\/\/zahradesertcamp.com\/es\/producto\/trekking-en-camello-de-3-dias-en-merzouga\/#breadcrumb\",\"itemListElement\":[{\"@type\":\"ListItem\",\"position\":1,\"name\":\"Home\",\"item\":\"https:\/\/zahradesertcamp.com\/es\/\"},{\"@type\":\"ListItem\",\"position\":2,\"name\":\"Tienda\",\"item\":\"https:\/\/zahradesertcamp.com\/es\/tienda\/\"},{\"@type\":\"ListItem\",\"position\":3,\"name\":\"Trekking en camello de 3 d\u00edas en Merzouga\"}]},{\"@type\":\"WebSite\",\"@id\":\"https:\/\/zahradesertcamp.com\/es\/#website\",\"url\":\"https:\/\/zahradesertcamp.com\/es\/\",\"name\":\"zahradesertcamp\",\"description\":\"\",\"potentialAction\":[{\"@type\":\"SearchAction\",\"target\":{\"@type\":\"EntryPoint\",\"urlTemplate\":\"https:\/\/zahradesertcamp.com\/es\/?s={search_term_string}\"},\"query-input\":{\"@type\":\"PropertyValueSpecification\",\"valueRequired\":true,\"valueName\":\"search_term_string\"}}],\"inLanguage\":\"es\"}]}<\/script>\n<!-- \/ Yoast SEO Premium plugin. -->","yoast_head_json":{"title":"Trekking en camello de 3 d\u00edas en Merzouga - zahradesertcamp","robots":{"index":"index","follow":"follow","max-snippet":"max-snippet:-1","max-image-preview":"max-image-preview:large","max-video-preview":"max-video-preview:-1"},"canonical":"https:\/\/zahradesertcamp.com\/es\/producto\/trekking-en-camello-de-3-dias-en-merzouga\/","og_locale":"es_ES","og_type":"article","og_title":"Trekking en camello de 3 d\u00edas en Merzouga","og_description":"Descripci\u00f3n general: Emb\u00e1rcate en una inolvidable aventura de 3 d\u00edas en camello por las doradas dunas de Erg Chebbi. Contempla amaneceres y atardeceres fascinantes mientras recorres los paisajes en constante evoluci\u00f3n del Sahara. Sum\u00e9rgete en la apacible belleza del desierto, camina por paisajes impresionantes y vive las tradiciones atemporales de la vida n\u00f3mada bajo un [&hellip;]","og_url":"https:\/\/zahradesertcamp.com\/es\/producto\/trekking-en-camello-de-3-dias-en-merzouga\/","og_site_name":"zahradesertcamp","article_modified_time":"2025-04-08T19:43:51+00:00","og_image":[{"width":2500,"height":1406,"url":"https:\/\/zahradesertcamp.com\/wp-content\/uploads\/2025\/03\/8-14.webp","type":"image\/webp"}],"twitter_card":"summary_large_image","twitter_misc":{"Tiempo de lectura":"1 minuto"},"schema":{"@context":"https:\/\/schema.org","@graph":[{"@type":"WebPage","@id":"https:\/\/zahradesertcamp.com\/es\/producto\/trekking-en-camello-de-3-dias-en-merzouga\/","url":"https:\/\/zahradesertcamp.com\/es\/producto\/trekking-en-camello-de-3-dias-en-merzouga\/","name":"Trekking en camello de 3 d\u00edas en Merzouga - zahradesertcamp","isPartOf":{"@id":"https:\/\/zahradesertcamp.com\/es\/#website"},"primaryImageOfPage":{"@id":"https:\/\/zahradesertcamp.com\/es\/producto\/trekking-en-camello-de-3-dias-en-merzouga\/#primaryimage"},"image":{"@id":"https:\/\/zahradesertcamp.com\/es\/producto\/trekking-en-camello-de-3-dias-en-merzouga\/#primaryimage"},"thumbnailUrl":"https:\/\/zahradesertcamp.com\/wp-content\/uploads\/2025\/03\/8-14.webp","datePublished":"2025-03-28T22:38:05+00:00","dateModified":"2025-04-08T19:43:51+00:00","breadcrumb":{"@id":"https:\/\/zahradesertcamp.com\/es\/producto\/trekking-en-camello-de-3-dias-en-merzouga\/#breadcrumb"},"inLanguage":"es","potentialAction":[{"@type":"ReadAction","target":["https:\/\/zahradesertcamp.com\/es\/producto\/trekking-en-camello-de-3-dias-en-merzouga\/"]}]},{"@type":"ImageObject","inLanguage":"es","@id":"https:\/\/zahradesertcamp.com\/es\/producto\/trekking-en-camello-de-3-dias-en-merzouga\/#primaryimage","url":"https:\/\/zahradesertcamp.com\/wp-content\/uploads\/2025\/03\/8-14.webp","contentUrl":"https:\/\/zahradesertcamp.com\/wp-content\/uploads\/2025\/03\/8-14.webp","width":2500,"height":1406},{"@type":"BreadcrumbList","@id":"https:\/\/zahradesertcamp.com\/es\/producto\/trekking-en-camello-de-3-dias-en-merzouga\/#breadcrumb","itemListElement":[{"@type":"ListItem","position":1,"name":"Home","item":"https:\/\/zahradesertcamp.com\/es\/"},{"@type":"ListItem","position":2,"name":"Tienda","item":"https:\/\/zahradesertcamp.com\/es\/tienda\/"},{"@type":"ListItem","position":3,"name":"Trekking en camello de 3 d\u00edas en Merzouga"}]},{"@type":"WebSite","@id":"https:\/\/zahradesertcamp.com\/es\/#website","url":"https:\/\/zahradesertcamp.com\/es\/","name":"zahradesertcamp","description":"","potentialAction":[{"@type":"SearchAction","target":{"@type":"EntryPoint","urlTemplate":"https:\/\/zahradesertcamp.com\/es\/?s={search_term_string}"},"query-input":{"@type":"PropertyValueSpecification","valueRequired":true,"valueName":"search_term_string"}}],"inLanguage":"es"}]}},"_links":{"self":[{"href":"https:\/\/zahradesertcamp.com\/es\/wp-json\/wp\/v2\/product\/11813","targetHints":{"allow":["GET"]}}],"collection":[{"href":"https:\/\/zahradesertcamp.com\/es\/wp-json\/wp\/v2\/product"}],"about":[{"href":"https:\/\/zahradesertcamp.com\/es\/wp-json\/wp\/v2\/types\/product"}],"replies":[{"embeddable":true,"href":"https:\/\/zahradesertcamp.com\/es\/wp-json\/wp\/v2\/comments?post=11813"}],"wp:featuredmedia":[{"embeddable":true,"href":"https:\/\/zahradesertcamp.com\/es\/wp-json\/wp\/v2\/media\/11577"}],"wp:attachment":[{"href":"https:\/\/zahradesertcamp.com\/es\/wp-json\/wp\/v2\/media?parent=11813"}],"wp:term":[{"taxonomy":"product_brand","embeddable":true,"href":"https:\/\/zahradesertcamp.com\/es\/wp-json\/wp\/v2\/product_brand?post=11813"},{"taxonomy":"product_cat","embeddable":true,"href":"https:\/\/zahradesertcamp.com\/es\/wp-json\/wp\/v2\/product_cat?post=11813"},{"taxonomy":"product_tag","embeddable":true,"href":"https:\/\/zahradesertcamp.com\/es\/wp-json\/wp\/v2\/product_tag?post=11813"}],"curies":[{"name":"wp","href":"https:\/\/api.w.org\/{rel}","templated":true}]}}