{"id":11811,"date":"2025-03-28T23:14:38","date_gmt":"2025-03-28T23:14:38","guid":{"rendered":"http:\/\/zahradesertcamp.com\/product\/overnight-camel-trekking-in-merzouga\/"},"modified":"2025-04-08T19:29:09","modified_gmt":"2025-04-08T19:29:09","slug":"trekking-nocturno-en-camello-en-merzouga","status":"publish","type":"product","link":"https:\/\/zahradesertcamp.com\/es\/producto\/trekking-nocturno-en-camello-en-merzouga\/","title":{"rendered":"Trekking Nocturno en Camello en Merzouga"},"content":{"rendered":"<h3 style=\"font-size: 35px;\">Descripci\u00f3n general:<\/h3>\n<p class=\"\" data-start=\"0\" data-end=\"214\"><strong data-start=\"0\" data-end=\"13\">Emb\u00e1rcate<\/strong> en una m\u00e1gica <strong data-start=\"28\" data-end=\"60\" data-is-only-node=\"\">traves\u00eda nocturna en camello<\/strong> por las impresionantes dunas de <strong data-start=\"93\" data-end=\"107\">Erg Chebbi<\/strong>. Contempla la impresionante <strong data-start=\"136\" data-end=\"153\">puesta de sol<\/strong> en el desierto mientras cabalgas por las <strong data-start=\"195\" data-end=\"213\">doradas arenas<\/strong>.<\/p>\n<p class=\"\" data-start=\"216\" data-end=\"418\">Disfruta de una <strong data-start=\"232\" data-end=\"261\">cena tradicional marroqu\u00ed<\/strong> bajo un <strong data-start=\"270\" data-end=\"290\">cielo estrellado<\/strong> y despierta con un <strong data-start=\"310\" data-end=\"333\">amanecer cautivador<\/strong> antes de emprender el regreso, llev\u00e1ndote <strong data-start=\"376\" data-end=\"402\">recuerdos inolvidables<\/strong> del <strong data-start=\"407\" data-end=\"417\">Sahara<\/strong>.<\/p>\n<p>[icon name=\u00bbmap-location-dot\u00bb prefix=\u00bbfas\u00bb class=\u00bbcustom-bed-icon fa-xs\u00bb]\u00a0 <strong>Ubicaci\u00f3n de inicio:<\/strong> Cerca de las dunas en Merzouga.<\/p>\n<p>[icon name=\u00bbmap-location\u00bb prefix=\u00bbfas\u00bb class=\u00bbcustom-bed-icon fa-xs\u00bb]\u00a0 \u00a0 <strong>Lugar final:<\/strong> El mismo punto de partida.<\/p>\n<h3 style=\"font-size: 35px;\">Reflejos:<\/h3>\n<ul>\n<li>Experiencia de paseo en camello \u2013 Recorre las majestuosas dunas.<\/li>\n<li>Atardeceres y amaneceres espectaculares \u2013 Admira la belleza de la naturaleza en todo su esplendor.<\/li>\n<li>Fogata bajo las estrellas \u2013 Disfruta de la m\u00fasica y los cuentos bereberes.<\/li>\n<li>Experiencia inmersiva en el desierto \u2013 Siente la serenidad del Sahara.<\/li>\n<li>Aut\u00e9ntica cocina marroqu\u00ed \u2013 Saborea una deliciosa cena tradicional.<\/li>\n<\/ul>\n<p>&nbsp;<\/p>\n<p><strong style=\"font-size: 35px;\">Qu\u00e9 traer:<\/strong><\/p>\n<ul>\n<li>Bufanda o turbante \u2013 Prot\u00e9gete del sol y la arena.<\/li>\n<li>Ropa abrigada \u2013 Las noches en el desierto pueden ser fr\u00edas.<\/li>\n<li>C\u00e1mara \u2013 Captura momentos inolvidables.<\/li>\n<li>Linterna o frontal \u2013 \u00datil para la noche en el campamento.<\/li>\n<li>Calzado c\u00f3modo \u2013 Ideal para caminar por la arena.<\/li>\n<\/ul>\n<p>&nbsp;<\/p>\n<p><strong style=\"font-size: 35px;\">Lo que debes saber antes de ir:<\/strong><\/p>\n<ul>\n<li>No se necesita experiencia previa en montar en camello; los gu\u00edas le ayudar\u00e1n.<\/li>\n<li>Puede haber diferencias de temperatura entre el d\u00eda y la noche.<\/li>\n<\/ul>\n","protected":false},"excerpt":{"rendered":"<p>Descripci\u00f3n general: Emb\u00e1rcate en una m\u00e1gica traves\u00eda nocturna en camello por las impresionantes dunas de Erg Chebbi. Contempla la impresionante puesta de sol en el desierto mientras cabalgas por las doradas arenas. Disfruta de una cena tradicional marroqu\u00ed bajo un cielo estrellado y despierta con un amanecer cautivador antes de emprender el regreso, llev\u00e1ndote recuerdos [&hellip;]<\/p>\n","protected":false},"featured_media":11597,"comment_status":"open","ping_status":"closed","template":"","meta":[],"product_brand":[],"product_cat":[84],"product_tag":[],"class_list":{"0":"post-11811","1":"product","2":"type-product","3":"status-publish","4":"has-post-thumbnail","6":"product_cat-activities-es","8":"first","9":"instock","10":"shipping-taxable","11":"product-type-ovabrw_car_rental"},"yoast_head":"<!-- This site is optimized with the Yoast SEO Premium plugin v25.0 (Yoast SEO v25.0) - https:\/\/yoast.com\/wordpress\/plugins\/seo\/ -->\n<title>Trekking Nocturno en Camello en Merzouga - zahradesertcamp<\/title>\n<meta name=\"robots\" content=\"index, follow, max-snippet:-1, max-image-preview:large, max-video-preview:-1\" \/>\n<link rel=\"canonical\" href=\"https:\/\/zahradesertcamp.com\/es\/producto\/trekking-nocturno-en-camello-en-merzouga\/\" \/>\n<meta property=\"og:locale\" content=\"es_ES\" \/>\n<meta property=\"og:type\" content=\"article\" \/>\n<meta property=\"og:title\" content=\"Trekking Nocturno en Camello en Merzouga\" \/>\n<meta property=\"og:description\" content=\"Descripci\u00f3n general: Emb\u00e1rcate en una m\u00e1gica traves\u00eda nocturna en camello por las impresionantes dunas de Erg Chebbi. Contempla la impresionante puesta de sol en el desierto mientras cabalgas por las doradas arenas. Disfruta de una cena tradicional marroqu\u00ed bajo un cielo estrellado y despierta con un amanecer cautivador antes de emprender el regreso, llev\u00e1ndote recuerdos [&hellip;]\" \/>\n<meta property=\"og:url\" content=\"https:\/\/zahradesertcamp.com\/es\/producto\/trekking-nocturno-en-camello-en-merzouga\/\" \/>\n<meta property=\"og:site_name\" content=\"zahradesertcamp\" \/>\n<meta property=\"article:modified_time\" content=\"2025-04-08T19:29:09+00:00\" \/>\n<meta property=\"og:image\" content=\"https:\/\/zahradesertcamp.com\/wp-content\/uploads\/2025\/03\/1-18.webp\" \/>\n\t<meta property=\"og:image:width\" content=\"2500\" \/>\n\t<meta property=\"og:image:height\" content=\"1406\" \/>\n\t<meta property=\"og:image:type\" content=\"image\/webp\" \/>\n<meta name=\"twitter:card\" content=\"summary_large_image\" \/>\n<meta name=\"twitter:label1\" content=\"Tiempo de lectura\" \/>\n\t<meta name=\"twitter:data1\" content=\"1 minuto\" \/>\n<script type=\"application\/ld+json\" class=\"yoast-schema-graph\">{\"@context\":\"https:\/\/schema.org\",\"@graph\":[{\"@type\":\"WebPage\",\"@id\":\"https:\/\/zahradesertcamp.com\/es\/producto\/trekking-nocturno-en-camello-en-merzouga\/\",\"url\":\"https:\/\/zahradesertcamp.com\/es\/producto\/trekking-nocturno-en-camello-en-merzouga\/\",\"name\":\"Trekking Nocturno en Camello en Merzouga - zahradesertcamp\",\"isPartOf\":{\"@id\":\"https:\/\/zahradesertcamp.com\/es\/#website\"},\"primaryImageOfPage\":{\"@id\":\"https:\/\/zahradesertcamp.com\/es\/producto\/trekking-nocturno-en-camello-en-merzouga\/#primaryimage\"},\"image\":{\"@id\":\"https:\/\/zahradesertcamp.com\/es\/producto\/trekking-nocturno-en-camello-en-merzouga\/#primaryimage\"},\"thumbnailUrl\":\"https:\/\/zahradesertcamp.com\/wp-content\/uploads\/2025\/03\/1-18.webp\",\"datePublished\":\"2025-03-28T23:14:38+00:00\",\"dateModified\":\"2025-04-08T19:29:09+00:00\",\"breadcrumb\":{\"@id\":\"https:\/\/zahradesertcamp.com\/es\/producto\/trekking-nocturno-en-camello-en-merzouga\/#breadcrumb\"},\"inLanguage\":\"es\",\"potentialAction\":[{\"@type\":\"ReadAction\",\"target\":[\"https:\/\/zahradesertcamp.com\/es\/producto\/trekking-nocturno-en-camello-en-merzouga\/\"]}]},{\"@type\":\"ImageObject\",\"inLanguage\":\"es\",\"@id\":\"https:\/\/zahradesertcamp.com\/es\/producto\/trekking-nocturno-en-camello-en-merzouga\/#primaryimage\",\"url\":\"https:\/\/zahradesertcamp.com\/wp-content\/uploads\/2025\/03\/1-18.webp\",\"contentUrl\":\"https:\/\/zahradesertcamp.com\/wp-content\/uploads\/2025\/03\/1-18.webp\",\"width\":2500,\"height\":1406},{\"@type\":\"BreadcrumbList\",\"@id\":\"https:\/\/zahradesertcamp.com\/es\/producto\/trekking-nocturno-en-camello-en-merzouga\/#breadcrumb\",\"itemListElement\":[{\"@type\":\"ListItem\",\"position\":1,\"name\":\"Home\",\"item\":\"https:\/\/zahradesertcamp.com\/es\/\"},{\"@type\":\"ListItem\",\"position\":2,\"name\":\"Tienda\",\"item\":\"https:\/\/zahradesertcamp.com\/es\/tienda\/\"},{\"@type\":\"ListItem\",\"position\":3,\"name\":\"Trekking Nocturno en Camello en Merzouga\"}]},{\"@type\":\"WebSite\",\"@id\":\"https:\/\/zahradesertcamp.com\/es\/#website\",\"url\":\"https:\/\/zahradesertcamp.com\/es\/\",\"name\":\"zahradesertcamp\",\"description\":\"\",\"potentialAction\":[{\"@type\":\"SearchAction\",\"target\":{\"@type\":\"EntryPoint\",\"urlTemplate\":\"https:\/\/zahradesertcamp.com\/es\/?s={search_term_string}\"},\"query-input\":{\"@type\":\"PropertyValueSpecification\",\"valueRequired\":true,\"valueName\":\"search_term_string\"}}],\"inLanguage\":\"es\"}]}<\/script>\n<!-- \/ Yoast SEO Premium plugin. -->","yoast_head_json":{"title":"Trekking Nocturno en Camello en Merzouga - zahradesertcamp","robots":{"index":"index","follow":"follow","max-snippet":"max-snippet:-1","max-image-preview":"max-image-preview:large","max-video-preview":"max-video-preview:-1"},"canonical":"https:\/\/zahradesertcamp.com\/es\/producto\/trekking-nocturno-en-camello-en-merzouga\/","og_locale":"es_ES","og_type":"article","og_title":"Trekking Nocturno en Camello en Merzouga","og_description":"Descripci\u00f3n general: Emb\u00e1rcate en una m\u00e1gica traves\u00eda nocturna en camello por las impresionantes dunas de Erg Chebbi. Contempla la impresionante puesta de sol en el desierto mientras cabalgas por las doradas arenas. Disfruta de una cena tradicional marroqu\u00ed bajo un cielo estrellado y despierta con un amanecer cautivador antes de emprender el regreso, llev\u00e1ndote recuerdos [&hellip;]","og_url":"https:\/\/zahradesertcamp.com\/es\/producto\/trekking-nocturno-en-camello-en-merzouga\/","og_site_name":"zahradesertcamp","article_modified_time":"2025-04-08T19:29:09+00:00","og_image":[{"width":2500,"height":1406,"url":"https:\/\/zahradesertcamp.com\/wp-content\/uploads\/2025\/03\/1-18.webp","type":"image\/webp"}],"twitter_card":"summary_large_image","twitter_misc":{"Tiempo de lectura":"1 minuto"},"schema":{"@context":"https:\/\/schema.org","@graph":[{"@type":"WebPage","@id":"https:\/\/zahradesertcamp.com\/es\/producto\/trekking-nocturno-en-camello-en-merzouga\/","url":"https:\/\/zahradesertcamp.com\/es\/producto\/trekking-nocturno-en-camello-en-merzouga\/","name":"Trekking Nocturno en Camello en Merzouga - zahradesertcamp","isPartOf":{"@id":"https:\/\/zahradesertcamp.com\/es\/#website"},"primaryImageOfPage":{"@id":"https:\/\/zahradesertcamp.com\/es\/producto\/trekking-nocturno-en-camello-en-merzouga\/#primaryimage"},"image":{"@id":"https:\/\/zahradesertcamp.com\/es\/producto\/trekking-nocturno-en-camello-en-merzouga\/#primaryimage"},"thumbnailUrl":"https:\/\/zahradesertcamp.com\/wp-content\/uploads\/2025\/03\/1-18.webp","datePublished":"2025-03-28T23:14:38+00:00","dateModified":"2025-04-08T19:29:09+00:00","breadcrumb":{"@id":"https:\/\/zahradesertcamp.com\/es\/producto\/trekking-nocturno-en-camello-en-merzouga\/#breadcrumb"},"inLanguage":"es","potentialAction":[{"@type":"ReadAction","target":["https:\/\/zahradesertcamp.com\/es\/producto\/trekking-nocturno-en-camello-en-merzouga\/"]}]},{"@type":"ImageObject","inLanguage":"es","@id":"https:\/\/zahradesertcamp.com\/es\/producto\/trekking-nocturno-en-camello-en-merzouga\/#primaryimage","url":"https:\/\/zahradesertcamp.com\/wp-content\/uploads\/2025\/03\/1-18.webp","contentUrl":"https:\/\/zahradesertcamp.com\/wp-content\/uploads\/2025\/03\/1-18.webp","width":2500,"height":1406},{"@type":"BreadcrumbList","@id":"https:\/\/zahradesertcamp.com\/es\/producto\/trekking-nocturno-en-camello-en-merzouga\/#breadcrumb","itemListElement":[{"@type":"ListItem","position":1,"name":"Home","item":"https:\/\/zahradesertcamp.com\/es\/"},{"@type":"ListItem","position":2,"name":"Tienda","item":"https:\/\/zahradesertcamp.com\/es\/tienda\/"},{"@type":"ListItem","position":3,"name":"Trekking Nocturno en Camello en Merzouga"}]},{"@type":"WebSite","@id":"https:\/\/zahradesertcamp.com\/es\/#website","url":"https:\/\/zahradesertcamp.com\/es\/","name":"zahradesertcamp","description":"","potentialAction":[{"@type":"SearchAction","target":{"@type":"EntryPoint","urlTemplate":"https:\/\/zahradesertcamp.com\/es\/?s={search_term_string}"},"query-input":{"@type":"PropertyValueSpecification","valueRequired":true,"valueName":"search_term_string"}}],"inLanguage":"es"}]}},"_links":{"self":[{"href":"https:\/\/zahradesertcamp.com\/es\/wp-json\/wp\/v2\/product\/11811","targetHints":{"allow":["GET"]}}],"collection":[{"href":"https:\/\/zahradesertcamp.com\/es\/wp-json\/wp\/v2\/product"}],"about":[{"href":"https:\/\/zahradesertcamp.com\/es\/wp-json\/wp\/v2\/types\/product"}],"replies":[{"embeddable":true,"href":"https:\/\/zahradesertcamp.com\/es\/wp-json\/wp\/v2\/comments?post=11811"}],"wp:featuredmedia":[{"embeddable":true,"href":"https:\/\/zahradesertcamp.com\/es\/wp-json\/wp\/v2\/media\/11597"}],"wp:attachment":[{"href":"https:\/\/zahradesertcamp.com\/es\/wp-json\/wp\/v2\/media?parent=11811"}],"wp:term":[{"taxonomy":"product_brand","embeddable":true,"href":"https:\/\/zahradesertcamp.com\/es\/wp-json\/wp\/v2\/product_brand?post=11811"},{"taxonomy":"product_cat","embeddable":true,"href":"https:\/\/zahradesertcamp.com\/es\/wp-json\/wp\/v2\/product_cat?post=11811"},{"taxonomy":"product_tag","embeddable":true,"href":"https:\/\/zahradesertcamp.com\/es\/wp-json\/wp\/v2\/product_tag?post=11811"}],"curies":[{"name":"wp","href":"https:\/\/api.w.org\/{rel}","templated":true}]}}