{"id":11809,"date":"2025-03-29T16:47:58","date_gmt":"2025-03-29T16:47:58","guid":{"rendered":"http:\/\/zahradesertcamp.com\/product\/errachidia-airport-%e2%86%94-merzouga-private-transfer\/"},"modified":"2025-04-08T19:13:03","modified_gmt":"2025-04-08T19:13:03","slug":"traslado-privado-aeropuerto-de-errachidia-%e2%86%94-merzouga","status":"publish","type":"product","link":"https:\/\/zahradesertcamp.com\/es\/producto\/traslado-privado-aeropuerto-de-errachidia-%e2%86%94-merzouga\/","title":{"rendered":"Traslado Privado Aeropuerto de Errachidia \u2194 Merzouga"},"content":{"rendered":"<h3 style=\"font-size: 35px;\">Descripci\u00f3n general:<\/h3>\n<p>Viaje sin complicaciones desde el <strong data-start=\"34\" data-end=\"62\">Aeropuerto de Errachidia<\/strong> a <strong data-start=\"65\" data-end=\"77\">Merzouga<\/strong> con el <strong data-start=\"85\" data-end=\"105\">traslado privado<\/strong> de <strong data-start=\"109\" data-end=\"130\">Zahra Desert Camp<\/strong>. Nuestro <strong data-start=\"140\" data-end=\"165\">conductor profesional<\/strong> le garantiza un viaje <strong data-start=\"188\" data-end=\"198\">seguro<\/strong> y <strong data-start=\"201\" data-end=\"211\">c\u00f3modo<\/strong> en un veh\u00edculo con <strong data-start=\"231\" data-end=\"253\">aire acondicionado<\/strong>, permiti\u00e9ndole relajarse y disfrutar de los <strong data-start=\"298\" data-end=\"325\">impresionantes paisajes<\/strong> del desierto.<\/p>\n<h3 style=\"font-size: 35px;\">Descripci\u00f3n:<\/h3>\n<p class=\"\" data-start=\"0\" data-end=\"305\">A su llegada al <strong data-start=\"16\" data-end=\"44\">aeropuerto de Errachidia<\/strong>, nuestro <strong data-start=\"54\" data-end=\"67\">conductor<\/strong> le recibir\u00e1 con un <strong data-start=\"87\" data-end=\"113\">servicio personalizado<\/strong> de <strong data-start=\"117\" data-end=\"131\">asistencia<\/strong>, garantizando una transici\u00f3n sin complicaciones a su viaje. Disfrute de un <strong data-start=\"207\" data-end=\"227\">traslado privado<\/strong> y sin estr\u00e9s con un <strong data-start=\"248\" data-end=\"269\">conductor experto<\/strong> que habla <strong data-start=\"280\" data-end=\"290\">ingl\u00e9s<\/strong> o <strong data-start=\"293\" data-end=\"304\">franc\u00e9s<\/strong>.<\/p>\n<p class=\"\" data-start=\"307\" data-end=\"580\">Durante su viaje hacia <strong data-start=\"330\" data-end=\"342\">Merzouga<\/strong>, admire las <strong data-start=\"355\" data-end=\"380\">impresionantes vistas<\/strong> del desierto y los aut\u00e9nticos <strong data-start=\"411\" data-end=\"432\">pueblos bereberes<\/strong>. En <strong data-start=\"437\" data-end=\"458\">Zahra Desert Camp<\/strong>, su <strong data-start=\"463\" data-end=\"476\">comodidad<\/strong> y <strong data-start=\"479\" data-end=\"495\">conveniencia<\/strong> son nuestra prioridad, garantizando una <strong data-start=\"536\" data-end=\"560\">experiencia perfecta<\/strong> de principio a fin.<\/p>\n<h3 style=\"font-size: 35px;\">Caracter\u00edsticas:<\/h3>\n<ul>\n<li><strong>Recogida y regreso directos:<\/strong> Disfrute de un traslado sin complicaciones desde el aeropuerto de Errachidia hasta su alojamiento en Merzouga.<\/li>\n<li><strong>Transporte privado y c\u00f3modo:<\/strong> Rel\u00e1jese en un veh\u00edculo moderno con aire acondicionado y amplio espacio, lo que garantiza un viaje c\u00f3modo.<\/li>\n<li><strong>Conductores experimentados y profesionales:<\/strong> Viaje con conductores locales expertos en las mejores rutas, lo que garantiza un viaje seguro y eficiente.<\/li>\n<li><strong>Precios transparentes:<\/strong> Disfrute de un precio fijo sin cargos ocultos, lo que le ofrece tranquilidad durante todo su traslado.<\/li>\n<li><strong>Paisajes impresionantes:<\/strong> Disfrute de vistas panor\u00e1micas del valle del Ziz, frondosos palmerales y el impresionante paisaje des\u00e9rtico durante su viaje a Merzouga.<\/li>\n<\/ul>\n<h3><\/h3>\n<p>&nbsp;<\/p>\n<p><img fetchpriority=\"high\" decoding=\"async\" class=\"alignnone size-medium wp-image-10129\" src=\"http:\/\/zahradesertcamp.com\/wp-content\/uploads\/2025\/03\/1-1-300x300.png\" alt=\"\" width=\"300\" height=\"300\" srcset=\"https:\/\/zahradesertcamp.com\/wp-content\/uploads\/2025\/03\/1-1-300x300.png 300w, https:\/\/zahradesertcamp.com\/wp-content\/uploads\/2025\/03\/1-1-150x150.png 150w, https:\/\/zahradesertcamp.com\/wp-content\/uploads\/2025\/03\/1-1-768x768.png 768w, https:\/\/zahradesertcamp.com\/wp-content\/uploads\/2025\/03\/1-1-636x636.png 636w, https:\/\/zahradesertcamp.com\/wp-content\/uploads\/2025\/03\/1-1-306x306.png 306w, https:\/\/zahradesertcamp.com\/wp-content\/uploads\/2025\/03\/1-1-600x600.png 600w, https:\/\/zahradesertcamp.com\/wp-content\/uploads\/2025\/03\/1-1-100x100.png 100w, https:\/\/zahradesertcamp.com\/wp-content\/uploads\/2025\/03\/1-1.png 938w\" sizes=\"(max-width: 300px) 100vw, 300px\" \/><img decoding=\"async\" class=\"alignnone size-medium wp-image-10131\" src=\"http:\/\/zahradesertcamp.com\/wp-content\/uploads\/2025\/03\/2-1-300x300.png\" alt=\"\" width=\"300\" height=\"300\" srcset=\"https:\/\/zahradesertcamp.com\/wp-content\/uploads\/2025\/03\/2-1-300x300.png 300w, https:\/\/zahradesertcamp.com\/wp-content\/uploads\/2025\/03\/2-1-150x150.png 150w, https:\/\/zahradesertcamp.com\/wp-content\/uploads\/2025\/03\/2-1-768x768.png 768w, https:\/\/zahradesertcamp.com\/wp-content\/uploads\/2025\/03\/2-1-636x636.png 636w, https:\/\/zahradesertcamp.com\/wp-content\/uploads\/2025\/03\/2-1-306x306.png 306w, https:\/\/zahradesertcamp.com\/wp-content\/uploads\/2025\/03\/2-1-600x600.png 600w, https:\/\/zahradesertcamp.com\/wp-content\/uploads\/2025\/03\/2-1-100x100.png 100w, https:\/\/zahradesertcamp.com\/wp-content\/uploads\/2025\/03\/2-1.png 938w\" sizes=\"(max-width: 300px) 100vw, 300px\" \/><img decoding=\"async\" class=\"alignnone size-medium wp-image-10132\" src=\"http:\/\/zahradesertcamp.com\/wp-content\/uploads\/2025\/03\/3-300x300.png\" alt=\"\" width=\"300\" height=\"300\" srcset=\"https:\/\/zahradesertcamp.com\/wp-content\/uploads\/2025\/03\/3-300x300.png 300w, https:\/\/zahradesertcamp.com\/wp-content\/uploads\/2025\/03\/3-150x150.png 150w, https:\/\/zahradesertcamp.com\/wp-content\/uploads\/2025\/03\/3-768x768.png 768w, https:\/\/zahradesertcamp.com\/wp-content\/uploads\/2025\/03\/3-636x636.png 636w, https:\/\/zahradesertcamp.com\/wp-content\/uploads\/2025\/03\/3-306x306.png 306w, https:\/\/zahradesertcamp.com\/wp-content\/uploads\/2025\/03\/3-600x600.png 600w, https:\/\/zahradesertcamp.com\/wp-content\/uploads\/2025\/03\/3-100x100.png 100w, https:\/\/zahradesertcamp.com\/wp-content\/uploads\/2025\/03\/3.png 938w\" sizes=\"(max-width: 300px) 100vw, 300px\" \/><\/p>\n","protected":false},"excerpt":{"rendered":"<p>Descripci\u00f3n general: Viaje sin complicaciones desde el Aeropuerto de Errachidia a Merzouga con el traslado privado de Zahra Desert Camp. Nuestro conductor profesional le garantiza un viaje seguro y c\u00f3modo en un veh\u00edculo con aire acondicionado, permiti\u00e9ndole relajarse y disfrutar de los impresionantes paisajes del desierto. Descripci\u00f3n: A su llegada al aeropuerto de Errachidia, nuestro [&hellip;]<\/p>\n","protected":false},"featured_media":11641,"comment_status":"open","ping_status":"closed","template":"","meta":[],"product_brand":[],"product_cat":[83],"product_tag":[],"class_list":{"0":"post-11809","1":"product","2":"type-product","3":"status-publish","4":"has-post-thumbnail","6":"product_cat-transfer-es","8":"first","9":"instock","10":"shipping-taxable","11":"product-type-ovabrw_car_rental"},"yoast_head":"<!-- This site is optimized with the Yoast SEO Premium plugin v25.0 (Yoast SEO v25.0) - https:\/\/yoast.com\/wordpress\/plugins\/seo\/ -->\n<title>Traslado Privado Aeropuerto de Errachidia \u2194 Merzouga - zahradesertcamp<\/title>\n<meta name=\"robots\" content=\"index, follow, max-snippet:-1, max-image-preview:large, max-video-preview:-1\" \/>\n<link rel=\"canonical\" href=\"https:\/\/zahradesertcamp.com\/es\/producto\/traslado-privado-aeropuerto-de-errachidia-%e2%86%94-merzouga\/\" \/>\n<meta property=\"og:locale\" content=\"es_ES\" \/>\n<meta property=\"og:type\" content=\"article\" \/>\n<meta property=\"og:title\" content=\"Traslado Privado Aeropuerto de Errachidia \u2194 Merzouga\" \/>\n<meta property=\"og:description\" content=\"Descripci\u00f3n general: Viaje sin complicaciones desde el Aeropuerto de Errachidia a Merzouga con el traslado privado de Zahra Desert Camp. Nuestro conductor profesional le garantiza un viaje seguro y c\u00f3modo en un veh\u00edculo con aire acondicionado, permiti\u00e9ndole relajarse y disfrutar de los impresionantes paisajes del desierto. Descripci\u00f3n: A su llegada al aeropuerto de Errachidia, nuestro [&hellip;]\" \/>\n<meta property=\"og:url\" content=\"https:\/\/zahradesertcamp.com\/es\/producto\/traslado-privado-aeropuerto-de-errachidia-%e2%86%94-merzouga\/\" \/>\n<meta property=\"og:site_name\" content=\"zahradesertcamp\" \/>\n<meta property=\"article:modified_time\" content=\"2025-04-08T19:13:03+00:00\" \/>\n<meta property=\"og:image\" content=\"https:\/\/zahradesertcamp.com\/wp-content\/uploads\/2025\/03\/5-15.webp\" \/>\n\t<meta property=\"og:image:width\" content=\"2500\" \/>\n\t<meta property=\"og:image:height\" content=\"1406\" \/>\n\t<meta property=\"og:image:type\" content=\"image\/webp\" \/>\n<meta name=\"twitter:card\" content=\"summary_large_image\" \/>\n<meta name=\"twitter:label1\" content=\"Tiempo de lectura\" \/>\n\t<meta name=\"twitter:data1\" content=\"1 minuto\" \/>\n<script type=\"application\/ld+json\" class=\"yoast-schema-graph\">{\"@context\":\"https:\/\/schema.org\",\"@graph\":[{\"@type\":\"WebPage\",\"@id\":\"https:\/\/zahradesertcamp.com\/es\/producto\/traslado-privado-aeropuerto-de-errachidia-%e2%86%94-merzouga\/\",\"url\":\"https:\/\/zahradesertcamp.com\/es\/producto\/traslado-privado-aeropuerto-de-errachidia-%e2%86%94-merzouga\/\",\"name\":\"Traslado Privado Aeropuerto de Errachidia \u2194 Merzouga - zahradesertcamp\",\"isPartOf\":{\"@id\":\"https:\/\/zahradesertcamp.com\/es\/#website\"},\"primaryImageOfPage\":{\"@id\":\"https:\/\/zahradesertcamp.com\/es\/producto\/traslado-privado-aeropuerto-de-errachidia-%e2%86%94-merzouga\/#primaryimage\"},\"image\":{\"@id\":\"https:\/\/zahradesertcamp.com\/es\/producto\/traslado-privado-aeropuerto-de-errachidia-%e2%86%94-merzouga\/#primaryimage\"},\"thumbnailUrl\":\"https:\/\/zahradesertcamp.com\/wp-content\/uploads\/2025\/03\/5-15.webp\",\"datePublished\":\"2025-03-29T16:47:58+00:00\",\"dateModified\":\"2025-04-08T19:13:03+00:00\",\"breadcrumb\":{\"@id\":\"https:\/\/zahradesertcamp.com\/es\/producto\/traslado-privado-aeropuerto-de-errachidia-%e2%86%94-merzouga\/#breadcrumb\"},\"inLanguage\":\"es\",\"potentialAction\":[{\"@type\":\"ReadAction\",\"target\":[\"https:\/\/zahradesertcamp.com\/es\/producto\/traslado-privado-aeropuerto-de-errachidia-%e2%86%94-merzouga\/\"]}]},{\"@type\":\"ImageObject\",\"inLanguage\":\"es\",\"@id\":\"https:\/\/zahradesertcamp.com\/es\/producto\/traslado-privado-aeropuerto-de-errachidia-%e2%86%94-merzouga\/#primaryimage\",\"url\":\"https:\/\/zahradesertcamp.com\/wp-content\/uploads\/2025\/03\/5-15.webp\",\"contentUrl\":\"https:\/\/zahradesertcamp.com\/wp-content\/uploads\/2025\/03\/5-15.webp\",\"width\":2500,\"height\":1406},{\"@type\":\"BreadcrumbList\",\"@id\":\"https:\/\/zahradesertcamp.com\/es\/producto\/traslado-privado-aeropuerto-de-errachidia-%e2%86%94-merzouga\/#breadcrumb\",\"itemListElement\":[{\"@type\":\"ListItem\",\"position\":1,\"name\":\"Home\",\"item\":\"https:\/\/zahradesertcamp.com\/es\/\"},{\"@type\":\"ListItem\",\"position\":2,\"name\":\"Tienda\",\"item\":\"https:\/\/zahradesertcamp.com\/es\/tienda\/\"},{\"@type\":\"ListItem\",\"position\":3,\"name\":\"Traslado Privado Aeropuerto de Errachidia \u2194 Merzouga\"}]},{\"@type\":\"WebSite\",\"@id\":\"https:\/\/zahradesertcamp.com\/es\/#website\",\"url\":\"https:\/\/zahradesertcamp.com\/es\/\",\"name\":\"zahradesertcamp\",\"description\":\"\",\"potentialAction\":[{\"@type\":\"SearchAction\",\"target\":{\"@type\":\"EntryPoint\",\"urlTemplate\":\"https:\/\/zahradesertcamp.com\/es\/?s={search_term_string}\"},\"query-input\":{\"@type\":\"PropertyValueSpecification\",\"valueRequired\":true,\"valueName\":\"search_term_string\"}}],\"inLanguage\":\"es\"}]}<\/script>\n<!-- \/ Yoast SEO Premium plugin. -->","yoast_head_json":{"title":"Traslado Privado Aeropuerto de Errachidia \u2194 Merzouga - zahradesertcamp","robots":{"index":"index","follow":"follow","max-snippet":"max-snippet:-1","max-image-preview":"max-image-preview:large","max-video-preview":"max-video-preview:-1"},"canonical":"https:\/\/zahradesertcamp.com\/es\/producto\/traslado-privado-aeropuerto-de-errachidia-%e2%86%94-merzouga\/","og_locale":"es_ES","og_type":"article","og_title":"Traslado Privado Aeropuerto de Errachidia \u2194 Merzouga","og_description":"Descripci\u00f3n general: Viaje sin complicaciones desde el Aeropuerto de Errachidia a Merzouga con el traslado privado de Zahra Desert Camp. Nuestro conductor profesional le garantiza un viaje seguro y c\u00f3modo en un veh\u00edculo con aire acondicionado, permiti\u00e9ndole relajarse y disfrutar de los impresionantes paisajes del desierto. Descripci\u00f3n: A su llegada al aeropuerto de Errachidia, nuestro [&hellip;]","og_url":"https:\/\/zahradesertcamp.com\/es\/producto\/traslado-privado-aeropuerto-de-errachidia-%e2%86%94-merzouga\/","og_site_name":"zahradesertcamp","article_modified_time":"2025-04-08T19:13:03+00:00","og_image":[{"width":2500,"height":1406,"url":"https:\/\/zahradesertcamp.com\/wp-content\/uploads\/2025\/03\/5-15.webp","type":"image\/webp"}],"twitter_card":"summary_large_image","twitter_misc":{"Tiempo de lectura":"1 minuto"},"schema":{"@context":"https:\/\/schema.org","@graph":[{"@type":"WebPage","@id":"https:\/\/zahradesertcamp.com\/es\/producto\/traslado-privado-aeropuerto-de-errachidia-%e2%86%94-merzouga\/","url":"https:\/\/zahradesertcamp.com\/es\/producto\/traslado-privado-aeropuerto-de-errachidia-%e2%86%94-merzouga\/","name":"Traslado Privado Aeropuerto de Errachidia \u2194 Merzouga - zahradesertcamp","isPartOf":{"@id":"https:\/\/zahradesertcamp.com\/es\/#website"},"primaryImageOfPage":{"@id":"https:\/\/zahradesertcamp.com\/es\/producto\/traslado-privado-aeropuerto-de-errachidia-%e2%86%94-merzouga\/#primaryimage"},"image":{"@id":"https:\/\/zahradesertcamp.com\/es\/producto\/traslado-privado-aeropuerto-de-errachidia-%e2%86%94-merzouga\/#primaryimage"},"thumbnailUrl":"https:\/\/zahradesertcamp.com\/wp-content\/uploads\/2025\/03\/5-15.webp","datePublished":"2025-03-29T16:47:58+00:00","dateModified":"2025-04-08T19:13:03+00:00","breadcrumb":{"@id":"https:\/\/zahradesertcamp.com\/es\/producto\/traslado-privado-aeropuerto-de-errachidia-%e2%86%94-merzouga\/#breadcrumb"},"inLanguage":"es","potentialAction":[{"@type":"ReadAction","target":["https:\/\/zahradesertcamp.com\/es\/producto\/traslado-privado-aeropuerto-de-errachidia-%e2%86%94-merzouga\/"]}]},{"@type":"ImageObject","inLanguage":"es","@id":"https:\/\/zahradesertcamp.com\/es\/producto\/traslado-privado-aeropuerto-de-errachidia-%e2%86%94-merzouga\/#primaryimage","url":"https:\/\/zahradesertcamp.com\/wp-content\/uploads\/2025\/03\/5-15.webp","contentUrl":"https:\/\/zahradesertcamp.com\/wp-content\/uploads\/2025\/03\/5-15.webp","width":2500,"height":1406},{"@type":"BreadcrumbList","@id":"https:\/\/zahradesertcamp.com\/es\/producto\/traslado-privado-aeropuerto-de-errachidia-%e2%86%94-merzouga\/#breadcrumb","itemListElement":[{"@type":"ListItem","position":1,"name":"Home","item":"https:\/\/zahradesertcamp.com\/es\/"},{"@type":"ListItem","position":2,"name":"Tienda","item":"https:\/\/zahradesertcamp.com\/es\/tienda\/"},{"@type":"ListItem","position":3,"name":"Traslado Privado Aeropuerto de Errachidia \u2194 Merzouga"}]},{"@type":"WebSite","@id":"https:\/\/zahradesertcamp.com\/es\/#website","url":"https:\/\/zahradesertcamp.com\/es\/","name":"zahradesertcamp","description":"","potentialAction":[{"@type":"SearchAction","target":{"@type":"EntryPoint","urlTemplate":"https:\/\/zahradesertcamp.com\/es\/?s={search_term_string}"},"query-input":{"@type":"PropertyValueSpecification","valueRequired":true,"valueName":"search_term_string"}}],"inLanguage":"es"}]}},"_links":{"self":[{"href":"https:\/\/zahradesertcamp.com\/es\/wp-json\/wp\/v2\/product\/11809","targetHints":{"allow":["GET"]}}],"collection":[{"href":"https:\/\/zahradesertcamp.com\/es\/wp-json\/wp\/v2\/product"}],"about":[{"href":"https:\/\/zahradesertcamp.com\/es\/wp-json\/wp\/v2\/types\/product"}],"replies":[{"embeddable":true,"href":"https:\/\/zahradesertcamp.com\/es\/wp-json\/wp\/v2\/comments?post=11809"}],"wp:featuredmedia":[{"embeddable":true,"href":"https:\/\/zahradesertcamp.com\/es\/wp-json\/wp\/v2\/media\/11641"}],"wp:attachment":[{"href":"https:\/\/zahradesertcamp.com\/es\/wp-json\/wp\/v2\/media?parent=11809"}],"wp:term":[{"taxonomy":"product_brand","embeddable":true,"href":"https:\/\/zahradesertcamp.com\/es\/wp-json\/wp\/v2\/product_brand?post=11809"},{"taxonomy":"product_cat","embeddable":true,"href":"https:\/\/zahradesertcamp.com\/es\/wp-json\/wp\/v2\/product_cat?post=11809"},{"taxonomy":"product_tag","embeddable":true,"href":"https:\/\/zahradesertcamp.com\/es\/wp-json\/wp\/v2\/product_tag?post=11809"}],"curies":[{"name":"wp","href":"https:\/\/api.w.org\/{rel}","templated":true}]}}