{"id":11802,"date":"2025-03-29T17:47:32","date_gmt":"2025-03-29T17:47:32","guid":{"rendered":"http:\/\/zahradesertcamp.com\/product\/casablanca-airport-%e2%86%94-merzouga-private-transfer\/"},"modified":"2025-04-08T18:44:19","modified_gmt":"2025-04-08T18:44:19","slug":"traslado-privado-aeropuerto-de-casablanca-%e2%86%94-merzouga","status":"publish","type":"product","link":"https:\/\/zahradesertcamp.com\/es\/producto\/traslado-privado-aeropuerto-de-casablanca-%e2%86%94-merzouga\/","title":{"rendered":"Traslado Privado Aeropuerto de Casablanca \u2194 Merzouga"},"content":{"rendered":"<h3 style=\"font-size: 35px;\">Descripci\u00f3n general:<\/h3>\n<p>Viaje sin complicaciones de <strong data-start=\"28\" data-end=\"42\">Casablanca<\/strong> a <strong data-start=\"45\" data-end=\"57\">Merzouga<\/strong> con el servicio de <strong data-start=\"77\" data-end=\"97\">traslado privado<\/strong> de <strong data-start=\"101\" data-end=\"122\">Zahra Desert Camp<\/strong>. Nuestro <strong data-start=\"132\" data-end=\"157\">conductor profesional<\/strong> le garantiza un <strong data-start=\"174\" data-end=\"190\">viaje seguro<\/strong> y <strong data-start=\"193\" data-end=\"203\">c\u00f3modo<\/strong> en un <strong data-start=\"210\" data-end=\"245\">veh\u00edculo con aire acondicionado<\/strong>, permiti\u00e9ndole <strong data-start=\"261\" data-end=\"274\">relajarse<\/strong> mientras disfruta de los impresionantes <strong data-start=\"315\" data-end=\"340\">paisajes del desierto<\/strong> camino a <strong data-start=\"350\" data-end=\"362\">Merzouga<\/strong>.<\/p>\n<h3 style=\"font-size: 35px;\">Descripci\u00f3n:<\/h3>\n<p class=\"\" data-start=\"0\" data-end=\"263\">A su llegada a <strong data-start=\"15\" data-end=\"29\">Casablanca<\/strong>, nuestro <strong data-start=\"39\" data-end=\"52\">conductor<\/strong> le recibir\u00e1 y le acompa\u00f1ar\u00e1 en un <strong data-start=\"87\" data-end=\"107\">traslado privado<\/strong> a <strong data-start=\"110\" data-end=\"122\">Merzouga<\/strong>. Durante su viaje, disfrutar\u00e1 de la belleza de los <strong data-start=\"174\" data-end=\"197\">paisajes marroqu\u00edes<\/strong>, desde las <strong data-start=\"209\" data-end=\"228\">vistas costeras<\/strong> hasta las <strong data-start=\"239\" data-end=\"262\">escarpadas monta\u00f1as<\/strong>.<\/p>\n<p class=\"\" data-start=\"265\" data-end=\"401\"><strong data-start=\"265\" data-end=\"286\">Zahra Desert Camp<\/strong> le garantiza una <strong data-start=\"304\" data-end=\"326\" data-is-only-node=\"\">experiencia c\u00f3moda<\/strong> y <strong data-start=\"329\" data-end=\"351\">sin complicaciones<\/strong>, priorizando su <strong data-start=\"368\" data-end=\"381\">comodidad<\/strong> de principio a fin.<\/p>\n<h3 style=\"font-size: 35px;\">Caracter\u00edsticas:<\/h3>\n<ul>\n<li><strong data-start=\"873\" data-end=\"902\">Recogida y regreso directos: <\/strong> Disfrute de un traslado sin complicaciones desde Casablanca directamente a su alojamiento en Merzouga.<\/li>\n<li><strong>Transporte privado y c\u00f3modo:<\/strong> Viaje en un veh\u00edculo moderno con aire acondicionado, lo que garantiza su comodidad y relajaci\u00f3n durante todo el trayecto.<\/li>\n<li><strong>Conductores experimentados y profesionales:<\/strong> Conductores locales que conocen las mejores rutas, lo que garantiza un viaje seguro y eficiente.<\/li>\n<li><strong>Precios transparentes:<\/strong> Precio fijo sin cargos ocultos, para su tranquilidad.<\/li>\n<li><strong>Vistas panor\u00e1micas:<\/strong> Disfrute de impresionantes paisajes, incluyendo vistas a monta\u00f1as, oasis y paisajes des\u00e9rticos en su camino a Merzouga.<\/li>\n<\/ul>\n<h3><\/h3>\n<p>&nbsp;<\/p>\n<p><img fetchpriority=\"high\" decoding=\"async\" class=\"alignnone size-medium wp-image-10129\" src=\"http:\/\/zahradesertcamp.com\/wp-content\/uploads\/2025\/03\/1-1-300x300.png\" alt=\"\" width=\"300\" height=\"300\" srcset=\"https:\/\/zahradesertcamp.com\/wp-content\/uploads\/2025\/03\/1-1-300x300.png 300w, https:\/\/zahradesertcamp.com\/wp-content\/uploads\/2025\/03\/1-1-150x150.png 150w, https:\/\/zahradesertcamp.com\/wp-content\/uploads\/2025\/03\/1-1-768x768.png 768w, https:\/\/zahradesertcamp.com\/wp-content\/uploads\/2025\/03\/1-1-636x636.png 636w, https:\/\/zahradesertcamp.com\/wp-content\/uploads\/2025\/03\/1-1-306x306.png 306w, https:\/\/zahradesertcamp.com\/wp-content\/uploads\/2025\/03\/1-1-600x600.png 600w, https:\/\/zahradesertcamp.com\/wp-content\/uploads\/2025\/03\/1-1-100x100.png 100w, https:\/\/zahradesertcamp.com\/wp-content\/uploads\/2025\/03\/1-1.png 938w\" sizes=\"(max-width: 300px) 100vw, 300px\" \/><img decoding=\"async\" class=\"alignnone size-medium wp-image-10131\" src=\"http:\/\/zahradesertcamp.com\/wp-content\/uploads\/2025\/03\/2-1-300x300.png\" alt=\"\" width=\"300\" height=\"300\" srcset=\"https:\/\/zahradesertcamp.com\/wp-content\/uploads\/2025\/03\/2-1-300x300.png 300w, https:\/\/zahradesertcamp.com\/wp-content\/uploads\/2025\/03\/2-1-150x150.png 150w, https:\/\/zahradesertcamp.com\/wp-content\/uploads\/2025\/03\/2-1-768x768.png 768w, https:\/\/zahradesertcamp.com\/wp-content\/uploads\/2025\/03\/2-1-636x636.png 636w, https:\/\/zahradesertcamp.com\/wp-content\/uploads\/2025\/03\/2-1-306x306.png 306w, https:\/\/zahradesertcamp.com\/wp-content\/uploads\/2025\/03\/2-1-600x600.png 600w, https:\/\/zahradesertcamp.com\/wp-content\/uploads\/2025\/03\/2-1-100x100.png 100w, https:\/\/zahradesertcamp.com\/wp-content\/uploads\/2025\/03\/2-1.png 938w\" sizes=\"(max-width: 300px) 100vw, 300px\" \/><img decoding=\"async\" class=\"alignnone size-medium wp-image-10132\" src=\"http:\/\/zahradesertcamp.com\/wp-content\/uploads\/2025\/03\/3-300x300.png\" alt=\"\" width=\"300\" height=\"300\" srcset=\"https:\/\/zahradesertcamp.com\/wp-content\/uploads\/2025\/03\/3-300x300.png 300w, https:\/\/zahradesertcamp.com\/wp-content\/uploads\/2025\/03\/3-150x150.png 150w, https:\/\/zahradesertcamp.com\/wp-content\/uploads\/2025\/03\/3-768x768.png 768w, https:\/\/zahradesertcamp.com\/wp-content\/uploads\/2025\/03\/3-636x636.png 636w, https:\/\/zahradesertcamp.com\/wp-content\/uploads\/2025\/03\/3-306x306.png 306w, https:\/\/zahradesertcamp.com\/wp-content\/uploads\/2025\/03\/3-600x600.png 600w, https:\/\/zahradesertcamp.com\/wp-content\/uploads\/2025\/03\/3-100x100.png 100w, https:\/\/zahradesertcamp.com\/wp-content\/uploads\/2025\/03\/3.png 938w\" sizes=\"(max-width: 300px) 100vw, 300px\" \/><\/p>\n","protected":false},"excerpt":{"rendered":"<p>Descripci\u00f3n general: Viaje sin complicaciones de Casablanca a Merzouga con el servicio de traslado privado de Zahra Desert Camp. Nuestro conductor profesional le garantiza un viaje seguro y c\u00f3modo en un veh\u00edculo con aire acondicionado, permiti\u00e9ndole relajarse mientras disfruta de los impresionantes paisajes del desierto camino a Merzouga. Descripci\u00f3n: A su llegada a Casablanca, nuestro [&hellip;]<\/p>\n","protected":false},"featured_media":11673,"comment_status":"open","ping_status":"closed","template":"","meta":[],"product_brand":[],"product_cat":[83],"product_tag":[],"class_list":{"0":"post-11802","1":"product","2":"type-product","3":"status-publish","4":"has-post-thumbnail","6":"product_cat-transfer-es","8":"first","9":"instock","10":"shipping-taxable","11":"product-type-ovabrw_car_rental"},"yoast_head":"<!-- This site is optimized with the Yoast SEO Premium plugin v25.0 (Yoast SEO v25.0) - https:\/\/yoast.com\/wordpress\/plugins\/seo\/ -->\n<title>Traslado Privado Aeropuerto de Casablanca \u2194 Merzouga - zahradesertcamp<\/title>\n<meta name=\"robots\" content=\"index, follow, max-snippet:-1, max-image-preview:large, max-video-preview:-1\" \/>\n<link rel=\"canonical\" href=\"https:\/\/zahradesertcamp.com\/es\/producto\/traslado-privado-aeropuerto-de-casablanca-%e2%86%94-merzouga\/\" \/>\n<meta property=\"og:locale\" content=\"es_ES\" \/>\n<meta property=\"og:type\" content=\"article\" \/>\n<meta property=\"og:title\" content=\"Traslado Privado Aeropuerto de Casablanca \u2194 Merzouga\" \/>\n<meta property=\"og:description\" content=\"Descripci\u00f3n general: Viaje sin complicaciones de Casablanca a Merzouga con el servicio de traslado privado de Zahra Desert Camp. Nuestro conductor profesional le garantiza un viaje seguro y c\u00f3modo en un veh\u00edculo con aire acondicionado, permiti\u00e9ndole relajarse mientras disfruta de los impresionantes paisajes del desierto camino a Merzouga. Descripci\u00f3n: A su llegada a Casablanca, nuestro [&hellip;]\" \/>\n<meta property=\"og:url\" content=\"https:\/\/zahradesertcamp.com\/es\/producto\/traslado-privado-aeropuerto-de-casablanca-%e2%86%94-merzouga\/\" \/>\n<meta property=\"og:site_name\" content=\"zahradesertcamp\" \/>\n<meta property=\"article:modified_time\" content=\"2025-04-08T18:44:19+00:00\" \/>\n<meta property=\"og:image\" content=\"https:\/\/zahradesertcamp.com\/wp-content\/uploads\/2025\/03\/1-22.webp\" \/>\n\t<meta property=\"og:image:width\" content=\"2500\" \/>\n\t<meta property=\"og:image:height\" content=\"1406\" \/>\n\t<meta property=\"og:image:type\" content=\"image\/webp\" \/>\n<meta name=\"twitter:card\" content=\"summary_large_image\" \/>\n<meta name=\"twitter:label1\" content=\"Tiempo de lectura\" \/>\n\t<meta name=\"twitter:data1\" content=\"1 minuto\" \/>\n<script type=\"application\/ld+json\" class=\"yoast-schema-graph\">{\"@context\":\"https:\/\/schema.org\",\"@graph\":[{\"@type\":\"WebPage\",\"@id\":\"https:\/\/zahradesertcamp.com\/es\/producto\/traslado-privado-aeropuerto-de-casablanca-%e2%86%94-merzouga\/\",\"url\":\"https:\/\/zahradesertcamp.com\/es\/producto\/traslado-privado-aeropuerto-de-casablanca-%e2%86%94-merzouga\/\",\"name\":\"Traslado Privado Aeropuerto de Casablanca \u2194 Merzouga - zahradesertcamp\",\"isPartOf\":{\"@id\":\"https:\/\/zahradesertcamp.com\/es\/#website\"},\"primaryImageOfPage\":{\"@id\":\"https:\/\/zahradesertcamp.com\/es\/producto\/traslado-privado-aeropuerto-de-casablanca-%e2%86%94-merzouga\/#primaryimage\"},\"image\":{\"@id\":\"https:\/\/zahradesertcamp.com\/es\/producto\/traslado-privado-aeropuerto-de-casablanca-%e2%86%94-merzouga\/#primaryimage\"},\"thumbnailUrl\":\"https:\/\/zahradesertcamp.com\/wp-content\/uploads\/2025\/03\/1-22.webp\",\"datePublished\":\"2025-03-29T17:47:32+00:00\",\"dateModified\":\"2025-04-08T18:44:19+00:00\",\"breadcrumb\":{\"@id\":\"https:\/\/zahradesertcamp.com\/es\/producto\/traslado-privado-aeropuerto-de-casablanca-%e2%86%94-merzouga\/#breadcrumb\"},\"inLanguage\":\"es\",\"potentialAction\":[{\"@type\":\"ReadAction\",\"target\":[\"https:\/\/zahradesertcamp.com\/es\/producto\/traslado-privado-aeropuerto-de-casablanca-%e2%86%94-merzouga\/\"]}]},{\"@type\":\"ImageObject\",\"inLanguage\":\"es\",\"@id\":\"https:\/\/zahradesertcamp.com\/es\/producto\/traslado-privado-aeropuerto-de-casablanca-%e2%86%94-merzouga\/#primaryimage\",\"url\":\"https:\/\/zahradesertcamp.com\/wp-content\/uploads\/2025\/03\/1-22.webp\",\"contentUrl\":\"https:\/\/zahradesertcamp.com\/wp-content\/uploads\/2025\/03\/1-22.webp\",\"width\":2500,\"height\":1406},{\"@type\":\"BreadcrumbList\",\"@id\":\"https:\/\/zahradesertcamp.com\/es\/producto\/traslado-privado-aeropuerto-de-casablanca-%e2%86%94-merzouga\/#breadcrumb\",\"itemListElement\":[{\"@type\":\"ListItem\",\"position\":1,\"name\":\"Home\",\"item\":\"https:\/\/zahradesertcamp.com\/es\/\"},{\"@type\":\"ListItem\",\"position\":2,\"name\":\"Tienda\",\"item\":\"https:\/\/zahradesertcamp.com\/es\/tienda\/\"},{\"@type\":\"ListItem\",\"position\":3,\"name\":\"Traslado Privado Aeropuerto de Casablanca \u2194 Merzouga\"}]},{\"@type\":\"WebSite\",\"@id\":\"https:\/\/zahradesertcamp.com\/es\/#website\",\"url\":\"https:\/\/zahradesertcamp.com\/es\/\",\"name\":\"zahradesertcamp\",\"description\":\"\",\"potentialAction\":[{\"@type\":\"SearchAction\",\"target\":{\"@type\":\"EntryPoint\",\"urlTemplate\":\"https:\/\/zahradesertcamp.com\/es\/?s={search_term_string}\"},\"query-input\":{\"@type\":\"PropertyValueSpecification\",\"valueRequired\":true,\"valueName\":\"search_term_string\"}}],\"inLanguage\":\"es\"}]}<\/script>\n<!-- \/ Yoast SEO Premium plugin. -->","yoast_head_json":{"title":"Traslado Privado Aeropuerto de Casablanca \u2194 Merzouga - zahradesertcamp","robots":{"index":"index","follow":"follow","max-snippet":"max-snippet:-1","max-image-preview":"max-image-preview:large","max-video-preview":"max-video-preview:-1"},"canonical":"https:\/\/zahradesertcamp.com\/es\/producto\/traslado-privado-aeropuerto-de-casablanca-%e2%86%94-merzouga\/","og_locale":"es_ES","og_type":"article","og_title":"Traslado Privado Aeropuerto de Casablanca \u2194 Merzouga","og_description":"Descripci\u00f3n general: Viaje sin complicaciones de Casablanca a Merzouga con el servicio de traslado privado de Zahra Desert Camp. Nuestro conductor profesional le garantiza un viaje seguro y c\u00f3modo en un veh\u00edculo con aire acondicionado, permiti\u00e9ndole relajarse mientras disfruta de los impresionantes paisajes del desierto camino a Merzouga. Descripci\u00f3n: A su llegada a Casablanca, nuestro [&hellip;]","og_url":"https:\/\/zahradesertcamp.com\/es\/producto\/traslado-privado-aeropuerto-de-casablanca-%e2%86%94-merzouga\/","og_site_name":"zahradesertcamp","article_modified_time":"2025-04-08T18:44:19+00:00","og_image":[{"width":2500,"height":1406,"url":"https:\/\/zahradesertcamp.com\/wp-content\/uploads\/2025\/03\/1-22.webp","type":"image\/webp"}],"twitter_card":"summary_large_image","twitter_misc":{"Tiempo de lectura":"1 minuto"},"schema":{"@context":"https:\/\/schema.org","@graph":[{"@type":"WebPage","@id":"https:\/\/zahradesertcamp.com\/es\/producto\/traslado-privado-aeropuerto-de-casablanca-%e2%86%94-merzouga\/","url":"https:\/\/zahradesertcamp.com\/es\/producto\/traslado-privado-aeropuerto-de-casablanca-%e2%86%94-merzouga\/","name":"Traslado Privado Aeropuerto de Casablanca \u2194 Merzouga - zahradesertcamp","isPartOf":{"@id":"https:\/\/zahradesertcamp.com\/es\/#website"},"primaryImageOfPage":{"@id":"https:\/\/zahradesertcamp.com\/es\/producto\/traslado-privado-aeropuerto-de-casablanca-%e2%86%94-merzouga\/#primaryimage"},"image":{"@id":"https:\/\/zahradesertcamp.com\/es\/producto\/traslado-privado-aeropuerto-de-casablanca-%e2%86%94-merzouga\/#primaryimage"},"thumbnailUrl":"https:\/\/zahradesertcamp.com\/wp-content\/uploads\/2025\/03\/1-22.webp","datePublished":"2025-03-29T17:47:32+00:00","dateModified":"2025-04-08T18:44:19+00:00","breadcrumb":{"@id":"https:\/\/zahradesertcamp.com\/es\/producto\/traslado-privado-aeropuerto-de-casablanca-%e2%86%94-merzouga\/#breadcrumb"},"inLanguage":"es","potentialAction":[{"@type":"ReadAction","target":["https:\/\/zahradesertcamp.com\/es\/producto\/traslado-privado-aeropuerto-de-casablanca-%e2%86%94-merzouga\/"]}]},{"@type":"ImageObject","inLanguage":"es","@id":"https:\/\/zahradesertcamp.com\/es\/producto\/traslado-privado-aeropuerto-de-casablanca-%e2%86%94-merzouga\/#primaryimage","url":"https:\/\/zahradesertcamp.com\/wp-content\/uploads\/2025\/03\/1-22.webp","contentUrl":"https:\/\/zahradesertcamp.com\/wp-content\/uploads\/2025\/03\/1-22.webp","width":2500,"height":1406},{"@type":"BreadcrumbList","@id":"https:\/\/zahradesertcamp.com\/es\/producto\/traslado-privado-aeropuerto-de-casablanca-%e2%86%94-merzouga\/#breadcrumb","itemListElement":[{"@type":"ListItem","position":1,"name":"Home","item":"https:\/\/zahradesertcamp.com\/es\/"},{"@type":"ListItem","position":2,"name":"Tienda","item":"https:\/\/zahradesertcamp.com\/es\/tienda\/"},{"@type":"ListItem","position":3,"name":"Traslado Privado Aeropuerto de Casablanca \u2194 Merzouga"}]},{"@type":"WebSite","@id":"https:\/\/zahradesertcamp.com\/es\/#website","url":"https:\/\/zahradesertcamp.com\/es\/","name":"zahradesertcamp","description":"","potentialAction":[{"@type":"SearchAction","target":{"@type":"EntryPoint","urlTemplate":"https:\/\/zahradesertcamp.com\/es\/?s={search_term_string}"},"query-input":{"@type":"PropertyValueSpecification","valueRequired":true,"valueName":"search_term_string"}}],"inLanguage":"es"}]}},"_links":{"self":[{"href":"https:\/\/zahradesertcamp.com\/es\/wp-json\/wp\/v2\/product\/11802","targetHints":{"allow":["GET"]}}],"collection":[{"href":"https:\/\/zahradesertcamp.com\/es\/wp-json\/wp\/v2\/product"}],"about":[{"href":"https:\/\/zahradesertcamp.com\/es\/wp-json\/wp\/v2\/types\/product"}],"replies":[{"embeddable":true,"href":"https:\/\/zahradesertcamp.com\/es\/wp-json\/wp\/v2\/comments?post=11802"}],"wp:featuredmedia":[{"embeddable":true,"href":"https:\/\/zahradesertcamp.com\/es\/wp-json\/wp\/v2\/media\/11673"}],"wp:attachment":[{"href":"https:\/\/zahradesertcamp.com\/es\/wp-json\/wp\/v2\/media?parent=11802"}],"wp:term":[{"taxonomy":"product_brand","embeddable":true,"href":"https:\/\/zahradesertcamp.com\/es\/wp-json\/wp\/v2\/product_brand?post=11802"},{"taxonomy":"product_cat","embeddable":true,"href":"https:\/\/zahradesertcamp.com\/es\/wp-json\/wp\/v2\/product_cat?post=11802"},{"taxonomy":"product_tag","embeddable":true,"href":"https:\/\/zahradesertcamp.com\/es\/wp-json\/wp\/v2\/product_tag?post=11802"}],"curies":[{"name":"wp","href":"https:\/\/api.w.org\/{rel}","templated":true}]}}