{"id":11800,"date":"2025-03-29T17:57:09","date_gmt":"2025-03-29T17:57:09","guid":{"rendered":"http:\/\/zahradesertcamp.com\/product\/fes-airport-%e2%86%94-merzouga-private-transfer\/"},"modified":"2025-04-08T18:35:05","modified_gmt":"2025-04-08T18:35:05","slug":"traslado-privado-aeropuerto-de-fes-%e2%86%94-merzouga","status":"publish","type":"product","link":"https:\/\/zahradesertcamp.com\/es\/producto\/traslado-privado-aeropuerto-de-fes-%e2%86%94-merzouga\/","title":{"rendered":"Traslado Privado Aeropuerto de Fes \u2194 Merzouga"},"content":{"rendered":"<h3 style=\"font-size: 35px;\">Descripci\u00f3n general:<\/h3>\n<p><strong data-start=\"59\" data-end=\"80\">Viaje c\u00f3modamente<\/strong> de <strong data-start=\"84\" data-end=\"91\">Fez<\/strong> a <strong data-start=\"94\" data-end=\"106\" data-is-only-node=\"\">Merzouga<\/strong> con el servicio de <strong data-start=\"126\" data-end=\"146\">traslado privado<\/strong> de <strong data-start=\"150\" data-end=\"171\">Zahra Desert Camp<\/strong>. Nuestro <strong data-start=\"181\" data-end=\"208\">experimentado conductor<\/strong> le garantiza un viaje <strong data-start=\"231\" data-end=\"244\">tranquilo<\/strong>, <strong data-start=\"246\" data-end=\"256\">seguro<\/strong> y <strong data-start=\"259\" data-end=\"269\">c\u00f3modo<\/strong> en un veh\u00edculo moderno con <strong data-start=\"297\" data-end=\"319\">aire acondicionado<\/strong>, permiti\u00e9ndole disfrutar de los <strong data-start=\"352\" data-end=\"390\">impresionantes paisajes marroqu\u00edes<\/strong> mientras se dirige al <strong data-start=\"413\" data-end=\"425\">desierto<\/strong>.<\/p>\n<h3 style=\"font-size: 35px;\">Descripci\u00f3n:<\/h3>\n<p class=\"\" data-start=\"63\" data-end=\"327\"><strong data-start=\"63\" data-end=\"85\">A su llegada a Fez<\/strong>, su <strong data-start=\"90\" data-end=\"110\">amable conductor<\/strong> le recibir\u00e1 y le ayudar\u00e1 con su equipaje. Emb\u00e1rquese en un <strong data-start=\"170\" data-end=\"190\">traslado privado<\/strong> hacia <strong data-start=\"197\" data-end=\"209\" data-is-only-node=\"\">Merzouga<\/strong>, disfrutando de la <strong data-start=\"229\" data-end=\"249\">belleza esc\u00e9nica<\/strong> de la <strong data-start=\"256\" data-end=\"276\">campi\u00f1a marroqu\u00ed<\/strong> y de su <strong data-start=\"285\" data-end=\"308\">accidentado terreno<\/strong> durante el camino.<\/p>\n<p class=\"\" data-start=\"329\" data-end=\"476\"><strong data-start=\"329\" data-end=\"350\">Zahra Desert Camp<\/strong> se compromete a brindarle una <strong data-start=\"381\" data-end=\"405\">experiencia perfecta<\/strong>, garantizando un <strong data-start=\"423\" data-end=\"439\">viaje c\u00f3modo<\/strong> y <strong data-start=\"442\" data-end=\"456\" data-is-only-node=\"\">sin estr\u00e9s<\/strong> de principio a fin.<\/p>\n<h3 style=\"font-size: 35px;\">Caracter\u00edsticas:<\/h3>\n<ul>\n<li><strong>Recogida y regreso directos:<\/strong> Disfrute de un traslado sin complicaciones desde Fez a su alojamiento en Merzouga.<\/li>\n<li><strong>Transporte privado y c\u00f3modo:<\/strong> Viaje en un veh\u00edculo moderno con aire acondicionado, lo que garantiza un viaje relajado y placentero.<\/li>\n<li><strong>Conductores experimentados y profesionales:<\/strong> Conductores locales familiarizados con las mejores rutas para un viaje seguro y eficiente.<\/li>\n<li><strong>Precios transparentes:<\/strong> Precios fijos sin cargos ocultos para su tranquilidad.<\/li>\n<li><strong>Paisajes impresionantes:<\/strong> Disfrute de vistas panor\u00e1micas de la campi\u00f1a marroqu\u00ed, las monta\u00f1as y los paisajes des\u00e9rticos de camino a Merzouga.<\/li>\n<\/ul>\n<h3><\/h3>\n<p>&nbsp;<\/p>\n<p><img fetchpriority=\"high\" decoding=\"async\" class=\"alignnone size-medium wp-image-10129\" src=\"http:\/\/zahradesertcamp.com\/wp-content\/uploads\/2025\/03\/1-1-300x300.png\" alt=\"\" width=\"300\" height=\"300\" srcset=\"https:\/\/zahradesertcamp.com\/wp-content\/uploads\/2025\/03\/1-1-300x300.png 300w, https:\/\/zahradesertcamp.com\/wp-content\/uploads\/2025\/03\/1-1-150x150.png 150w, https:\/\/zahradesertcamp.com\/wp-content\/uploads\/2025\/03\/1-1-768x768.png 768w, https:\/\/zahradesertcamp.com\/wp-content\/uploads\/2025\/03\/1-1-636x636.png 636w, https:\/\/zahradesertcamp.com\/wp-content\/uploads\/2025\/03\/1-1-306x306.png 306w, https:\/\/zahradesertcamp.com\/wp-content\/uploads\/2025\/03\/1-1-600x600.png 600w, https:\/\/zahradesertcamp.com\/wp-content\/uploads\/2025\/03\/1-1-100x100.png 100w, https:\/\/zahradesertcamp.com\/wp-content\/uploads\/2025\/03\/1-1.png 938w\" sizes=\"(max-width: 300px) 100vw, 300px\" \/><img decoding=\"async\" class=\"alignnone size-medium wp-image-10131\" src=\"http:\/\/zahradesertcamp.com\/wp-content\/uploads\/2025\/03\/2-1-300x300.png\" alt=\"\" width=\"300\" height=\"300\" srcset=\"https:\/\/zahradesertcamp.com\/wp-content\/uploads\/2025\/03\/2-1-300x300.png 300w, https:\/\/zahradesertcamp.com\/wp-content\/uploads\/2025\/03\/2-1-150x150.png 150w, https:\/\/zahradesertcamp.com\/wp-content\/uploads\/2025\/03\/2-1-768x768.png 768w, https:\/\/zahradesertcamp.com\/wp-content\/uploads\/2025\/03\/2-1-636x636.png 636w, https:\/\/zahradesertcamp.com\/wp-content\/uploads\/2025\/03\/2-1-306x306.png 306w, https:\/\/zahradesertcamp.com\/wp-content\/uploads\/2025\/03\/2-1-600x600.png 600w, https:\/\/zahradesertcamp.com\/wp-content\/uploads\/2025\/03\/2-1-100x100.png 100w, https:\/\/zahradesertcamp.com\/wp-content\/uploads\/2025\/03\/2-1.png 938w\" sizes=\"(max-width: 300px) 100vw, 300px\" \/><img decoding=\"async\" class=\"alignnone size-medium wp-image-10132\" src=\"http:\/\/zahradesertcamp.com\/wp-content\/uploads\/2025\/03\/3-300x300.png\" alt=\"\" width=\"300\" height=\"300\" srcset=\"https:\/\/zahradesertcamp.com\/wp-content\/uploads\/2025\/03\/3-300x300.png 300w, https:\/\/zahradesertcamp.com\/wp-content\/uploads\/2025\/03\/3-150x150.png 150w, https:\/\/zahradesertcamp.com\/wp-content\/uploads\/2025\/03\/3-768x768.png 768w, https:\/\/zahradesertcamp.com\/wp-content\/uploads\/2025\/03\/3-636x636.png 636w, https:\/\/zahradesertcamp.com\/wp-content\/uploads\/2025\/03\/3-306x306.png 306w, https:\/\/zahradesertcamp.com\/wp-content\/uploads\/2025\/03\/3-600x600.png 600w, https:\/\/zahradesertcamp.com\/wp-content\/uploads\/2025\/03\/3-100x100.png 100w, https:\/\/zahradesertcamp.com\/wp-content\/uploads\/2025\/03\/3.png 938w\" sizes=\"(max-width: 300px) 100vw, 300px\" \/><\/p>\n","protected":false},"excerpt":{"rendered":"<p>Descripci\u00f3n general: Viaje c\u00f3modamente de Fez a Merzouga con el servicio de traslado privado de Zahra Desert Camp. Nuestro experimentado conductor le garantiza un viaje tranquilo, seguro y c\u00f3modo en un veh\u00edculo moderno con aire acondicionado, permiti\u00e9ndole disfrutar de los impresionantes paisajes marroqu\u00edes mientras se dirige al desierto. Descripci\u00f3n: A su llegada a Fez, su [&hellip;]<\/p>\n","protected":false},"featured_media":11677,"comment_status":"open","ping_status":"closed","template":"","meta":[],"product_brand":[],"product_cat":[83],"product_tag":[],"class_list":{"0":"post-11800","1":"product","2":"type-product","3":"status-publish","4":"has-post-thumbnail","6":"product_cat-transfer-es","8":"first","9":"instock","10":"shipping-taxable","11":"product-type-ovabrw_car_rental"},"yoast_head":"<!-- This site is optimized with the Yoast SEO Premium plugin v25.0 (Yoast SEO v25.0) - https:\/\/yoast.com\/wordpress\/plugins\/seo\/ -->\n<title>Traslado Privado Aeropuerto de Fes \u2194 Merzouga - zahradesertcamp<\/title>\n<meta name=\"robots\" content=\"index, follow, max-snippet:-1, max-image-preview:large, max-video-preview:-1\" \/>\n<link rel=\"canonical\" href=\"https:\/\/zahradesertcamp.com\/es\/producto\/traslado-privado-aeropuerto-de-fes-%e2%86%94-merzouga\/\" \/>\n<meta property=\"og:locale\" content=\"es_ES\" \/>\n<meta property=\"og:type\" content=\"article\" \/>\n<meta property=\"og:title\" content=\"Traslado Privado Aeropuerto de Fes \u2194 Merzouga\" \/>\n<meta property=\"og:description\" content=\"Descripci\u00f3n general: Viaje c\u00f3modamente de Fez a Merzouga con el servicio de traslado privado de Zahra Desert Camp. Nuestro experimentado conductor le garantiza un viaje tranquilo, seguro y c\u00f3modo en un veh\u00edculo moderno con aire acondicionado, permiti\u00e9ndole disfrutar de los impresionantes paisajes marroqu\u00edes mientras se dirige al desierto. Descripci\u00f3n: A su llegada a Fez, su [&hellip;]\" \/>\n<meta property=\"og:url\" content=\"https:\/\/zahradesertcamp.com\/es\/producto\/traslado-privado-aeropuerto-de-fes-%e2%86%94-merzouga\/\" \/>\n<meta property=\"og:site_name\" content=\"zahradesertcamp\" \/>\n<meta property=\"article:modified_time\" content=\"2025-04-08T18:35:05+00:00\" \/>\n<meta property=\"og:image\" content=\"https:\/\/zahradesertcamp.com\/wp-content\/uploads\/2025\/03\/2-22.webp\" \/>\n\t<meta property=\"og:image:width\" content=\"2500\" \/>\n\t<meta property=\"og:image:height\" content=\"1406\" \/>\n\t<meta property=\"og:image:type\" content=\"image\/webp\" \/>\n<meta name=\"twitter:card\" content=\"summary_large_image\" \/>\n<meta name=\"twitter:label1\" content=\"Tiempo de lectura\" \/>\n\t<meta name=\"twitter:data1\" content=\"1 minuto\" \/>\n<script type=\"application\/ld+json\" class=\"yoast-schema-graph\">{\"@context\":\"https:\/\/schema.org\",\"@graph\":[{\"@type\":\"WebPage\",\"@id\":\"https:\/\/zahradesertcamp.com\/es\/producto\/traslado-privado-aeropuerto-de-fes-%e2%86%94-merzouga\/\",\"url\":\"https:\/\/zahradesertcamp.com\/es\/producto\/traslado-privado-aeropuerto-de-fes-%e2%86%94-merzouga\/\",\"name\":\"Traslado Privado Aeropuerto de Fes \u2194 Merzouga - zahradesertcamp\",\"isPartOf\":{\"@id\":\"https:\/\/zahradesertcamp.com\/es\/#website\"},\"primaryImageOfPage\":{\"@id\":\"https:\/\/zahradesertcamp.com\/es\/producto\/traslado-privado-aeropuerto-de-fes-%e2%86%94-merzouga\/#primaryimage\"},\"image\":{\"@id\":\"https:\/\/zahradesertcamp.com\/es\/producto\/traslado-privado-aeropuerto-de-fes-%e2%86%94-merzouga\/#primaryimage\"},\"thumbnailUrl\":\"https:\/\/zahradesertcamp.com\/wp-content\/uploads\/2025\/03\/2-22.webp\",\"datePublished\":\"2025-03-29T17:57:09+00:00\",\"dateModified\":\"2025-04-08T18:35:05+00:00\",\"breadcrumb\":{\"@id\":\"https:\/\/zahradesertcamp.com\/es\/producto\/traslado-privado-aeropuerto-de-fes-%e2%86%94-merzouga\/#breadcrumb\"},\"inLanguage\":\"es\",\"potentialAction\":[{\"@type\":\"ReadAction\",\"target\":[\"https:\/\/zahradesertcamp.com\/es\/producto\/traslado-privado-aeropuerto-de-fes-%e2%86%94-merzouga\/\"]}]},{\"@type\":\"ImageObject\",\"inLanguage\":\"es\",\"@id\":\"https:\/\/zahradesertcamp.com\/es\/producto\/traslado-privado-aeropuerto-de-fes-%e2%86%94-merzouga\/#primaryimage\",\"url\":\"https:\/\/zahradesertcamp.com\/wp-content\/uploads\/2025\/03\/2-22.webp\",\"contentUrl\":\"https:\/\/zahradesertcamp.com\/wp-content\/uploads\/2025\/03\/2-22.webp\",\"width\":2500,\"height\":1406},{\"@type\":\"BreadcrumbList\",\"@id\":\"https:\/\/zahradesertcamp.com\/es\/producto\/traslado-privado-aeropuerto-de-fes-%e2%86%94-merzouga\/#breadcrumb\",\"itemListElement\":[{\"@type\":\"ListItem\",\"position\":1,\"name\":\"Home\",\"item\":\"https:\/\/zahradesertcamp.com\/es\/\"},{\"@type\":\"ListItem\",\"position\":2,\"name\":\"Tienda\",\"item\":\"https:\/\/zahradesertcamp.com\/es\/tienda\/\"},{\"@type\":\"ListItem\",\"position\":3,\"name\":\"Traslado Privado Aeropuerto de Fes \u2194 Merzouga\"}]},{\"@type\":\"WebSite\",\"@id\":\"https:\/\/zahradesertcamp.com\/es\/#website\",\"url\":\"https:\/\/zahradesertcamp.com\/es\/\",\"name\":\"zahradesertcamp\",\"description\":\"\",\"potentialAction\":[{\"@type\":\"SearchAction\",\"target\":{\"@type\":\"EntryPoint\",\"urlTemplate\":\"https:\/\/zahradesertcamp.com\/es\/?s={search_term_string}\"},\"query-input\":{\"@type\":\"PropertyValueSpecification\",\"valueRequired\":true,\"valueName\":\"search_term_string\"}}],\"inLanguage\":\"es\"}]}<\/script>\n<!-- \/ Yoast SEO Premium plugin. -->","yoast_head_json":{"title":"Traslado Privado Aeropuerto de Fes \u2194 Merzouga - zahradesertcamp","robots":{"index":"index","follow":"follow","max-snippet":"max-snippet:-1","max-image-preview":"max-image-preview:large","max-video-preview":"max-video-preview:-1"},"canonical":"https:\/\/zahradesertcamp.com\/es\/producto\/traslado-privado-aeropuerto-de-fes-%e2%86%94-merzouga\/","og_locale":"es_ES","og_type":"article","og_title":"Traslado Privado Aeropuerto de Fes \u2194 Merzouga","og_description":"Descripci\u00f3n general: Viaje c\u00f3modamente de Fez a Merzouga con el servicio de traslado privado de Zahra Desert Camp. Nuestro experimentado conductor le garantiza un viaje tranquilo, seguro y c\u00f3modo en un veh\u00edculo moderno con aire acondicionado, permiti\u00e9ndole disfrutar de los impresionantes paisajes marroqu\u00edes mientras se dirige al desierto. Descripci\u00f3n: A su llegada a Fez, su [&hellip;]","og_url":"https:\/\/zahradesertcamp.com\/es\/producto\/traslado-privado-aeropuerto-de-fes-%e2%86%94-merzouga\/","og_site_name":"zahradesertcamp","article_modified_time":"2025-04-08T18:35:05+00:00","og_image":[{"width":2500,"height":1406,"url":"https:\/\/zahradesertcamp.com\/wp-content\/uploads\/2025\/03\/2-22.webp","type":"image\/webp"}],"twitter_card":"summary_large_image","twitter_misc":{"Tiempo de lectura":"1 minuto"},"schema":{"@context":"https:\/\/schema.org","@graph":[{"@type":"WebPage","@id":"https:\/\/zahradesertcamp.com\/es\/producto\/traslado-privado-aeropuerto-de-fes-%e2%86%94-merzouga\/","url":"https:\/\/zahradesertcamp.com\/es\/producto\/traslado-privado-aeropuerto-de-fes-%e2%86%94-merzouga\/","name":"Traslado Privado Aeropuerto de Fes \u2194 Merzouga - zahradesertcamp","isPartOf":{"@id":"https:\/\/zahradesertcamp.com\/es\/#website"},"primaryImageOfPage":{"@id":"https:\/\/zahradesertcamp.com\/es\/producto\/traslado-privado-aeropuerto-de-fes-%e2%86%94-merzouga\/#primaryimage"},"image":{"@id":"https:\/\/zahradesertcamp.com\/es\/producto\/traslado-privado-aeropuerto-de-fes-%e2%86%94-merzouga\/#primaryimage"},"thumbnailUrl":"https:\/\/zahradesertcamp.com\/wp-content\/uploads\/2025\/03\/2-22.webp","datePublished":"2025-03-29T17:57:09+00:00","dateModified":"2025-04-08T18:35:05+00:00","breadcrumb":{"@id":"https:\/\/zahradesertcamp.com\/es\/producto\/traslado-privado-aeropuerto-de-fes-%e2%86%94-merzouga\/#breadcrumb"},"inLanguage":"es","potentialAction":[{"@type":"ReadAction","target":["https:\/\/zahradesertcamp.com\/es\/producto\/traslado-privado-aeropuerto-de-fes-%e2%86%94-merzouga\/"]}]},{"@type":"ImageObject","inLanguage":"es","@id":"https:\/\/zahradesertcamp.com\/es\/producto\/traslado-privado-aeropuerto-de-fes-%e2%86%94-merzouga\/#primaryimage","url":"https:\/\/zahradesertcamp.com\/wp-content\/uploads\/2025\/03\/2-22.webp","contentUrl":"https:\/\/zahradesertcamp.com\/wp-content\/uploads\/2025\/03\/2-22.webp","width":2500,"height":1406},{"@type":"BreadcrumbList","@id":"https:\/\/zahradesertcamp.com\/es\/producto\/traslado-privado-aeropuerto-de-fes-%e2%86%94-merzouga\/#breadcrumb","itemListElement":[{"@type":"ListItem","position":1,"name":"Home","item":"https:\/\/zahradesertcamp.com\/es\/"},{"@type":"ListItem","position":2,"name":"Tienda","item":"https:\/\/zahradesertcamp.com\/es\/tienda\/"},{"@type":"ListItem","position":3,"name":"Traslado Privado Aeropuerto de Fes \u2194 Merzouga"}]},{"@type":"WebSite","@id":"https:\/\/zahradesertcamp.com\/es\/#website","url":"https:\/\/zahradesertcamp.com\/es\/","name":"zahradesertcamp","description":"","potentialAction":[{"@type":"SearchAction","target":{"@type":"EntryPoint","urlTemplate":"https:\/\/zahradesertcamp.com\/es\/?s={search_term_string}"},"query-input":{"@type":"PropertyValueSpecification","valueRequired":true,"valueName":"search_term_string"}}],"inLanguage":"es"}]}},"_links":{"self":[{"href":"https:\/\/zahradesertcamp.com\/es\/wp-json\/wp\/v2\/product\/11800","targetHints":{"allow":["GET"]}}],"collection":[{"href":"https:\/\/zahradesertcamp.com\/es\/wp-json\/wp\/v2\/product"}],"about":[{"href":"https:\/\/zahradesertcamp.com\/es\/wp-json\/wp\/v2\/types\/product"}],"replies":[{"embeddable":true,"href":"https:\/\/zahradesertcamp.com\/es\/wp-json\/wp\/v2\/comments?post=11800"}],"wp:featuredmedia":[{"embeddable":true,"href":"https:\/\/zahradesertcamp.com\/es\/wp-json\/wp\/v2\/media\/11677"}],"wp:attachment":[{"href":"https:\/\/zahradesertcamp.com\/es\/wp-json\/wp\/v2\/media?parent=11800"}],"wp:term":[{"taxonomy":"product_brand","embeddable":true,"href":"https:\/\/zahradesertcamp.com\/es\/wp-json\/wp\/v2\/product_brand?post=11800"},{"taxonomy":"product_cat","embeddable":true,"href":"https:\/\/zahradesertcamp.com\/es\/wp-json\/wp\/v2\/product_cat?post=11800"},{"taxonomy":"product_tag","embeddable":true,"href":"https:\/\/zahradesertcamp.com\/es\/wp-json\/wp\/v2\/product_tag?post=11800"}],"curies":[{"name":"wp","href":"https:\/\/api.w.org\/{rel}","templated":true}]}}