{"id":11855,"date":"2022-06-30T10:33:31","date_gmt":"2022-06-30T10:33:31","guid":{"rendered":"http:\/\/zahradesertcamp.com\/contact\/"},"modified":"2025-04-09T12:02:47","modified_gmt":"2025-04-09T12:02:47","slug":"contactanos","status":"publish","type":"page","link":"https:\/\/zahradesertcamp.com\/es\/contactanos\/","title":{"rendered":"Cont\u00e1ctanos"},"content":{"rendered":"\t\t<div data-elementor-type=\"wp-page\" data-elementor-id=\"11855\" class=\"elementor elementor-11855 elementor-46\" data-elementor-post-type=\"page\">\n\t\t\t\t\t\t<section class=\"elementor-section elementor-top-section elementor-element elementor-element-79f6315 elementor-section-full_width elementor-section-height-default elementor-section-height-default\" data-id=\"79f6315\" data-element_type=\"section\">\n\t\t\t\t\t\t<div class=\"elementor-container elementor-column-gap-no\">\n\t\t\t\t\t<div class=\"elementor-column elementor-col-100 elementor-top-column elementor-element elementor-element-4247e12\" data-id=\"4247e12\" data-element_type=\"column\">\n\t\t\t<div class=\"elementor-widget-wrap elementor-element-populated\">\n\t\t\t\t\t\t<div class=\"elementor-element elementor-element-fc6a3ed elementor-widget elementor-widget-google_maps\" data-id=\"fc6a3ed\" data-element_type=\"widget\" data-widget_type=\"google_maps.default\">\n\t\t\t\t<div class=\"elementor-widget-container\">\n\t\t\t\t\t\t\t<div class=\"elementor-custom-embed\">\n\t\t\t<iframe loading=\"lazy\"\n\t\t\t\t\tsrc=\"https:\/\/maps.google.com\/maps?q=zahra%20desert%20camp%2CErg%20Chebbi%2C%20Merzouga%2052202&#038;t=m&#038;z=11&#038;output=embed&#038;iwloc=near\"\n\t\t\t\t\ttitle=\"zahra desert camp,Erg Chebbi, Merzouga 52202\"\n\t\t\t\t\taria-label=\"zahra desert camp,Erg Chebbi, Merzouga 52202\"\n\t\t\t><\/iframe>\n\t\t<\/div>\n\t\t\t\t\t\t<\/div>\n\t\t\t\t<\/div>\n\t\t\t\t\t<\/div>\n\t\t<\/div>\n\t\t\t\t\t<\/div>\n\t\t<\/section>\n\t\t\t\t<section class=\"elementor-section elementor-top-section elementor-element elementor-element-d0f13c1 elementor-section-boxed elementor-section-height-default elementor-section-height-default\" data-id=\"d0f13c1\" data-element_type=\"section\" data-settings=\"{&quot;background_background&quot;:&quot;classic&quot;}\">\n\t\t\t\t\t\t<div class=\"elementor-container elementor-column-gap-no\">\n\t\t\t\t\t<div class=\"elementor-column elementor-col-100 elementor-top-column elementor-element elementor-element-cf7269d\" data-id=\"cf7269d\" data-element_type=\"column\" data-settings=\"{&quot;background_background&quot;:&quot;classic&quot;}\">\n\t\t\t<div class=\"elementor-widget-wrap elementor-element-populated\">\n\t\t\t\t\t\t<div class=\"elementor-element elementor-element-4575e71 elementor-widget elementor-widget-tripgo_elementor_heading\" data-id=\"4575e71\" data-element_type=\"widget\" data-widget_type=\"tripgo_elementor_heading.default\">\n\t\t\t\t<div class=\"elementor-widget-container\">\n\t\t\t\t\t\t\t<div class=\"ova-title\">\n\n\t\t\t\t\t\t\t<h3 class=\"sub-title\">Cont\u00e1ctanos<\/h3>\n\t\t\t\n\t\t\t\t\t\t\t\n\t\t\t\t\t<h2 class=\"title\">Ponte en Contacto con Nosotros<\/h2>\n\t\t\t\t\t\t\t\n\t\t\t\t\t\t\t<p class=\"description\">No dude en contactarnos en cualquier momento para recibir asistencia o realizar preguntas.\n<\/p>\n\t\t\t\n\t\t<\/div> \n\t\t \t\n\t\t\t\t\t\t<\/div>\n\t\t\t\t<\/div>\n\t\t\t\t<section class=\"elementor-section elementor-inner-section elementor-element elementor-element-6284eb0 elementor-section-boxed elementor-section-height-default elementor-section-height-default\" data-id=\"6284eb0\" data-element_type=\"section\">\n\t\t\t\t\t\t<div class=\"elementor-container elementor-column-gap-no\">\n\t\t\t\t\t<div class=\"elementor-column elementor-col-33 elementor-inner-column elementor-element elementor-element-83b72d9\" data-id=\"83b72d9\" data-element_type=\"column\">\n\t\t\t<div class=\"elementor-widget-wrap elementor-element-populated\">\n\t\t\t\t\t\t<div class=\"elementor-element elementor-element-3ca8648 elementor-widget elementor-widget-tripgo_elementor_contact_info\" data-id=\"3ca8648\" data-element_type=\"widget\" data-widget_type=\"tripgo_elementor_contact_info.default\">\n\t\t\t\t<div class=\"elementor-widget-container\">\n\t\t\t\t\t\t\t\t<div class=\"ova-contact-info\">\n\t\t\t\t\n\t\t\t\t\t\t\t\t\t<div class=\"icon\">\n\t\t\t\t\t\t<i aria-hidden=\"true\" class=\"icomoon icomoon-location\"><\/i>\t\t\t\t\t<\/div>\t\n\t\t\t\t\t\t\t\t\n\n\t\t\t\t<div class=\"contact\">\n\t\t\t\t\t\n\t\t\t\t\t\t\t\t\t\t\t<div class=\"label\">\n\t\t\t\t\t\t\t Ubicaci\u00f3n\t\t\t\t\t\t<\/div>\n\t\t\t\t\t\n\t\t\t\t\t<ul class=\"info\">\n\t\t\t\t\t\t\n\t\t\t\t\t\t\t\t<li class=\"item\">\n\n\t\t\t\t\t\t\t\t\t\t\t\t\t\t\t\t\t\t\t\t\tErg Chebbi, Merzouga 52202\t\t\t\t\t\t\t\t\t\t\t\t\t\t\t\t\t\t\t<\/li>\n\t\t\t\t\t\t\t\n\t\t\t\t\t\t\t\t\t\t\t<\/ul>\n\n\t\t\t\t<\/div>\n\n\t\t\t<\/div>\n\n\t\t\t\t\t\t<\/div>\n\t\t\t\t<\/div>\n\t\t\t\t<div class=\"elementor-element elementor-element-67667d1 elementor-widget elementor-widget-tripgo_elementor_contact_info\" data-id=\"67667d1\" data-element_type=\"widget\" data-widget_type=\"tripgo_elementor_contact_info.default\">\n\t\t\t\t<div class=\"elementor-widget-container\">\n\t\t\t\t\t\t\t\t<div class=\"ova-contact-info\">\n\t\t\t\t\n\t\t\t\t\t\t\t\t\t<div class=\"icon\">\n\t\t\t\t\t\t<i aria-hidden=\"true\" class=\"icomoon icomoon-call\"><\/i>\t\t\t\t\t<\/div>\t\n\t\t\t\t\t\t\t\t\n\n\t\t\t\t<div class=\"contact\">\n\t\t\t\t\t\n\t\t\t\t\t\t\t\t\t\t\t<div class=\"label\">\n\t\t\t\t\t\t\t N\u00famero de tel\u00e9fono\t\t\t\t\t\t<\/div>\n\t\t\t\t\t\n\t\t\t\t\t<ul class=\"info\">\n\t\t\t\t\t\t\n\t\t\t\t\t\t\t\t<li class=\"item\">\n\n\t\t\t\t\t\t\t\t\t\t\t\t\t\t\t\t\t\t\t\t\t<a href=\"tel:+212 635-255225 \">\n\t\t\t\t\t\t\t\t\t\t\t\t\t+212 635-255225\t\t\t\t\t\t\t\t\t\t\t\t<\/a>\n\t\t\t\t\t\t\t\t\t\t\t\t\t\t\t\t\t\t\t<\/li>\n\t\t\t\t\t\t\t\n\t\t\t\t\t\t\t\t\t\t\t<\/ul>\n\n\t\t\t\t<\/div>\n\n\t\t\t<\/div>\n\n\t\t\t\t\t\t<\/div>\n\t\t\t\t<\/div>\n\t\t\t\t<div class=\"elementor-element elementor-element-16aeb1f elementor-widget elementor-widget-tripgo_elementor_contact_info\" data-id=\"16aeb1f\" data-element_type=\"widget\" data-widget_type=\"tripgo_elementor_contact_info.default\">\n\t\t\t\t<div class=\"elementor-widget-container\">\n\t\t\t\t\t\t\t\t<div class=\"ova-contact-info\">\n\t\t\t\t\n\t\t\t\t\t\t\t\t\t<div class=\"icon\">\n\t\t\t\t\t\t<i aria-hidden=\"true\" class=\"icomoon icomoon-envelope\"><\/i>\t\t\t\t\t<\/div>\t\n\t\t\t\t\t\t\t\t\n\n\t\t\t\t<div class=\"contact\">\n\t\t\t\t\t\n\t\t\t\t\t\t\t\t\t\t\t<div class=\"label\">\n\t\t\t\t\t\t\tCorreo electr\u00f3nico\t\t\t\t\t\t<\/div>\n\t\t\t\t\t\n\t\t\t\t\t<ul class=\"info\">\n\t\t\t\t\t\t\n\t\t\t\t\t\t\t\t<li class=\"item\">\n\n\t\t\t\t\t\t\t\t\t\t\t\t\t\t\t\t\t\t\t\t\t<a href=\"mailto:zahraluxurydesertcamp@gmail.com \">\n\t\t\t\t\t\t\t\t\t\t\t\t\tzahraluxurydesertcamp@gmail.com\t\t\t\t\t\t\t\t\t\t\t\t<\/a>\n\t\t\t\t\t\t\t\t\t\t\t\t\t\t\t\t\t\t\t<\/li>\n\t\t\t\t\t\t\t\n\t\t\t\t\t\t\t\t\t\t\t<\/ul>\n\n\t\t\t\t<\/div>\n\n\t\t\t<\/div>\n\n\t\t\t\t\t\t<\/div>\n\t\t\t\t<\/div>\n\t\t\t\t\t<\/div>\n\t\t<\/div>\n\t\t\t\t<div class=\"elementor-column elementor-col-66 elementor-inner-column elementor-element elementor-element-2b134d9\" data-id=\"2b134d9\" data-element_type=\"column\">\n\t\t\t<div class=\"elementor-widget-wrap elementor-element-populated\">\n\t\t\t\t\t\t<div class=\"elementor-element elementor-element-5a04b7a elementor-widget elementor-widget-tripgo_elementor_heading\" data-id=\"5a04b7a\" data-element_type=\"widget\" data-widget_type=\"tripgo_elementor_heading.default\">\n\t\t\t\t<div class=\"elementor-widget-container\">\n\t\t\t\t\t\t\t<div class=\"ova-title\">\n\n\t\t\t\n\t\t\t\t\t\t\t\n\t\t\t\t\t<h4 class=\"title\">Deja una Respuesta\n<\/h4>\n\t\t\t\t\t\t\t\n\t\t\t\t\t\t\t<p class=\"description\">Su direcci\u00f3n de correo electr\u00f3nico no ser\u00e1 publicada. Los campos obligatorios est\u00e1n marcados con *\n<\/p>\n\t\t\t\n\t\t<\/div> \n\t\t \t\n\t\t\t\t\t\t<\/div>\n\t\t\t\t<\/div>\n\t\t\t\t<div class=\"elementor-element elementor-element-6d829f5 elementor-widget elementor-widget-shortcode\" data-id=\"6d829f5\" data-element_type=\"widget\" data-widget_type=\"shortcode.default\">\n\t\t\t\t<div class=\"elementor-widget-container\">\n\t\t\t\t\t\t\t<div class=\"elementor-shortcode\"><p class=\"wpcf7-contact-form-not-found\"><strong>Error:<\/strong> Formulario de contacto no encontrado.<\/p><\/div>\n\t\t\t\t\t\t<\/div>\n\t\t\t\t<\/div>\n\t\t\t\t\t<\/div>\n\t\t<\/div>\n\t\t\t\t\t<\/div>\n\t\t<\/section>\n\t\t\t\t\t<\/div>\n\t\t<\/div>\n\t\t\t\t\t<\/div>\n\t\t<\/section>\n\t\t\t\t<\/div>\n\t\t","protected":false},"excerpt":{"rendered":"<p>Cont\u00e1ctanos Ponte en Contacto con Nosotros No dude en contactarnos en cualquier momento para recibir asistencia o realizar preguntas. Ubicaci\u00f3n Erg Chebbi, Merzouga 52202 N\u00famero de tel\u00e9fono +212 635-255225 Correo electr\u00f3nico zahraluxurydesertcamp@gmail.com Deja una Respuesta Su direcci\u00f3n de correo electr\u00f3nico no ser\u00e1 publicada. Los campos obligatorios est\u00e1n marcados con *<\/p>\n","protected":false},"author":1,"featured_media":0,"parent":0,"menu_order":0,"comment_status":"closed","ping_status":"closed","template":"elementor_header_footer","meta":{"footnotes":""},"class_list":["post-11855","page","type-page","status-publish","hentry"],"yoast_head":"<!-- This site is optimized with the Yoast SEO Premium plugin v25.0 (Yoast SEO v25.0) - https:\/\/yoast.com\/wordpress\/plugins\/seo\/ -->\n<title>Cont\u00e1ctanos - zahradesertcamp<\/title>\n<meta name=\"robots\" content=\"index, follow, max-snippet:-1, max-image-preview:large, max-video-preview:-1\" \/>\n<link rel=\"canonical\" href=\"https:\/\/zahradesertcamp.com\/es\/contactanos\/\" \/>\n<meta property=\"og:locale\" content=\"es_ES\" \/>\n<meta property=\"og:type\" content=\"article\" \/>\n<meta property=\"og:title\" content=\"Cont\u00e1ctanos\" \/>\n<meta property=\"og:description\" content=\"Cont\u00e1ctanos Ponte en Contacto con Nosotros No dude en contactarnos en cualquier momento para recibir asistencia o realizar preguntas. Ubicaci\u00f3n Erg Chebbi, Merzouga 52202 N\u00famero de tel\u00e9fono +212 635-255225 Correo electr\u00f3nico zahraluxurydesertcamp@gmail.com Deja una Respuesta Su direcci\u00f3n de correo electr\u00f3nico no ser\u00e1 publicada. Los campos obligatorios est\u00e1n marcados con *\" \/>\n<meta property=\"og:url\" content=\"https:\/\/zahradesertcamp.com\/es\/contactanos\/\" \/>\n<meta property=\"og:site_name\" content=\"zahradesertcamp\" \/>\n<meta property=\"article:modified_time\" content=\"2025-04-09T12:02:47+00:00\" \/>\n<meta name=\"twitter:card\" content=\"summary_large_image\" \/>\n<script type=\"application\/ld+json\" class=\"yoast-schema-graph\">{\"@context\":\"https:\/\/schema.org\",\"@graph\":[{\"@type\":\"WebPage\",\"@id\":\"https:\/\/zahradesertcamp.com\/es\/contactanos\/\",\"url\":\"https:\/\/zahradesertcamp.com\/es\/contactanos\/\",\"name\":\"Cont\u00e1ctanos - zahradesertcamp\",\"isPartOf\":{\"@id\":\"https:\/\/zahradesertcamp.com\/es\/#website\"},\"datePublished\":\"2022-06-30T10:33:31+00:00\",\"dateModified\":\"2025-04-09T12:02:47+00:00\",\"breadcrumb\":{\"@id\":\"https:\/\/zahradesertcamp.com\/es\/contactanos\/#breadcrumb\"},\"inLanguage\":\"es\",\"potentialAction\":[{\"@type\":\"ReadAction\",\"target\":[\"https:\/\/zahradesertcamp.com\/es\/contactanos\/\"]}]},{\"@type\":\"BreadcrumbList\",\"@id\":\"https:\/\/zahradesertcamp.com\/es\/contactanos\/#breadcrumb\",\"itemListElement\":[{\"@type\":\"ListItem\",\"position\":1,\"name\":\"Home\",\"item\":\"https:\/\/zahradesertcamp.com\/es\/\"},{\"@type\":\"ListItem\",\"position\":2,\"name\":\"Cont\u00e1ctanos\"}]},{\"@type\":\"WebSite\",\"@id\":\"https:\/\/zahradesertcamp.com\/es\/#website\",\"url\":\"https:\/\/zahradesertcamp.com\/es\/\",\"name\":\"zahradesertcamp\",\"description\":\"\",\"potentialAction\":[{\"@type\":\"SearchAction\",\"target\":{\"@type\":\"EntryPoint\",\"urlTemplate\":\"https:\/\/zahradesertcamp.com\/es\/?s={search_term_string}\"},\"query-input\":{\"@type\":\"PropertyValueSpecification\",\"valueRequired\":true,\"valueName\":\"search_term_string\"}}],\"inLanguage\":\"es\"}]}<\/script>\n<!-- \/ Yoast SEO Premium plugin. -->","yoast_head_json":{"title":"Cont\u00e1ctanos - zahradesertcamp","robots":{"index":"index","follow":"follow","max-snippet":"max-snippet:-1","max-image-preview":"max-image-preview:large","max-video-preview":"max-video-preview:-1"},"canonical":"https:\/\/zahradesertcamp.com\/es\/contactanos\/","og_locale":"es_ES","og_type":"article","og_title":"Cont\u00e1ctanos","og_description":"Cont\u00e1ctanos Ponte en Contacto con Nosotros No dude en contactarnos en cualquier momento para recibir asistencia o realizar preguntas. Ubicaci\u00f3n Erg Chebbi, Merzouga 52202 N\u00famero de tel\u00e9fono +212 635-255225 Correo electr\u00f3nico zahraluxurydesertcamp@gmail.com Deja una Respuesta Su direcci\u00f3n de correo electr\u00f3nico no ser\u00e1 publicada. Los campos obligatorios est\u00e1n marcados con *","og_url":"https:\/\/zahradesertcamp.com\/es\/contactanos\/","og_site_name":"zahradesertcamp","article_modified_time":"2025-04-09T12:02:47+00:00","twitter_card":"summary_large_image","schema":{"@context":"https:\/\/schema.org","@graph":[{"@type":"WebPage","@id":"https:\/\/zahradesertcamp.com\/es\/contactanos\/","url":"https:\/\/zahradesertcamp.com\/es\/contactanos\/","name":"Cont\u00e1ctanos - zahradesertcamp","isPartOf":{"@id":"https:\/\/zahradesertcamp.com\/es\/#website"},"datePublished":"2022-06-30T10:33:31+00:00","dateModified":"2025-04-09T12:02:47+00:00","breadcrumb":{"@id":"https:\/\/zahradesertcamp.com\/es\/contactanos\/#breadcrumb"},"inLanguage":"es","potentialAction":[{"@type":"ReadAction","target":["https:\/\/zahradesertcamp.com\/es\/contactanos\/"]}]},{"@type":"BreadcrumbList","@id":"https:\/\/zahradesertcamp.com\/es\/contactanos\/#breadcrumb","itemListElement":[{"@type":"ListItem","position":1,"name":"Home","item":"https:\/\/zahradesertcamp.com\/es\/"},{"@type":"ListItem","position":2,"name":"Cont\u00e1ctanos"}]},{"@type":"WebSite","@id":"https:\/\/zahradesertcamp.com\/es\/#website","url":"https:\/\/zahradesertcamp.com\/es\/","name":"zahradesertcamp","description":"","potentialAction":[{"@type":"SearchAction","target":{"@type":"EntryPoint","urlTemplate":"https:\/\/zahradesertcamp.com\/es\/?s={search_term_string}"},"query-input":{"@type":"PropertyValueSpecification","valueRequired":true,"valueName":"search_term_string"}}],"inLanguage":"es"}]}},"_links":{"self":[{"href":"https:\/\/zahradesertcamp.com\/es\/wp-json\/wp\/v2\/pages\/11855","targetHints":{"allow":["GET"]}}],"collection":[{"href":"https:\/\/zahradesertcamp.com\/es\/wp-json\/wp\/v2\/pages"}],"about":[{"href":"https:\/\/zahradesertcamp.com\/es\/wp-json\/wp\/v2\/types\/page"}],"author":[{"embeddable":true,"href":"https:\/\/zahradesertcamp.com\/es\/wp-json\/wp\/v2\/users\/1"}],"replies":[{"embeddable":true,"href":"https:\/\/zahradesertcamp.com\/es\/wp-json\/wp\/v2\/comments?post=11855"}],"version-history":[{"count":7,"href":"https:\/\/zahradesertcamp.com\/es\/wp-json\/wp\/v2\/pages\/11855\/revisions"}],"predecessor-version":[{"id":11868,"href":"https:\/\/zahradesertcamp.com\/es\/wp-json\/wp\/v2\/pages\/11855\/revisions\/11868"}],"wp:attachment":[{"href":"https:\/\/zahradesertcamp.com\/es\/wp-json\/wp\/v2\/media?parent=11855"}],"curies":[{"name":"wp","href":"https:\/\/api.w.org\/{rel}","templated":true}]}}